{"id":59,"date":"2020-04-21T16:07:35","date_gmt":"2020-04-21T16:07:35","guid":{"rendered":"https:\/\/autoplasex.com\/?page_id=59"},"modified":"2023-01-10T16:38:33","modified_gmt":"2023-01-10T16:38:33","slug":"condiciones-de-compra","status":"publish","type":"page","link":"https:\/\/autoplasex.com\/en\/condiciones-de-compra\/","title":{"rendered":"A. Condiciones de compra"},"content":{"rendered":"<p>En esta web se detallan los servicios ofrecidos por Manuel Jes\u00fas S\u00e1nchez Flores, en adelante referido como &#8220;Autoplasex&#8221;. Su uso implica la aceptaci\u00f3n de las siguientes condiciones, declinando realizar cualquier reclamaci\u00f3n sobre las mismas.&nbsp;<\/p>\n\n\n\n<p>Este sitio web contiene textos elaborados con fines meramente informativos o divulgativos, que pueden no reflejar el estado actual de la legislaci\u00f3n o la jurisprudencia, y que se refieren a situaciones generales, por lo que su contenido no debe ser aplicado necesariamente por el Usuario a casos concretos.<\/p>\n\n\n\n<p>a) El uso de esta web est\u00e1 dirigido a personas mayores de edad. Los menores de esta edad no est\u00e1n autorizados a utilizar esta web.<\/p>\n\n\n\n<p>b) Autoplasex podr\u00e1 modificar el contenido de la web, sus servicios y productos, tarifas, garant\u00edas, etc., en cualquier momento y sin previo aviso.<\/p>\n\n\n\n<p>c) Autoplasex puede poner a disposici\u00f3n del usuario enlaces u otros elementos que permiten el acceso hacia otros sitios web pertenecientes a terceros.&nbsp;<\/p>\n\n\n\n<p>No comercializamos los productos y servicios de dichas p\u00e1ginas enlazadas, ni asumimos ning\u00fan tipo de responsabilidad sobre las mismas, ni sobre la informaci\u00f3n contenida en ellas, ni su veracidad o licitud, ni de cualesquiera efectos que pudieran derivarse.&nbsp;<\/p>\n\n\n\n<p>En todo caso, Autoplasex manifiesta que proceder\u00e1 a la retirada inmediata de cualquier contenido que pudiera contravenir la legislaci\u00f3n nacional o internacional, la moral o el orden p\u00fablico, procediendo a la retirada inmediata de la redirecci\u00f3n a dicho sitio web, poniendo en conocimiento de las autoridades competentes el contenido en cuesti\u00f3n.<\/p>\n\n\n\n<p>d) Los precios indicados en la web, de haberlos, ser\u00e1n v\u00e1lidos salvo error tipogr\u00e1fico, y susceptibles de cambios sin previo aviso.<\/p>\n\n\n\n<p>e) No es necesario registrarse en la web, ni facilitar ning\u00fan tipo de dato personal, para navegar por la misma.<\/p>\n\n\n\n<p>f) Autoplasex no puede garantizar el funcionamiento ininterrumpido o totalmente libre de errores de esta web.&nbsp;<\/p>\n\n\n\n<p>Por tanto, no nos hacemos responsables de ning\u00fan da\u00f1o causado por el uso de este sitio.<\/p>\n\n\n\n<p>g) Autoplasex ofrece sus servicios y productos de manera indefinida, pudiendo, no obstante, suspender la prestaci\u00f3n de los mismos, unilateralmente y sin previo aviso.<\/p>\n\n\n\n<p>h) Autoplasex no se har\u00e1 responsable de los da\u00f1os y perjuicios, propios o a terceros, producidos por un mal uso de esta web por parte del Usuario.<\/p>\n\n\n\n<p>i) El Usuario se compromete a no utilizar esta web ni los servicios ofrecidos en ella para la realizaci\u00f3n de actividades contrarias a la ley, al orden p\u00fablico o a estas condiciones.&nbsp;<\/p>\n\n\n\n<p>El Usuario que act\u00fae contra la imagen, buen nombre o reputaci\u00f3n de Autoplasex, as\u00ed como quien utilice il\u00edcita o fraudulentamente los dise\u00f1os, logos o contenidos de la web y\/o atente en cualquier forma contra los derechos de propiedad intelectual e industrial de la web o de los contenidos y servicios de la misma, ser\u00e1 responsable frente a Autoplasex de su actuaci\u00f3n.<\/p>\n\n\n\n<p>j) Autoplasex no se responsabiliza de los virus que tengan su origen en una transmisi\u00f3n telem\u00e1tica infiltrados por terceros generados con la finalidad de obtener resultados negativos para un sistema inform\u00e1tico.<\/p>\n\n\n\n<p>k) Autoplasex no se hace responsable de la informaci\u00f3n y contenidos almacenados, a t\u00edtulo enunciativo pero no limitativo, en foros, chat\u00b4s, generadores de blogs, comentarios, redes sociales o cualesquiera otro medio que permita a terceros publicar contenidos.&nbsp;<\/p>\n\n\n\n<p>No obstante y en cumplimiento de lo dispuesto en el art. 11 y 16 de la LSSI-CE, Autoplasex se pone a disposici\u00f3n de todos los usuarios, autoridades y fuerzas de seguridad, y colaborando de forma activa en la retirada o en su caso bloqueo de todos aquellos contenidos que pudieran afectar o contravenir la legislaci\u00f3n nacional, o internacional, derechos de terceros o la moral y el orden p\u00fablico.&nbsp;<\/p>\n\n\n\n<p>En caso de que el Usuario considere que existe en el sitio web alg\u00fan contenido que pudiera ser susceptible de esta clasificaci\u00f3n, se ruega lo notifique de forma inmediata al administrador del sitio web.<\/p>\n\n\n\n<p>l) Este sitio web ha sido revisado y probado para que funcione correctamente. En principio, puede garantizarse el correcto funcionamiento los 365 d\u00edas del a\u00f1o, 24 horas al d\u00eda. No obstante, Autoplasex no descarta la posibilidad de que existan ciertos errores de programaci\u00f3n, o que acontezcan causas de fuerza mayor, cat\u00e1strofes naturales, huelgas, o circunstancias semejantes que hagan imposible el acceso temporal a la p\u00e1gina web.<\/p>\n\n\n\n<p>m) El contenido de los art\u00edculos publicados en este sitio web no puede ser considerado, en ning\u00fan caso, sustitutivo de asesoramiento legal. Si fuera el caso, el Usuario no debe actuar sobre la base de la informaci\u00f3n contenida en este sitio web sin recurrir previamente al correspondiente asesoramiento profesional.<\/p>\n\n\n\n<p>n) Autoplasexser reserva el derecho a denegar o retirar el acceso a la web y\/o los servicios ofrecidos sin necesidad de advertencia previa, a instancia propia o de un tercero, a aquellos Usuarios que incumplan nuestras Condiciones de Uso.<\/p>\n\n\n\n<hr class=\"wp-block-separator has-css-opacity\"\/>\n\n\n\n<p>1) Condiciones legales para la compra en Autoplasex<\/p>\n\n\n\n<p>Las presentes Condiciones legales de compra, regulan el uso de la tienda online <a href=\"https:\/\/docs.google.com\/document\/d\/1-6qcX0oU-6__c99nNeqwVyoGYdBSy1UJVSdCaRGc5Fk\/edit#\" target=\"_blank\" rel=\"noopener\">www.autoplasex.com<\/a>, de la que es responsable legal Manuel Jes\u00fas S\u00e1nchez Flores, en adelante, Autoplasex.&nbsp;<\/p>\n\n\n\n<p>Estas Condiciones ser\u00e1n aceptadas por las partes sin reservas, y podr\u00e1n ser modificadas en cualquier momento y sin previo aviso, por lo que ser\u00e1 responsabilidad del Usuario leerlas cada vez que realice una compra, ya que, las condiciones vigentes en el momento de celebraci\u00f3n del contrato, ser\u00e1n las que le resulten aplicables.<\/p>\n\n\n\n<p>2) Normativa aplicable<\/p>\n\n\n\n<p>El presente contrato electr\u00f3nico se celebra bajo la normativa Espa\u00f1ola y en concreto bajo el r\u00e9gimen legal impuesto por la Ley 34\/2002 de Servicios de la Sociedad de la Informaci\u00f3n y el Comercio Electr\u00f3nico (LSSICE) y la Ley General 03\/2014 para la Defensa de los Consumidores y Usuarios (LGDCU).<\/p>\n\n\n\n<p>El contrato electr\u00f3nico no ser\u00e1 archivado por un tercero y el idioma para su conclusi\u00f3n es el castellano. Las presentes condiciones generales podr\u00e1n ser guardadas y reproducidas en cualquier momento por el usuario que realice una compra mediante las opciones de su navegador de internet, y deben ser aceptadas antes de proceder al pago de la compra.<\/p>\n\n\n\n<p>3) Cuenta de Usuario y Correcci\u00f3n de Errores<\/p>\n\n\n\n<p>Para poder realizar compras online en esta tienda es necesario el registro mediante la creaci\u00f3n de una \u201cCuenta de Usuario\u201d.&nbsp;<\/p>\n\n\n\n<p>Podr\u00e1 registrarse en cualquier momento pinchando en el enlace correspondiente, o bien durante el proceso de compra. Una vez registrado, el Usuario recibir\u00e1 un correo confirmando que el proceso se ha realizado con \u00e9xito y un recordatorio de los datos de acceso.<\/p>\n\n\n\n<p>Desde la cuenta podr\u00e1s realizar compras, comprobar el historial de pedidos, cambiar la contrase\u00f1a, modificar los datos personales, modificar la direcci\u00f3n de facturaci\u00f3n, realizar comentarios, y otros tr\u00e1mites o gestiones relacionadas con tus compras.<\/p>\n\n\n\n<p>Adem\u00e1s, en cualquier momento, podr\u00e1s acceder a tu cuenta privada para comprobar tu informaci\u00f3n personal y direcciones y, en caso de que fuera necesario, corregir los errores que puedan haber existido en la introducci\u00f3n de los datos o actualizar los mismos.&nbsp;<\/p>\n\n\n\n<p>Las direcci\u00f3n de facturaci\u00f3n tambi\u00e9n podr\u00e1 corregirse o actualizarse a lo largo del proceso de compra.<\/p>\n\n\n\n<p>Podr\u00e1s darte de baja en cualquier momento, enviando un correo electr\u00f3nico, desde la direcci\u00f3n que se quiere dar de baja, a la direcci\u00f3n team@autoplasex.com, lo que conllevar\u00e1 la cancelaci\u00f3n de sus datos de car\u00e1cter personal.<\/p>\n\n\n\n<p>La creaci\u00f3n y cancelaci\u00f3n de una cuenta de usuario se regir\u00e1 por lo establecido en la Pol\u00edtica de Privacidad.<\/p>\n\n\n\n<p>4) Proceso de Compra<\/p>\n\n\n\n<p>Comprar en Autoplasex es f\u00e1cil y sencillo, solo tienes que seguir los siguientes pasos:<\/p>\n\n\n\n<p>1\u00ba.- Seleccionar los servicios o productos que desees adquirir de entre los ofrecidos por Autoplasex. Clicando en cada servicio o producto, se accede a su ficha, que incluye una descripci\u00f3n detallada con la informaci\u00f3n, caracter\u00edsticas principales y precio.&nbsp;<\/p>\n\n\n\n<p>Si necesitas saber m\u00e1s no dudes, en preguntarnos.<\/p>\n\n\n\n<p>2\u00ba.- Una vez seleccionado el\/los servicios o productos que desees contratar, deber\u00e1s pulsar el bot\u00f3n \u201cComprar\u201d, quedando incorporado el servicio a tu carrito de la compra.<br>Si lo deseas, podr\u00e1 seguir a\u00f1adiendo m\u00e1s servicios o productos al carrito, o proceder directamente al pago.<br><\/p>\n\n\n\n<p>3\u00ba.- Concluida la selecci\u00f3n de servicios o productos, aparecer\u00e1 un resumen.&nbsp;<\/p>\n\n\n\n<p>Finalmente, para continuar, deber\u00e1s pulsar el bot\u00f3n \u201cRealizar Pedido\u201d.<\/p>\n\n\n\n<p>4\u00ba.- Como hemos indicado en apartados anteriores, al finalizar tu compra, deber\u00e1s registrarte, indicando tus datos. En tus pr\u00f3ximas compras no tendr\u00e1s que introducirlos de nuevo, pues quedar\u00e1n almacenados en tu Cuenta de Usuario.<\/p>\n\n\n\n<p>5\u00ba.- Por \u00faltimo, deber\u00e1s elegir el medio de pago de entre los ofrecidos por Autoplasex.<\/p>\n\n\n\n<p>6\u00ba.- Una vez finalizado el proceso de compra, te enviaremos un correo electr\u00f3nico en el que se detallar\u00e1n los datos de la misma, as\u00ed como justificante de compra o factura.&nbsp;<\/p>\n\n\n\n<p>Si no recibes este correo en 24 horas, o si aprecias cualquier error en los datos introducidos, ponte en contacto con nosotros por cualquiera de los siguientes medios:<\/p>\n\n\n\n<p>Notific\u00e1ndolo en la secci\u00f3n \u00abContacto\u00bb de esta web<\/p>\n\n\n\n<p>Escribiendo a la direcci\u00f3n de correo team@autoplasex.com<\/p>\n\n\n\n<p>Igualmente, puedes solicitar factura en papel poni\u00e9ndose en contacto con nosotros, dentro del plazo de 15 d\u00edas posteriores a la compra, y te la haremos llegar sin ning\u00fan tipo de coste adicional.<\/p>\n\n\n\n<p>Autoplasex comunica que posee a tu disposici\u00f3n hojas de reclamaciones, en la direcci\u00f3n postal que figura en el Aviso Legal de esta p\u00e1gina web.<\/p>\n\n\n\n<p>5) Formas de pago<\/p>\n\n\n\n<p>Autoplasex dispone de diversas modalidades de pago para facilitarte la compra:<\/p>\n\n\n\n<ul class=\"wp-block-list\"><li>Transferencia bancaria<\/li><li>Tarjeta de cr\u00e9dito o d\u00e9bito<\/li><li>PayPal<\/li><\/ul>\n\n\n\n<p>A continuaci\u00f3n, especificamos las condiciones para cada una de estas formas de pago.<\/p>\n\n\n\n<p>Transferencia bancaria<\/p>\n\n\n\n<p>Autoplasex te ofrece la posibilidad de realizar el pago mediante una transferencia en nuestra cuenta bancaria:<\/p>\n\n\n\n<p>Abanca \u2013 IBAN: ES08 0073 0100 5307 5498 2404<\/p>\n\n\n\n<p>Si te decides por esta opci\u00f3n de pago, una vez finalizada la compra, aparecer\u00e1n en pantalla los datos necesarios para realizar la transferencia bancaria.&nbsp;<\/p>\n\n\n\n<p>Adem\u00e1s, te enviaremos un email con el importe de la compra, el concepto que debes indicar y el n\u00famero de cuenta. Es importante que, en el momento de realizar la transferencia, indiques como concepto la referencia de tu compra, facilitada por Autoplasex en el email.&nbsp;<\/p>\n\n\n\n<p>Las transferencias pueden tardar hasta 48 horas en hacerse efectivas, tenlo en cuenta en los plazos de env\u00edo. Una vez confirmado, el pago se proceder\u00e1 a la gesti\u00f3n del servicio contratado.&nbsp;<\/p>\n\n\n\n<p>Si deseas agilizar este proceso puedes enviarnos un email con el justificante a team@autoplasex.com<\/p>\n\n\n\n<p>Tarjeta de cr\u00e9dito o d\u00e9bito<\/p>\n\n\n\n<p>El pago mediante tarjeta de cr\u00e9dito o d\u00e9bito se realiza a trav\u00e9s de la pasarela de pago seguro Stripe.&nbsp;<\/p>\n\n\n\n<p>Mediante esta modalidad de pago, Autoplasex nunca recoge ni manipula ning\u00fan dato del cliente relativo a su n\u00famero de tarjeta.&nbsp;<\/p>\n\n\n\n<p>Todos los datos son tratados directamente por Stripe, de forma que Autoplasex siempre pueda ofrecer la mayor seguridad, transparencia y confidencialidad en la transacci\u00f3n.<\/p>\n\n\n\n<p>Las tarjetas que actualmente admite la pasarela de pago son Visa, Mastercard y Maestro, adem\u00e1s de las pertenecientes a las redes 4B, Red 6000 y Servired. Si tienes alguna duda, contacta con nosotros y te atenderemos para aclarar cualquier inquietud.<\/p>\n\n\n\n<p>Paypal<\/p>\n\n\n\n<p>Realiza el pago con tu cuenta de PayPal. Mediante esta modalidad de pago, Autoplasex nunca recoge ni manipula ning\u00fan dato bancario. Todos los datos son tratados directamente por Paypal, de forma que Autoplasex siempre pueda ofrecer la mayor transparencia, seguridad y confidencialidad en la transacci\u00f3n<\/p>\n\n\n\n<p>6) Precios, impuestos, tasas y aranceles<\/p>\n\n\n\n<p>Los precios est\u00e1n expresados en Euros, y son v\u00e1lidos salvo error tipogr\u00e1fico. En el caso de que se produzca un error manifiesto en la fijaci\u00f3n del precio que aparezca en la ficha de servicio, prevalecer\u00e1 el precio establecido para dicho servicio en el email informativo que te proporcionaremos cuando detectemos el error.<\/p>\n\n\n\n<p>El PVP para clientes de Pen\u00ednsula y Baleares incluye IVA.<\/p>\n\n\n\n<p>El PVP para clientes de Islas Canarias, Ceuta y Melilla y, en general, cualquier pa\u00eds que no sea Espa\u00f1a, no incluye IVA. El precio indicado en cada servicio es el precio final del mismo para los env\u00edos a estas CCAA. Autoplasex no ser\u00e1 responsable de los gastos de importaci\u00f3n e impuestos (ISPI, IGIC), o tasas, de ser el caso.<\/p>\n\n\n\n<p>7) Devoluciones<\/p>\n\n\n\n<p>En Autoplasex deseamos la satisfacci\u00f3n con tu compra.&nbsp;<\/p>\n\n\n\n<p>Por ello, te facilitamos la opci\u00f3n de cancelar la misma (desistimiento). El ejercicio de este derecho de desistimiento tendr\u00e1 que realizarse en un plazo m\u00e1ximo de 30 d\u00edas naturales a partir de la compra.&nbsp;<\/p>\n\n\n\n<p>Deber\u00e1s notificarnos, a trav\u00e9s del correo team@autoplasex.com, tu decisi\u00f3n de desistir de la compra efectuada (podr\u00e1s utilizar para ello el siguiente modelo de formulario de desistimiento, si lo deseas).<\/p>\n\n\n\n<p>No se admitir\u00e1 el ejercicio del derecho de desistimiento sobre la adquisici\u00f3n de productos o servicios que hayan podido ser usados por el Usuario, algo que queda registrado directamente en la plataforma.<\/p>\n\n\n\n<p>El reembolso del importe de la compra se efectuar\u00e1 una vez haya sido comprobado el estado de la compra, a trav\u00e9s del mismo medio de pago utilizado en la compra y, en todo caso, en un m\u00e1ximo de 30 d\u00edas naturales desde la recepci\u00f3n fehaciente de la solicitud de desistimiento.&nbsp;<\/p>\n\n\n\n<p>Los gastos derivados del ejercicio del derecho de desistimiento, ser\u00e1n por cuenta del comprador.<\/p>\n\n\n\n<p>8) Resoluci\u00f3n de conflictos<\/p>\n\n\n\n<p>Como as\u00ed la exige la nueva normativa europea, informamos a los usuarios de la existencia de una plataforma europea de resoluci\u00f3n de litigios para compras online. As\u00ed, para la resoluci\u00f3n de litigios en materia de consumo (conforme al Art. 14.1 del Reglamento (UE) 524\/2013), la Comisi\u00f3n Europea facilita una plataforma de resoluci\u00f3n de litigios en l\u00ednea que se encuentra disponible en el siguiente enlace: <a href=\"https:\/\/webgate.ec.europa.eu\/odr\/main\/?event=main.home.show&amp;lng=ES\" target=\"_blank\" rel=\"noopener\">https:\/\/webgate.ec.europa.eu\/odr\/main\/?event=main.home.show&amp;lng=ES<\/a><\/p>","protected":false},"excerpt":{"rendered":"<p>En esta web se detallan los servicios ofrecidos por Manuel Jes\u00fas S\u00e1nchez Flores, en adelante referido como &#8220;Autoplasex&#8221;. Su uso implica la aceptaci\u00f3n de las siguientes condiciones, declinando realizar cualquier reclamaci\u00f3n sobre las mismas.&nbsp; Este sitio web contiene textos elaborados con fines meramente informativos o divulgativos, que pueden no reflejar el estado actual de la [&hellip;]<\/p>","protected":false},"author":1,"featured_media":0,"parent":0,"menu_order":0,"comment_status":"closed","ping_status":"closed","template":"","meta":{"_exactmetrics_skip_tracking":false,"_exactmetrics_sitenote_active":false,"_exactmetrics_sitenote_note":"","_exactmetrics_sitenote_category":0,"footnotes":""},"class_list":["post-59","page","type-page","status-publish","hentry","entry","owp-thumbs-layout-horizontal","owp-btn-very-big","owp-tabs-layout-section","has-no-thumbnails","has-product-nav"],"_links":{"self":[{"href":"https:\/\/autoplasex.com\/en\/wp-json\/wp\/v2\/pages\/59","targetHints":{"allow":["GET"]}}],"collection":[{"href":"https:\/\/autoplasex.com\/en\/wp-json\/wp\/v2\/pages"}],"about":[{"href":"https:\/\/autoplasex.com\/en\/wp-json\/wp\/v2\/types\/page"}],"author":[{"embeddable":true,"href":"https:\/\/autoplasex.com\/en\/wp-json\/wp\/v2\/users\/1"}],"replies":[{"embeddable":true,"href":"https:\/\/autoplasex.com\/en\/wp-json\/wp\/v2\/comments?post=59"}],"version-history":[{"count":8,"href":"https:\/\/autoplasex.com\/en\/wp-json\/wp\/v2\/pages\/59\/revisions"}],"predecessor-version":[{"id":15004,"href":"https:\/\/autoplasex.com\/en\/wp-json\/wp\/v2\/pages\/59\/revisions\/15004"}],"wp:attachment":[{"href":"https:\/\/autoplasex.com\/en\/wp-json\/wp\/v2\/media?parent=59"}],"curies":[{"name":"wp","href":"https:\/\/api.w.org\/{rel}","templated":true}]}}