{"id":60,"date":"2020-04-21T16:07:39","date_gmt":"2020-04-21T16:07:39","guid":{"rendered":"https:\/\/autoplasex.com\/?page_id=60"},"modified":"2023-01-10T16:31:12","modified_gmt":"2023-01-10T16:31:12","slug":"politica-de-privacidad","status":"publish","type":"page","link":"https:\/\/autoplasex.com\/en\/politica-de-privacidad\/","title":{"rendered":"A. Pol\u00edtica de Privacidad"},"content":{"rendered":"<p>Autoplasex se encuentra profundamente comprometido con el cumplimiento de la normativa espa\u00f1ola de protecci\u00f3n de datos de car\u00e1cter personal, y garantiza el cumplimiento \u00edntegro de las obligaciones dispuestas, as\u00ed como la implementaci\u00f3n de las medidas de seguridad dispuestas en el art. 9 de la Ley 15\/1999, de Protecci\u00f3n de Datos de Car\u00e1cter Personal (LOPD) y su Reglamento de Desarrollo, as\u00ed como para el cumplimiento del Reglamento General de Protecci\u00f3n de Datos (RGPD) (UE) 2016\/679. De conformidad con estas normativas, informamos que la utilizaci\u00f3n de nuestra p\u00e1gina web puede requerir que se faciliten ciertos datos personales a trav\u00e9s de formularios de registro o contacto, o mediante el env\u00edo de emails, y que \u00e9stos ser\u00e1n objeto de tratamiento por Autoplasex, Responsable del tratamiento, cuyos datos son:<\/p>\n\n\n\n<ul class=\"wp-block-list\"><li>Denominaci\u00f3n Social: Manuel Jes\u00fas S\u00e1nchez Flores<\/li><li>CIF \/ NIF \/ NIE: 80154860K<\/li><li>Domicilio Social: Santa Fe, 56, C.P. 14550<\/li><li>Tel\u00e9fono: +34 (0) 611 077 396<\/li><li>eMail: info@ap-latrastienda.es<\/li><\/ul>\n\n\n\n<p>OBTENCI\u00d3N Y TRATAMIENTO DE DATOS<\/p>\n\n\n\n<p>Autoplasex, como Responsable del Tratamiento, tiene el deber de informar a los usuarios de su sitio web acerca de la recogida de datos de car\u00e1cter personal que pueden llevarse a cabo, bien sea mediante el env\u00edo de correo electr\u00f3nico o al cumplimentar los formularios incluidos en el sitio web. Se obtendr\u00e1n \u00fanicamente los datos precisos para poder realizar el servicio contratado, o para poder responder adecuadamente a la petici\u00f3n de informaci\u00f3n realizada por el Usuario.<\/p>\n\n\n\n<p>Formularios de contacto\/email<\/p>\n\n\n\n<p><em>Finalidad<\/em>: Dar contestaci\u00f3n a su solicitud de informaci\u00f3n realizada a trav\u00e9s de nuestro\/s formulario\/s de contacto.<\/p>\n\n\n\n<p><em>Legitimaci\u00f3n<\/em>: La base jur\u00eddica que legitima este tratamiento es el consentimiento del Usuario, que podr\u00e1 revocar en cualquier momento.<\/p>\n\n\n\n<p><em>Cesi\u00f3n de datos<\/em>: Los datos personales ser\u00e1n tratados a trav\u00e9s de servidores gestionados por webempresa.com, que tendr\u00e1 la consideraci\u00f3n de Encargado del Tratamiento. Adem\u00e1s, Nuestro prestador de servicios de correo electr\u00f3nico, a trav\u00e9s de los cuales se realizar\u00e1n las comunicaciones, es [<strong>Google, LLC, a trav\u00e9s de Google Suite]<\/strong>.<\/p>\n\n\n\n<p>Formularios de alta en lista de correo (newsletter)<\/p>\n\n\n\n<p><em>Finalidad<\/em>: Env\u00edo de comunicaciones comerciales de inter\u00e9s para el Usuario. Tal y como establece la LSSICE, Autoplasex se compromete a no remitir comunicaciones comerciales sin identificarlas como tales. A estos efectos, no ser\u00e1 considerada como comunicaci\u00f3n comercial la informaci\u00f3n enviada a los clientes para el mantenimiento de la relaci\u00f3n contractual existente.<\/p>\n\n\n\n<p><em>Legitimaci\u00f3n<\/em>: La base jur\u00eddica que legitima este tratamiento es el consentimiento del Usuario, que podr\u00e1 revocar en cualquier momento.<\/p>\n\n\n\n<p><em>Cesi\u00f3n de datos<\/em>: Los datos personales ser\u00e1n tratados a trav\u00e9s de servidores gestionados por <a href=\"https:\/\/docs.google.com\/document\/d\/1qmTf1a-EIeb1E65wP4Q9bAanjBfIdVcjY3gIvuDh3tY\/edit#\" target=\"_blank\" rel=\"noopener\">www.autoplasex.com<\/a>, que tendr\u00e1 la consideraci\u00f3n de Encargado del Tratamiento.<\/p>\n\n\n\n<p>Formularios de registro\/alta de cliente<\/p>\n\n\n\n<p><em>Finalidades<\/em>:<\/p>\n\n\n\n<ul class=\"wp-block-list\"><li>Gestionar su alta de Usuario en nuestra p\u00e1gina web.<\/li><li>Gestionar las compras realizadas en nuestra p\u00e1gina web.<\/li><li>Proporcionar informaci\u00f3n acerca de la tramitaci\u00f3n y el estado de las compras.<\/li><li>Registro hist\u00f3rico de las compras realizadas en nuestra p\u00e1gina web.<\/li><li>Env\u00edo de comunicaciones v\u00eda email y\/o tel\u00e9fono, con el fin de informar al Usuario de posibles incidencias, errores, problemas y\/o estado de los pedidos.<\/li><\/ul>\n\n\n\n<p><em>Legitimaci\u00f3n<\/em>: La base jur\u00eddica que legitima este tratamiento es la ejecuci\u00f3n de un contrato.<\/p>\n\n\n\n<p><em>Cesi\u00f3n de datos<\/em>: Autoplasex no ceder\u00e1 ni comunicar\u00e1 a ning\u00fan tercero tus datos, excepto en los casos legalmente previstos o cuando la prestaci\u00f3n de un servicio implique la necesidad de una relaci\u00f3n contractual con un Encargado de Tratamiento. As\u00ed, el Usuario acepta que algunos de los datos personales recabados sean facilitados a estos Encargados del Tratamiento (plataformas de pago, gestor\u00eda, intermediarios, etc.), cuando sea necesario para la efectiva realizaci\u00f3n del servicio contratado. El usuario acepta tambi\u00e9n que alguno de los servicios puedan ser, total o parcialmente, subcontratados a otras personas o empresas, que tendr\u00e1n la consideraci\u00f3n de Encargados del Tratamiento, con los que se ha convenido el correspondiente contrato de confidencialidad, o adherido a sus pol\u00edticas de privacidad, establecidas en sus respectivas p\u00e1ginas web. El usuario podr\u00e1 negarse a la cesi\u00f3n de tus datos a los Encargados del Tratamiento, mediante petici\u00f3n escrita, por cualquiera de los medios anteriormente referenciados.<\/p>\n\n\n\n<p>Adem\u00e1s, en aquellos casos en que sea necesario, los datos de Clientes podr\u00e1n ser cedidos a determinados organismos, en cumplimiento una obligaci\u00f3n legal: Agencia Tributaria Espa\u00f1ola, entidades bancarias, Inspecci\u00f3n de Trabajo, etc.<\/p>\n\n\n\n<p>MEDIDAS DE SEGURIDAD<\/p>\n\n\n\n<p>Se informa a los usuarios de que, en Autoplasex, se han adoptado las medidas t\u00e9cnicas y organizativas conforme a lo dispuesto en la normativa de protecci\u00f3n de datos. Los datos personales que se recogen en los formularios son objeto de tratamiento, \u00fanicamente, por parte del personal de Autoplasex o de los Encargados del Tratamiento aqu\u00ed establecidos.<\/p>\n\n\n\n<p>Se han adoptado las medidas de seguridad adecuadas a los datos que se facilitan y, adem\u00e1s, se han instalado todos los medios y medidas t\u00e9cnicas a su alcance para evitar la p\u00e9rdida, mal uso, alteraci\u00f3n, acceso no autorizado y robo de los datos que nos facilitan.<\/p>\n\n\n\n<p>El Sitio Web de Autoplasex cuenta, adem\u00e1s con un cifrado SSL, que permite al Usuario el env\u00edo seguro de sus datos personales a trav\u00e9s de los formularios de contacto del sitio web.<\/p>\n\n\n\n<p>VERACIDAD DE LOS DATOS<\/p>\n\n\n\n<p>El Usuario manifiesta que todos los datos facilitados por \u00e9l son ciertos y correctos y se compromete a mantenerlos actualizados. El usuario responder\u00e1 de la veracidad de sus datos y ser\u00e1 el \u00fanico responsable de cuantos conflictos o litigios pudieran resultar por la falsedad de los mismos. Es importante que, para que podamos mantener los datos personales actualizados, el usuario informe a Autoplasex siempre que haya habido alguna modificaci\u00f3n en los mismos.<\/p>\n\n\n\n<p>EJERCICIO DE DERECHOS<\/p>\n\n\n\n<p>La LOPD y el RGPD conceden a los interesados la posibilidad de ejercer una serie de derechos relacionados con el tratamiento de sus datos personales. Para ello, el usuario deber\u00e1 dirigirse, aportando documentaci\u00f3n que acredite su identidad (DNI o pasaporte), mediante correo electr\u00f3nico a info@ap-latrastienda.es, o bien mediante comunicaci\u00f3n escrita a la direcci\u00f3n que aparece en nuestro Aviso Legal. Dicha comunicaci\u00f3n deber\u00e1 reflejar la siguiente informaci\u00f3n: nombre y apellidos del Usuario, la petici\u00f3n de solicitud, el domicilio y los datos acreditativos.<\/p>\n\n\n\n<p>El ejercicio de derechos deber\u00e1 ser realizado por el propio Usuario. No obstante, podr\u00e1n ser ejecutados por una persona autorizada como representante legal del Usuario, aport\u00e1ndose la documentaci\u00f3n que acredite dicha representaci\u00f3n.<\/p>\n\n\n\n<p>El usuario podr\u00e1 solicitar el ejercicio de los derechos siguientes:<\/p>\n\n\n\n<ul class=\"wp-block-list\"><li>Derecho a solicitar el acceso a los datos personales.<\/li><li>Derecho a solicitar su rectificaci\u00f3n (en caso de que sean incorrectos) o supresi\u00f3n.<\/li><li>Derecho a solicitar la limitaci\u00f3n de su tratamiento, en cuyo caso \u00fanicamente ser\u00e1n conservados por Autoplasex para el ejercicio o la defensa de reclamaciones.<\/li><li>Derecho a oponerse al tratamiento: Autoplasex dejar\u00e1 de tratar sus datos, salvo que por motivos leg\u00edtimos o el ejercicio o la defensa de posibles reclamaciones se tengan que seguir tratando.<\/li><li>Derecho a la portabilidad de los datos: en caso de que quiera que sus datos sean tratados por otra empresa, Autoplasex le facilitar\u00e1 la portabilidad de sus datos en formato exportable.<\/li><\/ul>\n\n\n\n<p>En el caso de que se haya otorgado el consentimiento para alguna finalidad espec\u00edfica, el usuario tiene derecho a retirar el consentimiento en cualquier momento, sin que ello afecte a la licitud del tratamiento basado en el consentimiento previo a su retirada.<\/p>\n\n\n\n<p>Si un usuario considera que hay un problema con la forma en que Autoplasex est\u00e1 manejando sus datos, puede dirigir sus reclamaciones al Responsable de Seguridad o a la autoridad de protecci\u00f3n de datos que corresponda, siendo la Agencia Espa\u00f1ola de Protecci\u00f3n de Datos la indicada en el caso de Espa\u00f1a.<\/p>\n\n\n\n<p>CONSERVACI\u00d3N DE LOS DATOS<\/p>\n\n\n\n<p>Los datos de car\u00e1cter personal de los Usuarios que usen el formulario de contacto o de alta en el bolet\u00edn ser\u00e1n tratados durante el tiempo estrictamente necesario para atender a la solicitud de informaci\u00f3n, o hasta que se revoque el consentimiento otorgado.<\/p>\n\n\n\n<p>Por su parte, los datos de car\u00e1cter personal del Cliente ser\u00e1n tratados hasta que finalice la relaci\u00f3n contractual. El per\u00edodo de conservaci\u00f3n de los datos personales ser\u00e1 el m\u00ednimo necesario, pudiendo mantenerse hasta:<\/p>\n\n\n\n<ul class=\"wp-block-list\"><li>4 a\u00f1os: Ley sobre Infracciones y Sanciones en el Orden Social (obligaciones en materia de afiliaci\u00f3n, altas, bajas, cotizaci\u00f3n, pago de salarios\u2026); Arts. 66 y sig. Ley General Tributaria (libros de contabilidad\u2026)<\/li><li>5 a\u00f1os: Art. 1964 C\u00f3digo Civil (acciones personales sin plazo especial)<\/li><li>6 a\u00f1os: Art. 30 C\u00f3digo de Comercio (libros de contabilidad, facturas\u2026)<\/li><li>10 a\u00f1os: Art. 25 Ley de Prevenci\u00f3n del Blanqueo de Capitales y Financiaci\u00f3n del Terrorismo.<\/li><li>Sin plazo: datos desagregados y anonimizados.<\/li><\/ul>\n\n\n\n<p>En el caso de que se traten datos de candidatos (C.V.), Autoplasex podr\u00e1 mantener almacenado su curr\u00edculo un m\u00e1ximo de dos a\u00f1os para incorporarlo a futuras convocatorias, a menos que el candidato se manifieste en contrario.<\/p>\n\n\n\n<p>TRANSFERENCIAS INTERNACIONALES DE DATOS<\/p>\n\n\n\n<p>Autoplasex utiliza los servicios de mailing de www.autoplasex.com. El usuario acepta expresamente y de forma inequ\u00edvoca su consentimiento para el tratamiento de sus datos y para la transferencia internacional de los mismos a esta\/s empresa\/s prestadora\/s de servicios.<\/p>\n\n\n\n<p>CONFIDENCIALIDAD<\/p>\n\n\n\n<p>La informaci\u00f3n suministrada por el cliente tendr\u00e1, en todo caso, la consideraci\u00f3n de confidencial, sin que pueda ser utilizada para otros fines distintos a los aqu\u00ed descritos. Autoplasex se obliga a no divulgar ni revelar informaci\u00f3n sobre las pretensiones del Usuario, los motivos del asesoramiento solicitado o la duraci\u00f3n de su relaci\u00f3n con \u00e9ste.<\/p>\n\n\n\n<p>VALIDEZ<\/p>\n\n\n\n<p>Esta pol\u00edtica de privacidad y de protecci\u00f3n de datos ha sido redactada por EXPERTOS LOPD\u00ae, <a href=\"https:\/\/www.expertoslopd.es\/\" target=\"_blank\" rel=\"noopener\">empresa de RGPD<\/a>, a d\u00eda 14 de febrero de 2019, y podr\u00e1 variar en funci\u00f3n de los cambios de normativa y jurisprudencia que se vayan produciendo, siendo responsabilidad del titular de los datos la lectura del documento actualizado, en orden a conocer sus derechos y obligaciones al respecto en cada momento.<\/p>","protected":false},"excerpt":{"rendered":"<p>Autoplasex se encuentra profundamente comprometido con el cumplimiento de la normativa espa\u00f1ola de protecci\u00f3n de datos de car\u00e1cter personal, y garantiza el cumplimiento \u00edntegro de las obligaciones dispuestas, as\u00ed como la implementaci\u00f3n de las medidas de seguridad dispuestas en el art. 9 de la Ley 15\/1999, de Protecci\u00f3n de Datos de Car\u00e1cter Personal (LOPD) y [&hellip;]<\/p>","protected":false},"author":1,"featured_media":0,"parent":0,"menu_order":0,"comment_status":"closed","ping_status":"closed","template":"","meta":{"_exactmetrics_skip_tracking":false,"_exactmetrics_sitenote_active":false,"_exactmetrics_sitenote_note":"","_exactmetrics_sitenote_category":0,"footnotes":""},"class_list":["post-60","page","type-page","status-publish","hentry","entry","owp-thumbs-layout-horizontal","owp-btn-very-big","owp-tabs-layout-section","has-no-thumbnails","has-product-nav"],"_links":{"self":[{"href":"https:\/\/autoplasex.com\/en\/wp-json\/wp\/v2\/pages\/60","targetHints":{"allow":["GET"]}}],"collection":[{"href":"https:\/\/autoplasex.com\/en\/wp-json\/wp\/v2\/pages"}],"about":[{"href":"https:\/\/autoplasex.com\/en\/wp-json\/wp\/v2\/types\/page"}],"author":[{"embeddable":true,"href":"https:\/\/autoplasex.com\/en\/wp-json\/wp\/v2\/users\/1"}],"replies":[{"embeddable":true,"href":"https:\/\/autoplasex.com\/en\/wp-json\/wp\/v2\/comments?post=60"}],"version-history":[{"count":6,"href":"https:\/\/autoplasex.com\/en\/wp-json\/wp\/v2\/pages\/60\/revisions"}],"predecessor-version":[{"id":15000,"href":"https:\/\/autoplasex.com\/en\/wp-json\/wp\/v2\/pages\/60\/revisions\/15000"}],"wp:attachment":[{"href":"https:\/\/autoplasex.com\/en\/wp-json\/wp\/v2\/media?parent=60"}],"curies":[{"name":"wp","href":"https:\/\/api.w.org\/{rel}","templated":true}]}}