{"id":11871,"date":"2020-05-08T18:13:03","date_gmt":"2020-05-08T18:13:03","guid":{"rendered":"https:\/\/autoplasex.com\/producto\/satisfyer-men-masturbador-vibracion-con-calor-2\/"},"modified":"2022-03-12T18:48:41","modified_gmt":"2022-03-12T18:48:41","slug":"satisfyer-men-masturbador-vibracion-con-calor-2","status":"publish","type":"product","link":"https:\/\/autoplasex.com\/en\/product\/satisfyer-men-masturbador-vibracion-con-calor-2\/","title":{"rendered":"SATISFYER MEN MASTURBADOR VIBRACI\u00d3N CON CALOR"},"content":{"rendered":"<p>1800 Peliculas<br \/>\n5000 Mujeres<br \/>\n1 Mejor orgasmo<\/p>\n<p>Avalado por Rocco Siffredi, Satisfyer Men Heat Vibration no te dejar\u00e1 indiferente.<\/p>\n<p>&nbsp;<\/p>\n<p>Satisfyer Men Vibration Heat es un es un maravillo regalo para que tu mejor parte disfrute de la extraordinaria estimulaci\u00f3n que te mereces. Disfruta de un orgasmo tras otro con sus dos s\u00faper potentes motores: 11 programas de vibraci\u00f3n que te trasladan al s\u00e9ptimo cielo del sexo oral.<\/p>\n<p>Un packing disreto,\u00a0 puedes llevarlo de viaje o en tu maleta del trabajo para tenerlo disponible en cualquier momento.<\/p>\n<p>Satisfyer Men Vibration Heat est\u00e1 equipado con sistema que alcanza la temperatura de 37-40 grados Celsius, alcanzando una temperatura mayor a la corporal y convertir una experiencia \u00fanica, testado dermatol\u00f3gicamente.<\/p>\n<ul>\n<li>Silicona medica<\/li>\n<li>Funci\u00f3n Calor<\/li>\n<li>Dos potentes motores<\/li>\n<li>Sumergible\u00a0\u00a0(IPX7).<\/li>\n<li>70 programas de vibraci\u00f3n<\/li>\n<\/ul>\n<p>Recargable v\u00eda USB con el cable cargador incluido.<\/p>","protected":false},"excerpt":{"rendered":"<p>1800 Peliculas 5000 Mujeres 1 Mejor orgasmo Avalado por Rocco Siffredi, Satisfyer Men Heat Vibration no te dejar\u00e1 indiferente. &nbsp; Satisfyer Men Vibration Heat es un es un maravillo regalo para que tu mejor parte disfrute de la extraordinaria estimulaci\u00f3n que te mereces. Disfruta de un orgasmo tras otro con sus dos s\u00faper potentes motores: [&hellip;]<\/p>","protected":false},"featured_media":2131,"comment_status":"closed","ping_status":"closed","template":"","meta":{"_exactmetrics_skip_tracking":false,"_exactmetrics_sitenote_active":false,"_exactmetrics_sitenote_note":"","_exactmetrics_sitenote_category":0},"product_brand":[],"product_cat":[71,87],"product_tag":[266,264,263],"class_list":{"0":"post-11871","1":"product","2":"type-product","3":"status-publish","4":"has-post-thumbnail","6":"product_cat-masturbadores","7":"product_cat-satisfyer","8":"product_tag-placer","9":"product_tag-salud","10":"product_tag-sex-shop","12":"entry","13":"has-media","15":"first","16":"instock","17":"sale","18":"taxable","19":"shipping-taxable","20":"purchasable","21":"product-type-simple","22":"has-product-nav","23":"col","24":"span_1_of_4","25":"owp-content-center","26":"item-entry","27":"owp-thumbs-layout-horizontal","28":"owp-btn-very-big","29":"owp-tabs-layout-section","30":"has-no-thumbnails"},"_links":{"self":[{"href":"https:\/\/autoplasex.com\/en\/wp-json\/wp\/v2\/product\/11871","targetHints":{"allow":["GET"]}}],"collection":[{"href":"https:\/\/autoplasex.com\/en\/wp-json\/wp\/v2\/product"}],"about":[{"href":"https:\/\/autoplasex.com\/en\/wp-json\/wp\/v2\/types\/product"}],"replies":[{"embeddable":true,"href":"https:\/\/autoplasex.com\/en\/wp-json\/wp\/v2\/comments?post=11871"}],"version-history":[{"count":0,"href":"https:\/\/autoplasex.com\/en\/wp-json\/wp\/v2\/product\/11871\/revisions"}],"wp:featuredmedia":[{"embeddable":true,"href":"https:\/\/autoplasex.com\/en\/wp-json\/wp\/v2\/media\/2131"}],"wp:attachment":[{"href":"https:\/\/autoplasex.com\/en\/wp-json\/wp\/v2\/media?parent=11871"}],"wp:term":[{"taxonomy":"product_brand","embeddable":true,"href":"https:\/\/autoplasex.com\/en\/wp-json\/wp\/v2\/product_brand?post=11871"},{"taxonomy":"product_cat","embeddable":true,"href":"https:\/\/autoplasex.com\/en\/wp-json\/wp\/v2\/product_cat?post=11871"},{"taxonomy":"product_tag","embeddable":true,"href":"https:\/\/autoplasex.com\/en\/wp-json\/wp\/v2\/product_tag?post=11871"}],"curies":[{"name":"wp","href":"https:\/\/api.w.org\/{rel}","templated":true}]}}