{"id":11888,"date":"2020-05-08T18:13:07","date_gmt":"2020-05-08T18:13:07","guid":{"rendered":"https:\/\/autoplasex.com\/producto\/satisfyer-pro-penguin-next-generation\/"},"modified":"2021-06-11T10:10:34","modified_gmt":"2021-06-11T10:10:34","slug":"satisfyer-pro-penguin-next-generation","status":"publish","type":"product","link":"https:\/\/autoplasex.com\/en\/product\/satisfyer-pro-penguin-next-generation\/","title":{"rendered":"SATISFYER PRO PENGUIN NEXT GENERATION"},"content":{"rendered":"<p>El Satisfyer Pro Penguin Next Gerenation es una monada de juguete sexual con todas las prestaciones que un buen succionador de cl\u00edtoris debe tener. 11 modos de trabajo que te estremecer\u00e1n de placer. Adem\u00e1s sumergible al agua, para que tus duchas sean eternas. Es perfecto para la iniciaci\u00f3n en el mundo de la estimulaci\u00f3n por hondas de presi\u00f3n, econ\u00f3mico para el trabajo que desarrolla y bonito para no tener que esconderlo en la mesita de noche&#8230; Mejor tenerlo fuera y poder decir: SI!! Yo tengo un Penguin Pro porque nosotras somo NEXT GENERATION.<\/p>\n<p>&nbsp;<\/p>\n<p>&nbsp;<\/p>\n<p><strong>CARACTER\u00cdSTICAS<\/strong><\/p>\n<ul>\n<li>Nuevo dise\u00f1o de botones: bot\u00f3n +\/-<\/li>\n<li>Resistente al agua<\/li>\n<li>Silicona antialerg\u00e9nica<\/li>\n<li>Recargable.<\/li>\n<li>Incluye cargador por USB<\/li>\n<li>11 programas de ondas de presi\u00f3n<\/li>\n<li>Motor mejorado. M\u00e1s silencioso<\/li>\n<li>Peso: 101 g<\/li>\n<li>Longitud: 108 mm<\/li>\n<li>Anchura: 58 mm<\/li>\n<li>Altura: 55 mm<\/li>\n<li>Bater\u00eda: Bater\u00eda<\/li>\n<li>Material: Pl\u00e1stico ABS,\u00a0Silicona<\/li>\n<li>Color: Blanco, Negro<\/li>\n<li>Resistente al agua: S\u00ed<\/li>\n<\/ul>\n<p>&nbsp;<\/p>","protected":false},"excerpt":{"rendered":"<p>En primer lugar debo decir que los Succionadores de cl\u00edtoris son placer asegurado. Ciertamente el aliado perfecto para tener orgasmos muy intensos en intervalos muy breves. Esto es posible porque se estimulan las m\u00e1s de 8000 terminaciones nerviosas de tu PUNTO C simult\u00e1neamente. \u00a1\u00bfTe das cuenta?! 8000 puntos de placer en menos de un cent\u00edmetro cuadrado. Y esto es debido a sus impulsos de aire que se expanden por la zona er\u00f3gena igual que las hondas del agua cuando lanzas una piedra. Como consecuencia tiene una mayor atracci\u00f3n de sangre hacia el cl\u00edtoris haci\u00e9ndolo m\u00e1s sensible, m\u00e1s grande y por tanto m\u00e1s excitable y placentero. Mientras tanto, otras partes muy sensibles de la zona genital tambi\u00e9n se ven favorecidas por dichas hondas provocando un estallido org\u00e1smico. Succionadores de cl\u00edtoris. Placer asegurado. Juguete femenino dise\u00f1ado para este fin y cumpliendo a raja tabla su l\u00fadico y excitante cometido. Marcas como Satisfyer, Lelo, Womanizer, Svakom y otras muchas m\u00e1s se est\u00e1n especializando en su desarrollo y con un tremendo \u00e9xito comercial. Como consecuencia de su efectividad, se ha hecho un fen\u00f3meno de masas con un sin fin de modelos, tama\u00f1os y colores. Probablemente ya tengas uno en casa y si no es tu caso, ya est\u00e1s tardando en comprarlo. Placer asegurado. Y amortizado! Porque de entre los 20 hasta los 200\u20ac que puedes encontrarlos hay una gran variedad. Velocidad, potencia, succi\u00f3n, vibraci\u00f3n, grandes, peque\u00f1os, ergon\u00f3micos\u2026 pero todos coinciden en que dejan un trabajo bien hecho.<br \/>\nAs\u00ed es que no olvides\u2026<br \/>\n&#8230;SUCCINADORES DE CL\u00cdTORIS. PLACER ASEGURADO.<\/p>","protected":false},"featured_media":977,"comment_status":"closed","ping_status":"closed","template":"","meta":{"_exactmetrics_skip_tracking":false,"_exactmetrics_sitenote_active":false,"_exactmetrics_sitenote_note":"","_exactmetrics_sitenote_category":0},"product_brand":[],"product_cat":[87,75],"product_tag":[264,263],"class_list":{"0":"post-11888","1":"product","2":"type-product","3":"status-publish","4":"has-post-thumbnail","6":"product_cat-satisfyer","7":"product_cat-succionadores-de-clitoris-placer-asegurado","8":"product_tag-salud","9":"product_tag-sex-shop","11":"entry","12":"has-media","14":"first","15":"instock","16":"sale","17":"taxable","18":"shipping-taxable","19":"purchasable","20":"product-type-simple","21":"has-product-nav","22":"col","23":"span_1_of_4","24":"owp-content-center","25":"item-entry","26":"owp-thumbs-layout-horizontal","27":"owp-btn-very-big","28":"owp-tabs-layout-section"},"_links":{"self":[{"href":"https:\/\/autoplasex.com\/en\/wp-json\/wp\/v2\/product\/11888","targetHints":{"allow":["GET"]}}],"collection":[{"href":"https:\/\/autoplasex.com\/en\/wp-json\/wp\/v2\/product"}],"about":[{"href":"https:\/\/autoplasex.com\/en\/wp-json\/wp\/v2\/types\/product"}],"replies":[{"embeddable":true,"href":"https:\/\/autoplasex.com\/en\/wp-json\/wp\/v2\/comments?post=11888"}],"version-history":[{"count":1,"href":"https:\/\/autoplasex.com\/en\/wp-json\/wp\/v2\/product\/11888\/revisions"}],"predecessor-version":[{"id":13134,"href":"https:\/\/autoplasex.com\/en\/wp-json\/wp\/v2\/product\/11888\/revisions\/13134"}],"wp:featuredmedia":[{"embeddable":true,"href":"https:\/\/autoplasex.com\/en\/wp-json\/wp\/v2\/media\/977"}],"wp:attachment":[{"href":"https:\/\/autoplasex.com\/en\/wp-json\/wp\/v2\/media?parent=11888"}],"wp:term":[{"taxonomy":"product_brand","embeddable":true,"href":"https:\/\/autoplasex.com\/en\/wp-json\/wp\/v2\/product_brand?post=11888"},{"taxonomy":"product_cat","embeddable":true,"href":"https:\/\/autoplasex.com\/en\/wp-json\/wp\/v2\/product_cat?post=11888"},{"taxonomy":"product_tag","embeddable":true,"href":"https:\/\/autoplasex.com\/en\/wp-json\/wp\/v2\/product_tag?post=11888"}],"curies":[{"name":"wp","href":"https:\/\/api.w.org\/{rel}","templated":true}]}}