{"id":11889,"date":"2020-05-08T18:13:07","date_gmt":"2020-05-08T18:13:07","guid":{"rendered":"https:\/\/autoplasex.com\/producto\/satisfyer-pro-penguin-ng-kit-fundas-5pcs\/"},"modified":"2020-05-12T14:51:30","modified_gmt":"2020-05-12T14:51:30","slug":"satisfyer-pro-penguin-ng-kit-fundas-5pcs","status":"publish","type":"product","link":"https:\/\/autoplasex.com\/en\/product\/satisfyer-pro-penguin-ng-kit-fundas-5pcs\/","title":{"rendered":"SATISFYER PRO PENGUIN NG KIT FUNDAS 5PCS"},"content":{"rendered":"<p>Estas caperuzas blancas de silicona suave son perfectamente adecuadas para tu Satisfyer PRO PENGUIN NG&nbsp;y pueden cambiarse de forma muy sencilla. Los cabezales intercambiables son suaves y se adaptan perfectamente a tus contornos gracias a su forma optimizada. La cavidad se ajusta a tu cl&iacute;toris, aport&aacute;ndote un placer indescriptible gracias al satisfyer PRO PENGUIN NG<\/p>\n<p>El juego se compone de 5 cabezales intercambiables para hacerte disfrutar en todo momento del placer sin renunciar a la higiene.<\/p>","protected":false},"excerpt":{"rendered":"<p>En primer lugar debo decir que los Succionadores de cl\u00edtoris son placer asegurado. Ciertamente el aliado perfecto para tener orgasmos muy intensos en intervalos muy breves. Esto es posible porque se estimulan  las  m\u00e1s de 8000 terminaciones nerviosas de tu PUNTO C simult\u00e1neamente. \u00a1\u00bfTe das cuenta?! 8000 puntos de placer en menos de un cent\u00edmetro cuadrado. Y esto es debido a sus impulsos de aire que se expanden por la zona er\u00f3gena igual que las hondas del agua cuando lanzas una piedra. Como consecuencia tiene una mayor atracci\u00f3n de sangre hacia el cl\u00edtoris haci\u00e9ndolo m\u00e1s sensible, m\u00e1s grande y por tanto m\u00e1s excitable y placentero. Mientras tanto, otras partes muy sensibles de la zona genital tambi\u00e9n se ven favorecidas por dichas hondas provocando un estallido org\u00e1smico. Succionadores de cl\u00edtoris. Placer asegurado. Juguete femenino dise\u00f1ado para este fin y cumpliendo a raja tabla su l\u00fadico y excitante cometido. Marcas como Satisfyer, Lelo, Womanizer, Svakom y otras muchas m\u00e1s se est\u00e1n especializando en su desarrollo y con un tremendo \u00e9xito comercial. Como consecuencia de su efectividad, se ha hecho un fen\u00f3meno de masas con un sin fin de modelos, tama\u00f1os y colores. Probablemente ya tengas uno en casa y si no es tu caso, ya est\u00e1s tardando en comprarlo. Placer asegurado. Y amortizado! Porque de entre los 20 hasta los 200\u20ac que puedes encontrarlos hay una gran variedad. Velocidad, potencia, succi\u00f3n, vibraci\u00f3n, grandes, peque\u00f1os, ergon\u00f3micos\u2026 pero todos coinciden en que dejan un trabajo bien hecho.<br \/>\nAs\u00ed es que no olvides\u2026<br \/>\n&#8230;SUCCINADORES DE CL\u00cdTORIS. PLACER ASEGURADO.<\/p>","protected":false},"featured_media":3432,"comment_status":"closed","ping_status":"open","template":"","meta":{"_exactmetrics_skip_tracking":false,"_exactmetrics_sitenote_active":false,"_exactmetrics_sitenote_note":"","_exactmetrics_sitenote_category":0},"product_brand":[],"product_cat":[87,75],"product_tag":[264,263],"class_list":{"0":"post-11889","1":"product","2":"type-product","3":"status-publish","4":"has-post-thumbnail","6":"product_cat-satisfyer","7":"product_cat-succionadores-de-clitoris-placer-asegurado","8":"product_tag-salud","9":"product_tag-sex-shop","11":"entry","12":"has-media","14":"first","15":"instock","16":"taxable","17":"shipping-taxable","18":"purchasable","19":"product-type-simple","20":"has-product-nav","21":"col","22":"span_1_of_4","23":"owp-content-center","24":"item-entry","25":"owp-thumbs-layout-horizontal","26":"owp-btn-very-big","27":"owp-tabs-layout-section","28":"has-no-thumbnails"},"_links":{"self":[{"href":"https:\/\/autoplasex.com\/en\/wp-json\/wp\/v2\/product\/11889","targetHints":{"allow":["GET"]}}],"collection":[{"href":"https:\/\/autoplasex.com\/en\/wp-json\/wp\/v2\/product"}],"about":[{"href":"https:\/\/autoplasex.com\/en\/wp-json\/wp\/v2\/types\/product"}],"replies":[{"embeddable":true,"href":"https:\/\/autoplasex.com\/en\/wp-json\/wp\/v2\/comments?post=11889"}],"version-history":[{"count":0,"href":"https:\/\/autoplasex.com\/en\/wp-json\/wp\/v2\/product\/11889\/revisions"}],"wp:featuredmedia":[{"embeddable":true,"href":"https:\/\/autoplasex.com\/en\/wp-json\/wp\/v2\/media\/3432"}],"wp:attachment":[{"href":"https:\/\/autoplasex.com\/en\/wp-json\/wp\/v2\/media?parent=11889"}],"wp:term":[{"taxonomy":"product_brand","embeddable":true,"href":"https:\/\/autoplasex.com\/en\/wp-json\/wp\/v2\/product_brand?post=11889"},{"taxonomy":"product_cat","embeddable":true,"href":"https:\/\/autoplasex.com\/en\/wp-json\/wp\/v2\/product_cat?post=11889"},{"taxonomy":"product_tag","embeddable":true,"href":"https:\/\/autoplasex.com\/en\/wp-json\/wp\/v2\/product_tag?post=11889"}],"curies":[{"name":"wp","href":"https:\/\/api.w.org\/{rel}","templated":true}]}}