{"id":11890,"date":"2020-05-08T18:13:07","date_gmt":"2020-05-08T18:13:07","guid":{"rendered":"https:\/\/autoplasex.com\/producto\/satisfyer-pro-plus-vibracion\/"},"modified":"2020-12-17T21:21:50","modified_gmt":"2020-12-17T21:21:50","slug":"satisfyer-pro-plus-vibracion","status":"publish","type":"product","link":"https:\/\/autoplasex.com\/en\/product\/satisfyer-pro-plus-vibracion\/","title":{"rendered":"SATISFYER PRO PLUS VIBRACI\u00d3N"},"content":{"rendered":"<p>Satisfyer Pro Plus Vibration<\/p>\n<ul>\n<li>2:1 &#8211; Ondas de presi&oacute;n y vibraci&oacute;n<\/li>\n<li>orgasmos clitorianos incre&iacute;bles<\/li>\n<li>Los programas se controlan por separado<\/li>\n<li>2 motores potentes impermeable<\/li>\n<li>recargable, incl. cable USB de carga<\/li>\n<\/ul>\n<p>&iquest;Disfrutas de las ondas de presi&oacute;n de tu Satisfyer, pero echas de menos la vibraci&oacute;n sensual de un vibrador de contacto externo cl&aacute;sico? &iexcl;El nuevo Satisfyer Pro Plus Vibration a&uacute;na la deseada hipopresi&oacute;n estimulante con vibraciones sensuales y te acompa&ntilde;a a un placer incomparable!<\/p>\n<p>UN BUMER&Aacute;N PARA TODOS LOS CASOS<br \/>El dise&ntilde;o de este Satisfyer recuerda por su aspecto al arma australiana de madera, cuando lo tienes en la mano siempre vuelve a ti. &iexcl;As&iacute; lo experimentar&aacute;s con el Pro Plus Vibration! El manejable dador de placer es &iacute;ntegramente de silicona lisa, suave y dispone de la estimulaci&oacute;n cl&aacute;sica por ondas de presi&oacute;n, que estimulan el cl&iacute;toris sin contacto y tambi&eacute;n tiene una atrayente funci&oacute;n de vibraci&oacute;n. El suave cabezal de silicona rodea tu perla de placer, para que la hipopresi&oacute;n te lleve al &eacute;xtasis con pulsaciones de suaves a potentes mientras las vibraciones sensuales estimulan adicionalmente tu vagina.<\/p>\n<p>&iquest;UN ORGASMO? &iexcl;S&Iacute;, GRACIAS!<br \/>Como todos los productos de la familia Satisfyer el Pro Plus Vibration te mima con 11 niveles de intensidad. La funci&oacute;n de vibraci&oacute;n genera un placer adicional. El motor potente y silencioso genera sensuales vibraciones en el cabezal y te masajea con 10 programas de vibraci&oacute;n vers&aacute;tiles. Las ondas de presi&oacute;n y la vibraci&oacute;n se pueden controlar por separado y te permiten disfrutar de un placer completo con un final feliz. &iquest;Placer pleno debajo del agua? Gracias a su acabado impermeable el elegante dador de placer no teme ni la ducha ni la ba&ntilde;era y te acompa&ntilde;ara con placer en un ba&ntilde;o relajante.<\/p>\n<p>SUBE Y BAJA&nbsp; &#8211; ALL NIGHT LONG<br \/>Las ondas de presi&oacute;n se activan con el bot&oacute;n On y con las teclas +\/- se puede regulan ascendente o descendentemente como quieras. La vibraci&oacute;n se enciende con un bot&oacute;n, para que puedas disfrutar de las funciones por separado. Gracias a los acumuladores integrados el Satisfyer Pro Plus Vibration se puede cargar de nuevo con facilidad usando el cable USB magn&eacute;tico adjunto.<\/p>\n<p>MATERIAL Y CUIDADO<br \/>La silicona hipoalerg&eacute;nica, de la que est&aacute; hecho el cabezal intercambiable se une ergon&oacute;micamente y rodea el cl&iacute;toris con suavidad y precisi&oacute;n. El cabezal se puede retirar para limpiarlo. Para el placer supremo te recomendamos usar el juguete con un lubricante acuoso. El Satisfyer Pro Plus Vibration est&aacute; equipado con acumuladores integrados y lo puedes recargar. El cable magn&eacute;tico USB adjunto lo puedes completar con un enchufe habitual de 5 V.<\/p>\n<p>LA MARCA SATISFYER<br \/>La se&ntilde;a de identidad de los productos de la familia Satisfyer es la estimulaci&oacute;n del cl&iacute;toris sin contacto mediante ondas de presi&oacute;n intensivas. Este tipo de estimulaci&oacute;n depara orgasmos especialmente intensos a mujeres de todo el mundo, evitando al mismo tiempo la irritaci&oacute;n de la piel. Sus cabezales son de silicona de alta calidad en todos los modelos, y se pueden extraer y volver a colocar sin complicaciones, manteniendo as&iacute; la higiene de los dildos resistentes al agua durante mucho tiempo. Con estos juguetes, nada te impedir&aacute; disfrutar de orgasmos m&uacute;ltiples.<\/p>\n<p>Te advertimos que algunos de nuestros productos se pueden suministrar con las bater&iacute;as incluidas. A este respecto, ten en cuenta nuestras indicaciones sobre la ley que rige las cuestiones sobre bater&iacute;as.<\/p>\n<p style=\"text-align: center;\"><iframe allow=\"autoplay; encrypted-media\" allowfullscreen=\"\" frameborder=\"0\" height=\"350\" src=\"https:\/\/www.youtube.com\/embed\/CipgDTC1ffY?rel=0&amp;controls=0&amp;showinfo=0&amp;start=1\" width=\"750\"><\/iframe><\/p>","protected":false},"excerpt":{"rendered":"<p>En primer lugar debo decir que los Succionadores de cl\u00edtoris son placer asegurado. Ciertamente el aliado perfecto para tener orgasmos muy intensos en intervalos muy breves. Esto es posible porque se estimulan  las  m\u00e1s de 8000 terminaciones nerviosas de tu PUNTO C simult\u00e1neamente. \u00a1\u00bfTe das cuenta?! 8000 puntos de placer en menos de un cent\u00edmetro cuadrado. Y esto es debido a sus impulsos de aire que se expanden por la zona er\u00f3gena igual que las hondas del agua cuando lanzas una piedra. Como consecuencia tiene una mayor atracci\u00f3n de sangre hacia el cl\u00edtoris haci\u00e9ndolo m\u00e1s sensible, m\u00e1s grande y por tanto m\u00e1s excitable y placentero. Mientras tanto, otras partes muy sensibles de la zona genital tambi\u00e9n se ven favorecidas por dichas hondas provocando un estallido org\u00e1smico. Succionadores de cl\u00edtoris. Placer asegurado. Juguete femenino dise\u00f1ado para este fin y cumpliendo a raja tabla su l\u00fadico y excitante cometido. Marcas como Satisfyer, Lelo, Womanizer, Svakom y otras muchas m\u00e1s se est\u00e1n especializando en su desarrollo y con un tremendo \u00e9xito comercial. Como consecuencia de su efectividad, se ha hecho un fen\u00f3meno de masas con un sin fin de modelos, tama\u00f1os y colores. Probablemente ya tengas uno en casa y si no es tu caso, ya est\u00e1s tardando en comprarlo. Placer asegurado. Y amortizado! Porque de entre los 20 hasta los 200\u20ac que puedes encontrarlos hay una gran variedad. Velocidad, potencia, succi\u00f3n, vibraci\u00f3n, grandes, peque\u00f1os, ergon\u00f3micos\u2026 pero todos coinciden en que dejan un trabajo bien hecho.<br \/>\nAs\u00ed es que no olvides\u2026<br \/>\n&#8230;SUCCINADORES DE CL\u00cdTORIS. PLACER ASEGURADO.<\/p>","protected":false},"featured_media":3392,"comment_status":"closed","ping_status":"closed","template":"","meta":{"_exactmetrics_skip_tracking":false,"_exactmetrics_sitenote_active":false,"_exactmetrics_sitenote_note":"","_exactmetrics_sitenote_category":0},"product_brand":[],"product_cat":[87,75],"product_tag":[264,263],"class_list":{"0":"post-11890","1":"product","2":"type-product","3":"status-publish","4":"has-post-thumbnail","6":"product_cat-satisfyer","7":"product_cat-succionadores-de-clitoris-placer-asegurado","8":"product_tag-salud","9":"product_tag-sex-shop","11":"entry","12":"has-media","14":"first","15":"instock","16":"taxable","17":"shipping-taxable","18":"purchasable","19":"product-type-simple","20":"has-product-nav","21":"col","22":"span_1_of_4","23":"owp-content-center","24":"item-entry","25":"owp-thumbs-layout-horizontal","26":"owp-btn-very-big","27":"owp-tabs-layout-section","28":"has-no-thumbnails"},"_links":{"self":[{"href":"https:\/\/autoplasex.com\/en\/wp-json\/wp\/v2\/product\/11890","targetHints":{"allow":["GET"]}}],"collection":[{"href":"https:\/\/autoplasex.com\/en\/wp-json\/wp\/v2\/product"}],"about":[{"href":"https:\/\/autoplasex.com\/en\/wp-json\/wp\/v2\/types\/product"}],"replies":[{"embeddable":true,"href":"https:\/\/autoplasex.com\/en\/wp-json\/wp\/v2\/comments?post=11890"}],"version-history":[{"count":0,"href":"https:\/\/autoplasex.com\/en\/wp-json\/wp\/v2\/product\/11890\/revisions"}],"wp:featuredmedia":[{"embeddable":true,"href":"https:\/\/autoplasex.com\/en\/wp-json\/wp\/v2\/media\/3392"}],"wp:attachment":[{"href":"https:\/\/autoplasex.com\/en\/wp-json\/wp\/v2\/media?parent=11890"}],"wp:term":[{"taxonomy":"product_brand","embeddable":true,"href":"https:\/\/autoplasex.com\/en\/wp-json\/wp\/v2\/product_brand?post=11890"},{"taxonomy":"product_cat","embeddable":true,"href":"https:\/\/autoplasex.com\/en\/wp-json\/wp\/v2\/product_cat?post=11890"},{"taxonomy":"product_tag","embeddable":true,"href":"https:\/\/autoplasex.com\/en\/wp-json\/wp\/v2\/product_tag?post=11890"}],"curies":[{"name":"wp","href":"https:\/\/api.w.org\/{rel}","templated":true}]}}