{"id":12849,"date":"2020-05-10T20:38:47","date_gmt":"2020-05-10T20:38:47","guid":{"rendered":"https:\/\/autoplasex.com\/producto\/lelo-estimulador-clitoris-sona-2-cruise-negro\/"},"modified":"2020-05-12T14:51:02","modified_gmt":"2020-05-12T14:51:02","slug":"lelo-estimulador-clitoris-sona-2-cruise-negro","status":"publish","type":"product","link":"https:\/\/autoplasex.com\/en\/product\/lelo-estimulador-clitoris-sona-2-cruise-negro\/","title":{"rendered":"LELO ESTIMULADOR CLITORIS SONA 2 CRUISE NEGRO"},"content":{"rendered":"<p>Uno de los mayores &eacute;xitos de Lelo presenta ahora a su hermano mayor, el SONA 2. La nueva generaci&oacute;n del redefinido Climax<\/p>\n<p>Es m&aacute;s grande, m&aacute;s atrevido e incluye la famosa funci&oacute;n Cruise&nbsp;<\/p>\n<p>La funci&oacute;n Cruise incluye un 20% m&aacute;s de potencia sin reducir con ello la intensidad, as&iacute; que el motor no bajar&aacute; de potencia con una comprensi&oacute;n contra el cuerpo mayor y funcionar&aacute; de forma autom&aacute;tica d&aacute;ndote una estimulaci&oacute;n consistente cuando m&aacute;s lo necesites.&nbsp;<\/p>\n<p>Por qu&eacute; lo amar&aacute;s:&nbsp;<\/p>\n<p>Estimulaci&oacute;n por ondas sin contacto directo.&nbsp;<\/p>\n<ul>\n<li>Las ondas del Sona 2 ofrecen un sutil e increible estimulaci&oacute;n sobre el cl&iacute;toris que proporcionar&aacute; un placer como nunca antes.&nbsp;<\/li>\n<\/ul>\n<p>Mayor superficie para un palcer m&ntilde;as profundo.&nbsp;<\/p>\n<ul>\n<li>M&aacute;s suave, mas profundo y una boquilla mayor para una satisfacci&oacute;n tanto por dentro como fuera.&nbsp;<\/li>\n<\/ul>\n<p>Silicona extra suave<\/p>\n<ul>\n<li>&nbsp;Silicona ultra suave premium body safe&nbsp;<\/li>\n<\/ul>\n<p>CRUISE CONTROL<\/p>\n<p>Autom&aacute;ticamente aumenta la intensidad cuando se presiona con m&aacute;s intensidad sobre el cuerpo para controlar y tener un placer consistente y al gusto.&nbsp;<\/p>\n<p>Caracter&iacute;sticas:&nbsp;<\/p>\n<ul>\n<li>12 modos de vibraci&oacute;n&nbsp;<\/li>\n<li>100% sumergible completamente recargable por USB&nbsp;<\/li>\n<li>Sutil,&nbsp;potente y hecho con silicona premium&nbsp;<\/li>\n<li>Dimensiones: 99 x 87 x 56mm&nbsp;<\/li>\n<\/ul>\n<p>&nbsp;<\/p>\n<p>&nbsp;<\/p>","protected":false},"excerpt":{"rendered":"<p>En primer lugar debo decir que los Succionadores de cl\u00edtoris son placer asegurado. Ciertamente el aliado perfecto para tener orgasmos muy intensos en intervalos muy breves. Esto es posible porque se estimulan  las  m\u00e1s de 8000 terminaciones nerviosas de tu PUNTO C simult\u00e1neamente. \u00a1\u00bfTe das cuenta?! 8000 puntos de placer en menos de un cent\u00edmetro cuadrado. Y esto es debido a sus impulsos de aire que se expanden por la zona er\u00f3gena igual que las hondas del agua cuando lanzas una piedra. Como consecuencia tiene una mayor atracci\u00f3n de sangre hacia el cl\u00edtoris haci\u00e9ndolo m\u00e1s sensible, m\u00e1s grande y por tanto m\u00e1s excitable y placentero. Mientras tanto, otras partes muy sensibles de la zona genital tambi\u00e9n se ven favorecidas por dichas hondas provocando un estallido org\u00e1smico. Succionadores de cl\u00edtoris. Placer asegurado. Juguete femenino dise\u00f1ado para este fin y cumpliendo a raja tabla su l\u00fadico y excitante cometido. Marcas como Satisfyer, Lelo, Womanizer, Svakom y otras muchas m\u00e1s se est\u00e1n especializando en su desarrollo y con un tremendo \u00e9xito comercial. Como consecuencia de su efectividad, se ha hecho un fen\u00f3meno de masas con un sin fin de modelos, tama\u00f1os y colores. Probablemente ya tengas uno en casa y si no es tu caso, ya est\u00e1s tardando en comprarlo. Placer asegurado. Y amortizado! Porque de entre los 20 hasta los 200\u20ac que puedes encontrarlos hay una gran variedad. Velocidad, potencia, succi\u00f3n, vibraci\u00f3n, grandes, peque\u00f1os, ergon\u00f3micos\u2026 pero todos coinciden en que dejan un trabajo bien hecho.<br \/>\nAs\u00ed es que no olvides\u2026<br \/>\n&#8230;SUCCINADORES DE CL\u00cdTORIS. PLACER ASEGURADO.<\/p>","protected":false},"featured_media":6639,"comment_status":"closed","ping_status":"open","template":"","meta":{"_exactmetrics_skip_tracking":false,"_exactmetrics_sitenote_active":false,"_exactmetrics_sitenote_note":"","_exactmetrics_sitenote_category":0},"product_brand":[],"product_cat":[86,75],"product_tag":[264,263],"class_list":{"0":"post-12849","1":"product","2":"type-product","3":"status-publish","4":"has-post-thumbnail","6":"product_cat-lelo","7":"product_cat-succionadores-de-clitoris-placer-asegurado","8":"product_tag-salud","9":"product_tag-sex-shop","11":"entry","12":"has-media","14":"first","15":"instock","16":"taxable","17":"shipping-taxable","18":"purchasable","19":"product-type-simple","20":"has-product-nav","21":"col","22":"span_1_of_4","23":"owp-content-center","24":"item-entry","25":"owp-thumbs-layout-horizontal","26":"owp-btn-very-big","27":"owp-tabs-layout-section","28":"has-no-thumbnails"},"_links":{"self":[{"href":"https:\/\/autoplasex.com\/en\/wp-json\/wp\/v2\/product\/12849","targetHints":{"allow":["GET"]}}],"collection":[{"href":"https:\/\/autoplasex.com\/en\/wp-json\/wp\/v2\/product"}],"about":[{"href":"https:\/\/autoplasex.com\/en\/wp-json\/wp\/v2\/types\/product"}],"replies":[{"embeddable":true,"href":"https:\/\/autoplasex.com\/en\/wp-json\/wp\/v2\/comments?post=12849"}],"version-history":[{"count":0,"href":"https:\/\/autoplasex.com\/en\/wp-json\/wp\/v2\/product\/12849\/revisions"}],"wp:featuredmedia":[{"embeddable":true,"href":"https:\/\/autoplasex.com\/en\/wp-json\/wp\/v2\/media\/6639"}],"wp:attachment":[{"href":"https:\/\/autoplasex.com\/en\/wp-json\/wp\/v2\/media?parent=12849"}],"wp:term":[{"taxonomy":"product_brand","embeddable":true,"href":"https:\/\/autoplasex.com\/en\/wp-json\/wp\/v2\/product_brand?post=12849"},{"taxonomy":"product_cat","embeddable":true,"href":"https:\/\/autoplasex.com\/en\/wp-json\/wp\/v2\/product_cat?post=12849"},{"taxonomy":"product_tag","embeddable":true,"href":"https:\/\/autoplasex.com\/en\/wp-json\/wp\/v2\/product_tag?post=12849"}],"curies":[{"name":"wp","href":"https:\/\/api.w.org\/{rel}","templated":true}]}}