{"id":12855,"date":"2020-05-10T20:38:47","date_gmt":"2020-05-10T20:38:47","guid":{"rendered":"https:\/\/autoplasex.com\/producto\/lelo-estimulador-clitoris-sona-cruise-rosa\/"},"modified":"2020-05-12T14:50:52","modified_gmt":"2020-05-12T14:50:52","slug":"lelo-estimulador-clitoris-sona-cruise-rosa","status":"publish","type":"product","link":"https:\/\/autoplasex.com\/en\/product\/lelo-estimulador-clitoris-sona-cruise-rosa\/","title":{"rendered":"LELO ESTIMULADOR CLITORIS SONA CRUISE ROSA"},"content":{"rendered":"<p>Para la mayor&iacute;a de las mujeres, el placer sexual se trata tanto del viaje como del destino. El masajeador s&oacute;nico SONA&trade; Cruise estimula todo el cl&iacute;toris, su parte externa y su parte interna, con oleadas de consistentes zumbidos, para alcanzar un tipo de orgasmo con el agradable masaje del tejido interno, a trav&eacute;s del masaje con ondas s&oacute;nicas.<\/p>\n<p>Un cl&iacute;max extendido tras una sensual excitaci&oacute;n progresiva, un orgasmo que viene de alg&uacute;n sitio dentro de ti. Y, gracias al regulador de velocidad Cruise Control, podr&aacute;s mantener el placer exactamente c&oacute;mo lo deseas.<\/p>\n<p><strong>&iquest;Qu&eacute; es Cruise Control?<\/strong><\/p>\n<p>Por primera vez en la Historia, la tecnolog&iacute;a que se ha utilizado durante a&ntilde;os en los coches de competici&oacute;n llega a los juguetes sexuales.<\/p>\n<p>Desarrollado por LELO de manera exclusiva para SONA Cruise, el regulador de velocidad Cruise Control mantiene toda la intensidad del juguete cuando lo presionas sobre tu cuerpo. De este modo, vivir&aacute;s una experiencia sensual perfectamente consistente. Y lo mejor de todo es que se trata de una funci&oacute;n autom&aacute;tica que borra de un plumazo la queja m&aacute;s com&uacute;n sobre los productos de placer.<\/p>\n<p><strong>Caracter&iacute;sticas<\/strong><\/p>\n<ul>\n<li>Completamente sumergible.<\/li>\n<li>F&aacute;cil de limpiar<\/li>\n<li>El material suave y sumergible lo hace incre&iacute;blemente f&aacute;cil de limpiar.<\/li>\n<li>Recargable por USB. Con su cable de recarga por USB incluido, podr&aacute;s llevar tu SONA Cruise all&aacute; donde vayas.<\/li>\n<li>8 modos para el placer. Una selecci&oacute;n de modos de estimulaci&oacute;n pensada para que encuentres la sensaci&oacute;n que m&aacute;s te apetezca.<\/li>\n<\/ul>\n<p><strong>C&oacute;mo se usa:<\/strong><\/p>\n<ul>\n<li>Para desbloquearlo, presiona los botones +\/- durante 3 segundos, hasta que la luz se encienda.<\/li>\n<li>Pulsa el bot&oacute;n + para encenderlo y para incrementar la intensidad de las vibraciones. Pulsa el bot&oacute;n () para probar sus 8 modos de estimulaci&oacute;n.<\/li>\n<li>Pulsa el bot&oacute;n &ndash; para reducir la intensidad de las vibraciones, y presi&oacute;nalo para apagarlo.<\/li>\n<\/ul>\n<p><strong>Especificaciones t&eacute;cnicas:&nbsp;<\/strong><\/p>\n<ul>\n<li>Material: ABS y silicona<\/li>\n<li>Acabado: mate y brillante<\/li>\n<li>Tama&ntilde;o: 99 x 88 x 56mm<\/li>\n<li>Peso: 116g<\/li>\n<li>Bater&iacute;a: Li-Ion 530mA 3.7V<\/li>\n<li>Tiempo de carga: 2 ore a 5,0 V 100 mA<\/li>\n<li>Duraci&oacute;n: 1h<\/li>\n<li>Modos de estimulaci&oacute;n: 8<\/li>\n<li>Frecuencia: 120Hz<\/li>\n<li>M&aacute;x. nivel de ruido: &lt;50dB<\/li>\n<li>Interfaz: 3 botones<\/li>\n<li>Color: Rosa<\/li>\n<\/ul>","protected":false},"excerpt":{"rendered":"<p>En primer lugar debo decir que los Succionadores de cl\u00edtoris son placer asegurado. Ciertamente el aliado perfecto para tener orgasmos muy intensos en intervalos muy breves. Esto es posible porque se estimulan  las  m\u00e1s de 8000 terminaciones nerviosas de tu PUNTO C simult\u00e1neamente. \u00a1\u00bfTe das cuenta?! 8000 puntos de placer en menos de un cent\u00edmetro cuadrado. Y esto es debido a sus impulsos de aire que se expanden por la zona er\u00f3gena igual que las hondas del agua cuando lanzas una piedra. Como consecuencia tiene una mayor atracci\u00f3n de sangre hacia el cl\u00edtoris haci\u00e9ndolo m\u00e1s sensible, m\u00e1s grande y por tanto m\u00e1s excitable y placentero. Mientras tanto, otras partes muy sensibles de la zona genital tambi\u00e9n se ven favorecidas por dichas hondas provocando un estallido org\u00e1smico. Succionadores de cl\u00edtoris. Placer asegurado. Juguete femenino dise\u00f1ado para este fin y cumpliendo a raja tabla su l\u00fadico y excitante cometido. Marcas como Satisfyer, Lelo, Womanizer, Svakom y otras muchas m\u00e1s se est\u00e1n especializando en su desarrollo y con un tremendo \u00e9xito comercial. Como consecuencia de su efectividad, se ha hecho un fen\u00f3meno de masas con un sin fin de modelos, tama\u00f1os y colores. Probablemente ya tengas uno en casa y si no es tu caso, ya est\u00e1s tardando en comprarlo. Placer asegurado. Y amortizado! Porque de entre los 20 hasta los 200\u20ac que puedes encontrarlos hay una gran variedad. Velocidad, potencia, succi\u00f3n, vibraci\u00f3n, grandes, peque\u00f1os, ergon\u00f3micos\u2026 pero todos coinciden en que dejan un trabajo bien hecho.<br \/>\nAs\u00ed es que no olvides\u2026<br \/>\n&#8230;SUCCINADORES DE CL\u00cdTORIS. PLACER ASEGURADO.<\/p>","protected":false},"featured_media":6583,"comment_status":"closed","ping_status":"open","template":"","meta":{"_exactmetrics_skip_tracking":false,"_exactmetrics_sitenote_active":false,"_exactmetrics_sitenote_note":"","_exactmetrics_sitenote_category":0},"product_brand":[],"product_cat":[86,75],"product_tag":[264,263],"class_list":{"0":"post-12855","1":"product","2":"type-product","3":"status-publish","4":"has-post-thumbnail","6":"product_cat-lelo","7":"product_cat-succionadores-de-clitoris-placer-asegurado","8":"product_tag-salud","9":"product_tag-sex-shop","11":"entry","12":"has-media","14":"first","15":"instock","16":"taxable","17":"shipping-taxable","18":"purchasable","19":"product-type-simple","20":"has-product-nav","21":"col","22":"span_1_of_4","23":"owp-content-center","24":"item-entry","25":"owp-thumbs-layout-horizontal","26":"owp-btn-very-big","27":"owp-tabs-layout-section","28":"has-no-thumbnails"},"_links":{"self":[{"href":"https:\/\/autoplasex.com\/en\/wp-json\/wp\/v2\/product\/12855","targetHints":{"allow":["GET"]}}],"collection":[{"href":"https:\/\/autoplasex.com\/en\/wp-json\/wp\/v2\/product"}],"about":[{"href":"https:\/\/autoplasex.com\/en\/wp-json\/wp\/v2\/types\/product"}],"replies":[{"embeddable":true,"href":"https:\/\/autoplasex.com\/en\/wp-json\/wp\/v2\/comments?post=12855"}],"version-history":[{"count":0,"href":"https:\/\/autoplasex.com\/en\/wp-json\/wp\/v2\/product\/12855\/revisions"}],"wp:featuredmedia":[{"embeddable":true,"href":"https:\/\/autoplasex.com\/en\/wp-json\/wp\/v2\/media\/6583"}],"wp:attachment":[{"href":"https:\/\/autoplasex.com\/en\/wp-json\/wp\/v2\/media?parent=12855"}],"wp:term":[{"taxonomy":"product_brand","embeddable":true,"href":"https:\/\/autoplasex.com\/en\/wp-json\/wp\/v2\/product_brand?post=12855"},{"taxonomy":"product_cat","embeddable":true,"href":"https:\/\/autoplasex.com\/en\/wp-json\/wp\/v2\/product_cat?post=12855"},{"taxonomy":"product_tag","embeddable":true,"href":"https:\/\/autoplasex.com\/en\/wp-json\/wp\/v2\/product_tag?post=12855"}],"curies":[{"name":"wp","href":"https:\/\/api.w.org\/{rel}","templated":true}]}}