{"id":13017,"date":"2020-05-12T11:43:40","date_gmt":"2020-05-12T11:43:40","guid":{"rendered":"https:\/\/autoplasex.com\/producto\/coverme-dedal-estimulador-de-silicona-recargable-ducky\/"},"modified":"2022-03-12T18:15:41","modified_gmt":"2022-03-12T18:15:41","slug":"coverme-dedal-estimulador-de-silicona-recargable-ducky","status":"publish","type":"product","link":"https:\/\/autoplasex.com\/en\/product\/coverme-dedal-estimulador-de-silicona-recargable-ducky\/","title":{"rendered":"COVERME DEDAL ESTIMULADOR DE SILICONA RECARGABLE DUCKY"},"content":{"rendered":"<ul>\n<li><\/li>\n<\/ul>\n<p style=\"text-align: center;\"><iframe src=\"https:\/\/www.youtube.com\/embed\/I1FbzmmharU\" width=\"800\" height=\"350\" frameborder=\"0\" scrolling=\"no\" allowfullscreen=\"allowfullscreen\"><\/iframe><\/p>","protected":false},"excerpt":{"rendered":"<p>Descubre una nueva revoluci\u00f3n! Ducky es un dedal estimulador de potencia inigualable pero de un tama\u00f1o tan peque\u00f1o que podr\u00e1s llevarlo a cualquier lugar. Es discreto como tu mejor amante, potente como un buen hombre,\u00a0 y divertido como tu mejor pareja.<\/p>\n<p>Equipado con una suave capa de silicona aterciopelada perfecto para llevar en el bolso y estimular en cualquier lugar, sea el trabajo, reuni\u00f3n de amigos o donde tu imaginaci\u00f3n te lo pida. Tan solo introduce Ducky suavemente por tu dedo y act\u00edvalo! El har\u00e1 el resto, empieza a masajear el cl\u00edtoris o el pene de tu pareja llegando a sensaciones vibrantes cuando el coraz\u00f3n te lo pida.<\/p>\n<ul>\n<li>Equipado con un potente motor y un manejo sencillo de 8 modos de vibraci\u00f3n + 3 intensidades recorriendo de suave a fuerte con diferentes pulsaciones.<\/li>\n<li>100% Sumergible, \u00fasalo en la ducha, o en la ba\u00f1era, desata tu dosis de placer.<\/li>\n<li>Dise\u00f1ado y manufacturado en Alemania<\/li>\n<li>Silencioso, menos de 50db<\/li>\n<li>Libre de Phthalate<\/li>\n<li>Recargable con bater\u00eda de Lithium Polymer. \u00a0Porque debes proteger al planeta<\/li>\n<li>Fabricado con silicona medica anti alerg\u00e9nica porque debes proteger tu cuerpo.<\/li>\n<li>F\u00e1cil limpieza con el toy cleaner Intimichic o con agua y jab\u00f3n ph neutro.<\/li>\n<li>Longitud; 4.5 cm<\/li>\n<li>Ancho; 4.1 cm<\/li>\n<li>Fondo; \u00a02.0 cm<\/li>\n<li>Ducky pesa tan solo 16g gramos, muy f\u00e1cil de manejar.<\/li>\n<\/ul>\n<p>Estimula las zonas er\u00f3genas exteriores del cuerpo a trav\u00e9s del contacto, el masaje y la posici\u00f3n.<\/p>\n<p>Coverme arrasa gracias a sus potentes motores de baja frecuencia .La silicona suave y sedosa realza la belleza de un juguete que siempre deja el deseo de volver a utilizarlo.<\/p>\n<p>La nueva colecci\u00f3n PURPLE COVERME, est\u00e1 dise\u00f1ada y pensada para desarrollar las Fantasias que siempre has pensado y que han llenado tu mente con la garant\u00eda de un juguete de primera calidad.<\/p>\n<p>Al abrir una caja de Coverme Ducky\u00a0encontrar\u00e1s;<\/p>\n<ul>\n<li>Ducky<\/li>\n<li>Cable Cargador Usb<\/li>\n<li>Instrucciones en varios idiomas<\/li>\n<\/ul>","protected":false},"featured_media":13124,"comment_status":"closed","ping_status":"closed","template":"","meta":{"_exactmetrics_skip_tracking":false,"_exactmetrics_sitenote_active":false,"_exactmetrics_sitenote_note":"","_exactmetrics_sitenote_category":0},"product_brand":[],"product_cat":[268,85,27],"product_tag":[],"class_list":{"0":"post-13017","1":"product","2":"type-product","3":"status-publish","4":"has-post-thumbnail","6":"product_cat-coverme","7":"product_cat-masajeadores","8":"product_cat-traviesas","10":"entry","11":"has-media","13":"first","14":"instock","15":"taxable","16":"shipping-taxable","17":"purchasable","18":"product-type-simple","19":"has-product-nav","20":"col","21":"span_1_of_4","22":"owp-content-center","23":"item-entry","24":"owp-thumbs-layout-horizontal","25":"owp-btn-very-big","26":"owp-tabs-layout-section"},"_links":{"self":[{"href":"https:\/\/autoplasex.com\/en\/wp-json\/wp\/v2\/product\/13017","targetHints":{"allow":["GET"]}}],"collection":[{"href":"https:\/\/autoplasex.com\/en\/wp-json\/wp\/v2\/product"}],"about":[{"href":"https:\/\/autoplasex.com\/en\/wp-json\/wp\/v2\/types\/product"}],"replies":[{"embeddable":true,"href":"https:\/\/autoplasex.com\/en\/wp-json\/wp\/v2\/comments?post=13017"}],"version-history":[{"count":1,"href":"https:\/\/autoplasex.com\/en\/wp-json\/wp\/v2\/product\/13017\/revisions"}],"predecessor-version":[{"id":13126,"href":"https:\/\/autoplasex.com\/en\/wp-json\/wp\/v2\/product\/13017\/revisions\/13126"}],"wp:featuredmedia":[{"embeddable":true,"href":"https:\/\/autoplasex.com\/en\/wp-json\/wp\/v2\/media\/13124"}],"wp:attachment":[{"href":"https:\/\/autoplasex.com\/en\/wp-json\/wp\/v2\/media?parent=13017"}],"wp:term":[{"taxonomy":"product_brand","embeddable":true,"href":"https:\/\/autoplasex.com\/en\/wp-json\/wp\/v2\/product_brand?post=13017"},{"taxonomy":"product_cat","embeddable":true,"href":"https:\/\/autoplasex.com\/en\/wp-json\/wp\/v2\/product_cat?post=13017"},{"taxonomy":"product_tag","embeddable":true,"href":"https:\/\/autoplasex.com\/en\/wp-json\/wp\/v2\/product_tag?post=13017"}],"curies":[{"name":"wp","href":"https:\/\/api.w.org\/{rel}","templated":true}]}}