{"id":13022,"date":"2020-05-12T11:43:40","date_gmt":"2020-05-12T11:43:40","guid":{"rendered":"https:\/\/autoplasex.com\/producto\/coverme-kegel-entrenador-pelvico-lila\/"},"modified":"2022-03-12T18:15:41","modified_gmt":"2022-03-12T18:15:41","slug":"coverme-kegel-entrenador-pelvico-lila","status":"publish","type":"product","link":"https:\/\/autoplasex.com\/en\/product\/coverme-kegel-entrenador-pelvico-lila\/","title":{"rendered":"COVERME KEGEL ENTRENADOR PELVICO LILA"},"content":{"rendered":"<p><a href=\"https:\/\/autoplasex.com\/wp-content\/uploads\/2020\/05\/COVERME-ENTRENADOR-PELVICO3.jpg\"><img fetchpriority=\"high\" decoding=\"async\" class=\"alignnone size-medium wp-image-13027\" src=\"https:\/\/autoplasex.com\/wp-content\/uploads\/2020\/05\/COVERME-ENTRENADOR-PELVICO3-300x300.jpg\" alt=\"\" width=\"300\" height=\"300\" srcset=\"https:\/\/autoplasex.com\/wp-content\/uploads\/2020\/05\/COVERME-ENTRENADOR-PELVICO3-300x300.jpg 300w, https:\/\/autoplasex.com\/wp-content\/uploads\/2020\/05\/COVERME-ENTRENADOR-PELVICO3-150x150.jpg 150w, https:\/\/autoplasex.com\/wp-content\/uploads\/2020\/05\/COVERME-ENTRENADOR-PELVICO3-768x768.jpg 768w, https:\/\/autoplasex.com\/wp-content\/uploads\/2020\/05\/COVERME-ENTRENADOR-PELVICO3-600x600.jpg 600w, https:\/\/autoplasex.com\/wp-content\/uploads\/2020\/05\/COVERME-ENTRENADOR-PELVICO3-100x100.jpg 100w, https:\/\/autoplasex.com\/wp-content\/uploads\/2020\/05\/COVERME-ENTRENADOR-PELVICO3.jpg 800w\" sizes=\"(max-width: 300px) 100vw, 300px\" \/><\/a><a href=\"https:\/\/autoplasex.com\/wp-content\/uploads\/2020\/05\/COVERME-ENTRENADOR-PELVICO2.jpg\"><img decoding=\"async\" class=\"alignnone size-medium wp-image-13026\" src=\"https:\/\/autoplasex.com\/wp-content\/uploads\/2020\/05\/COVERME-ENTRENADOR-PELVICO2-300x300.jpg\" alt=\"\" width=\"300\" height=\"300\" srcset=\"https:\/\/autoplasex.com\/wp-content\/uploads\/2020\/05\/COVERME-ENTRENADOR-PELVICO2-300x300.jpg 300w, https:\/\/autoplasex.com\/wp-content\/uploads\/2020\/05\/COVERME-ENTRENADOR-PELVICO2-150x150.jpg 150w, https:\/\/autoplasex.com\/wp-content\/uploads\/2020\/05\/COVERME-ENTRENADOR-PELVICO2-768x768.jpg 768w, https:\/\/autoplasex.com\/wp-content\/uploads\/2020\/05\/COVERME-ENTRENADOR-PELVICO2-600x600.jpg 600w, https:\/\/autoplasex.com\/wp-content\/uploads\/2020\/05\/COVERME-ENTRENADOR-PELVICO2-100x100.jpg 100w, https:\/\/autoplasex.com\/wp-content\/uploads\/2020\/05\/COVERME-ENTRENADOR-PELVICO2.jpg 800w\" sizes=\"(max-width: 300px) 100vw, 300px\" \/><\/a> <a href=\"https:\/\/autoplasex.com\/wp-content\/uploads\/2020\/05\/COVERME-ENTRENADOR-PELVICO4.jpg\"><img decoding=\"async\" class=\"alignnone size-medium wp-image-13028\" src=\"https:\/\/autoplasex.com\/wp-content\/uploads\/2020\/05\/COVERME-ENTRENADOR-PELVICO4-300x300.jpg\" alt=\"\" width=\"300\" height=\"300\" srcset=\"https:\/\/autoplasex.com\/wp-content\/uploads\/2020\/05\/COVERME-ENTRENADOR-PELVICO4-300x300.jpg 300w, https:\/\/autoplasex.com\/wp-content\/uploads\/2020\/05\/COVERME-ENTRENADOR-PELVICO4-150x150.jpg 150w, https:\/\/autoplasex.com\/wp-content\/uploads\/2020\/05\/COVERME-ENTRENADOR-PELVICO4-768x768.jpg 768w, https:\/\/autoplasex.com\/wp-content\/uploads\/2020\/05\/COVERME-ENTRENADOR-PELVICO4-600x600.jpg 600w, https:\/\/autoplasex.com\/wp-content\/uploads\/2020\/05\/COVERME-ENTRENADOR-PELVICO4-100x100.jpg 100w, https:\/\/autoplasex.com\/wp-content\/uploads\/2020\/05\/COVERME-ENTRENADOR-PELVICO4.jpg 800w\" sizes=\"(max-width: 300px) 100vw, 300px\" \/><\/a> <a href=\"https:\/\/autoplasex.com\/wp-content\/uploads\/2020\/05\/COVERME-ENTRENADOR-PELVICO6.jpg\"><img loading=\"lazy\" decoding=\"async\" class=\"alignnone size-medium wp-image-13030\" src=\"https:\/\/autoplasex.com\/wp-content\/uploads\/2020\/05\/COVERME-ENTRENADOR-PELVICO6-300x300.jpg\" alt=\"\" width=\"300\" height=\"300\" srcset=\"https:\/\/autoplasex.com\/wp-content\/uploads\/2020\/05\/COVERME-ENTRENADOR-PELVICO6-300x300.jpg 300w, https:\/\/autoplasex.com\/wp-content\/uploads\/2020\/05\/COVERME-ENTRENADOR-PELVICO6-150x150.jpg 150w, https:\/\/autoplasex.com\/wp-content\/uploads\/2020\/05\/COVERME-ENTRENADOR-PELVICO6-768x767.jpg 768w, https:\/\/autoplasex.com\/wp-content\/uploads\/2020\/05\/COVERME-ENTRENADOR-PELVICO6-600x599.jpg 600w, https:\/\/autoplasex.com\/wp-content\/uploads\/2020\/05\/COVERME-ENTRENADOR-PELVICO6-100x100.jpg 100w, https:\/\/autoplasex.com\/wp-content\/uploads\/2020\/05\/COVERME-ENTRENADOR-PELVICO6.jpg 790w\" sizes=\"(max-width: 300px) 100vw, 300px\" \/><\/a>Coverme Kegel Fit es tu entrenador del suelo p\u00e9lvico! Entrena de forma divertida la musculatura del suelo p\u00e9lvico.<\/p>\n<p>Aprovecha la oportunidad de conseguir este fabuloso set de bolas Kegel Fit a un precio \u00fanico.<\/p>\n<p>Sin ning\u00fan esfuerzo notar\u00e1s resultados incre\u00edbles en tu bienestar corporal. Una mejora para la incontinencia urinaria que adem\u00e1s bajo el fortalecimiento del suelo p\u00e9lvico consigues aumentar las sensaciones durante las relaciones sexuales. Por lo tanto las Kegel Fit son el entrenador del suelo p\u00e9lvico perfecto.<\/p>\n<ul>\n<li>Comienza poco a poco, empieza utilizando las Perfect Fit de una sola bola, con su peso liguero se adaptan perfectamente a la anatom\u00eda femenina y con las rotaciones de la bola interior provocan contracciones involuntarias de la musculatura del suelo p\u00e9lvico.<\/li>\n<li>Tras Algunas semanas utilizando Perfect Fit bola unitaria avanza utilizando las Perfect Fit con dos bolas.<\/li>\n<\/ul>\n<p>Consigue intensos orgasmos y mejora tu bienestar.<\/p>\n<ul>\n<li>Fabricado con silicona medica anti alerg\u00e9nica porque debes proteger tu cuerpo<\/li>\n<li>Dise\u00f1ado y manufacturado en Alemania<\/li>\n<li>Libre de Phthalate<\/li>\n<li>F\u00e1cil limpieza con el toy cleaner Intimichic o con agua y jab\u00f3n ph neutro.<\/li>\n<li>Medida Bola One; 3.5 cm di\u00e1metro x 10 cm longitud total<\/li>\n<li>Peso bola unitaria: 40 gr<\/li>\n<li>Medida Bola Doble; 3.5 cm di\u00e1metro x 15.4 cm longitud total<\/li>\n<li>Peso bola doble: 85 gr<\/li>\n<li>Peso total; 128g gramos<\/li>\n<\/ul>\n<p>Al abrir una caja de Coverme Kegel Fit, encontrar\u00e1s;<\/p>\n<ul>\n<li>Bola Unitaria<\/li>\n<li>Bola Doble<\/li>\n<li>Bolsa para guardar tras su uso<\/li>\n<li>Instrucciones de uso.<\/li>\n<\/ul>\n<p style=\"text-align: center;\"><iframe src=\"https:\/\/www.youtube.com\/embed\/nhfEtPT0X5s\" width=\"800\" height=\"300\" frameborder=\"0\" scrolling=\"no\" allowfullscreen=\"allowfullscreen\"><\/iframe><\/p>","protected":false},"excerpt":{"rendered":"<p>Coverme Kegel Fit es tu entrenador del suelo p\u00e9lvico! Entrena de forma divertida la musculatura del suelo p\u00e9lvico. Aprovecha la oportunidad de conseguir este fabuloso set de bolas Kegel Fit a un precio \u00fanico. Sin ning\u00fan esfuerzo notar\u00e1s resultados incre\u00edbles en tu bienestar corporal. Una mejora para la incontinencia urinaria que adem\u00e1s bajo el fortalecimiento [&hellip;]<\/p>","protected":false},"featured_media":13032,"comment_status":"closed","ping_status":"closed","template":"","meta":{"_exactmetrics_skip_tracking":false,"_exactmetrics_sitenote_active":false,"_exactmetrics_sitenote_note":"","_exactmetrics_sitenote_category":0},"product_brand":[],"product_cat":[82,268,27],"product_tag":[],"class_list":{"0":"post-13022","1":"product","2":"type-product","3":"status-publish","4":"has-post-thumbnail","6":"product_cat-bolas-kegel","7":"product_cat-coverme","8":"product_cat-traviesas","10":"entry","11":"has-media","13":"first","14":"instock","15":"taxable","16":"shipping-taxable","17":"purchasable","18":"product-type-simple","19":"has-product-nav","20":"col","21":"span_1_of_4","22":"owp-content-center","23":"item-entry","24":"owp-thumbs-layout-horizontal","25":"owp-btn-very-big","26":"owp-tabs-layout-section","27":"has-no-thumbnails"},"_links":{"self":[{"href":"https:\/\/autoplasex.com\/en\/wp-json\/wp\/v2\/product\/13022","targetHints":{"allow":["GET"]}}],"collection":[{"href":"https:\/\/autoplasex.com\/en\/wp-json\/wp\/v2\/product"}],"about":[{"href":"https:\/\/autoplasex.com\/en\/wp-json\/wp\/v2\/types\/product"}],"replies":[{"embeddable":true,"href":"https:\/\/autoplasex.com\/en\/wp-json\/wp\/v2\/comments?post=13022"}],"version-history":[{"count":1,"href":"https:\/\/autoplasex.com\/en\/wp-json\/wp\/v2\/product\/13022\/revisions"}],"predecessor-version":[{"id":13033,"href":"https:\/\/autoplasex.com\/en\/wp-json\/wp\/v2\/product\/13022\/revisions\/13033"}],"wp:featuredmedia":[{"embeddable":true,"href":"https:\/\/autoplasex.com\/en\/wp-json\/wp\/v2\/media\/13032"}],"wp:attachment":[{"href":"https:\/\/autoplasex.com\/en\/wp-json\/wp\/v2\/media?parent=13022"}],"wp:term":[{"taxonomy":"product_brand","embeddable":true,"href":"https:\/\/autoplasex.com\/en\/wp-json\/wp\/v2\/product_brand?post=13022"},{"taxonomy":"product_cat","embeddable":true,"href":"https:\/\/autoplasex.com\/en\/wp-json\/wp\/v2\/product_cat?post=13022"},{"taxonomy":"product_tag","embeddable":true,"href":"https:\/\/autoplasex.com\/en\/wp-json\/wp\/v2\/product_tag?post=13022"}],"curies":[{"name":"wp","href":"https:\/\/api.w.org\/{rel}","templated":true}]}}