{"id":138,"date":"2020-04-22T10:31:21","date_gmt":"2020-04-22T10:31:21","guid":{"rendered":"https:\/\/autoplasex.com\/?post_type=product&#038;p=138"},"modified":"2023-05-05T11:51:36","modified_gmt":"2023-05-05T11:51:36","slug":"estimulador-de-clitoris-we-vibe-melt","status":"publish","type":"product","link":"https:\/\/autoplasex.com\/en\/product\/estimulador-de-clitoris-we-vibe-melt\/","title":{"rendered":"Melt by We-Vibe. Estimulador de Cl\u00edtoris"},"content":{"rendered":"<h2>Estimulador de cl\u00edtoris We-Vibe. Instrucciones de uso:<\/h2>\n<p>1.-<\/p>\n<p>Carga del estimulador de cl\u00edtoris en 90 minutos.<br \/>\nParpadeo r\u00e1pido de luz: Cargando<br \/>\nLuz encendida: Carga completa<br \/>\nLuz apagada: No hay energ\u00eda o el cable cargador no est\u00e1<br \/>\nbien colocado<\/p>\n<p>2.-<\/p>\n<p>El estimulador de cl\u00edtoris se puede lavar con desinfectantes para juguetes sexuales o con agua y<br \/>\njab\u00f3n. Encienda el producto y col\u00f3quelo bajo el agua.<br \/>\nSacuda para retirar el agua sobrante de la cabeza del<br \/>\nestimulador y deje que el producto se seque al aire antes<br \/>\nde guardarlo.<\/p>\n<p>3.-<\/p>\n<p>Para encender su estimulador de cl\u00edtoris Melt by We-Vibe\u2122, presione el bot\u00f3n On\/<br \/>\nIncrease intensity (Encender\/aumentar intensidad). Para<br \/>\naumentar la intensidad presione de nuevo o mantenga<br \/>\npresionado el bot\u00f3n hasta llegar a la intensidad completa.<\/p>\n<p>4.-<\/p>\n<p>Aplique a su estimulador de cl\u00edtoris We-Vibe\u00ae Lube made by pjur\u00ae u otro lubricante<br \/>\na base de agua.<\/p>\n<p>5.-<\/p>\n<p>Envuelva c\u00f3modamente su cl\u00edtoris con la cabeza del<br \/>\nestimulador de cl\u00edtoris Pleasure Air\u2122 del Melt. Use los botones de<br \/>\ncontrol para ajustar las 12 intensidades.<\/p>\n<p>6.-<\/p>\n<p>Para apagar su estimulador de cl\u00edtoris Melt, presione y mantenga presionado el<br \/>\nbot\u00f3n Off\/Decrease intensity (Apagar\/reducir intensidad)<br \/>\ndurante 2 segundos.<\/p>\n<p>7.-<\/p>\n<p>Lleve el estimulador de cl\u00edtoris Melt al siguiente nivel con la aplicaci\u00f3n We-Connect\u2122, para tener controles en<br \/>\npantalla t\u00e1ctil y un rango de niveles de intensidad totalmente fluido. Descargue la aplicaci\u00f3n<br \/>\nWe-Connect\u2122 y siga las instrucciones que aparezcan en la pantalla para emparejar el Melt<br \/>\ncon su tel\u00e9fono inteligente. Si mantiene el bot\u00f3n On\/Increase intensity (Encender\/aumentar<br \/>\nintensidad) presionado durante 5 segundos su Melt estar\u00e1 preparado para emparejarse con<br \/>\nsu tel\u00e9fono.<br \/>\nPara jugar a larga distancia, usted y su pareja deben descargar la aplicaci\u00f3n We-Connect\u2122<br \/>\nen sus tel\u00e9fonos inteligentes. Melt se empareja entonces con el tel\u00e9fono que permanece<br \/>\ndentro del rango de Bluetooth. Una vez emparejado el Melt con su tel\u00e9fono inteligente,<br \/>\nenv\u00ede a su amante una invitaci\u00f3n eligiendo \u201cconnect lover\u201d (\u201cconectar amante\u201d) en el men\u00fa<br \/>\nde la aplicaci\u00f3n. Disfrute del placer a cualquier distancia. Visite we-vibe.com\/app para<br \/>\nobtener m\u00e1s informaci\u00f3n<\/p>\n<p>8.-<\/p>\n<p>Seguridad avanzada con vinculaci\u00f3n por Bluetooth<br \/>\nLa vinculaci\u00f3n por Bluetooth ofrece mayor seguridad que evita que otras se\u00f1ales interrumpan<br \/>\ntu conexi\u00f3n inal\u00e1mbrica. Esto significa que su estimulador de cl\u00edtoris Melt se empareja con dos controladores y conf\u00eda<br \/>\nsolo en ellos (tel\u00e9fonos o remotos). Melt reconocer\u00e1 dos controladores y confiar\u00e1 en ellos,<br \/>\npero solo se conectar\u00e1 y emparejar\u00e1 con un controlador por vez. Si deseas cambiar uno o<br \/>\nambos controladores en los que conf\u00eda, reinicia Melt.<br \/>\n1. Mant\u00e9n el bot\u00f3n de control de Melt presionado durante 10 segundos; si Melt est\u00e1 encendido,<br \/>\nel LED parpadear\u00e1 a los 5 segundos y luego parpadear\u00e1 r\u00e1pidamente una vez alcanzados los 10<br \/>\nsegundos.<br \/>\n2. Elimina Melt de la lista de dispositivos Bluetooth en tu tel\u00e9fono.<br \/>\n3. Empareja tu Melt con el nuevo controlador (tel\u00e9fono o remoto).<\/p>\n<p>9.-<\/p>\n<p>El estimulador de cl\u00edtoris Melt admite Bluetooth y funciona con su tel\u00e9fono inteligente.<br \/>\nCuando juegue en la misma habitaci\u00f3n simplemente empareje<br \/>\nsu tel\u00e9fono con Melt desde la aplicaci\u00f3n We-Connect\u2122 o<br \/>\nempareje su remoto. Para obtener los mejores resultados, Melt<br \/>\nse conecta desde hasta 30 pies en l\u00ednea de visi\u00f3n directa y<br \/>\ndesde aproximadamente 20 pies en un rango de 360\u00b0. Esto es<br \/>\nen condiciones ideales, con las piernas sin cruzar con poca a<br \/>\nninguna interferencia.<\/p>\n<p>10.-<\/p>\n<p>Modo suspendido extendido<br \/>\nPara preservar la vida \u00fatil de la bater\u00eda, tu estimulador de cl\u00edtoris Melt est\u00e1 configurado para entrar en modo suspendido despu\u00e9s de 30 minutos<br \/>\nde inactividad. Actualiza tu configuraci\u00f3n para mantener a Melt en espera durante hasta 4 horas antes de ingresar en modo<br \/>\nsuspendido.<br \/>\n1. Empareja tu Melt usando We-Connect<br \/>\n2. Ve a Configuraci\u00f3n &gt; Configuraci\u00f3n del dispositivo &gt; Tiempo de espera del We-Vibe<br \/>\n3. Actualiza la configuraci\u00f3n de la hora<br \/>\nSi Melt entra en modo suspendido, simplemente vuelve a emparejar cuando est\u00e9s listo para jugar.<\/p>\n<p>M\u00c1S INFORMACI\u00d3N<br \/>\nCARGA DEL\u00a0VIBRADOR<br \/>\n\u2022 La carga completa puede demorar 2 horas, seg\u00fan la cantidad de carga restante en<br \/>\nel estimulador de cl\u00edtoris Melt by We-Vibe\u2122.<br \/>\n\u2022 No es necesario agotar la bater\u00eda antes de recargarla.<br \/>\n\u2022 Cuando se use el puerto USB de una computadora, Melt no se cargar\u00e1 si tu<br \/>\ncomputadora entra en modo de hibernaci\u00f3n.<br \/>\n\u2022 Puedes usar cualquier adaptador USB para cargar.<br \/>\n\u2022 Si guardas tu Melt, la carga se mantiene varios meses pero disminuir\u00e1 gradualmente<br \/>\ncon el transcurso del tiempo. Para lograr un \u00f3ptimo rendimiento y una larga vida \u00fatil<br \/>\nde la bater\u00eda, rec\u00e1rgala antes de que las vibraciones se debiliten.<br \/>\n\u2022 Melt no se cargar\u00e1 si est\u00e1 muy caliente (m\u00e1s de 45 \u00b0C). Una vez que la temperatura de<br \/>\nMelt alcance un nivel seguro, la carga comenzar\u00e1 autom\u00e1ticamente.<br \/>\nSE RECOMIENDA<br \/>\n\u2022 No usar el dispositivo con lubricantes a base de silicona puesto que causan da\u00f1os al<br \/>\nproducto.<br \/>\n\u2022 No limpiarlo con productos que contengan alcohol, gasolina o acetona.<br \/>\n\u2022 No hervir, colocar en horno microondas, ni lavar Melt en un lavavajillas.<br \/>\n\u2022 No almacenarlo a temperaturas extremas.<br \/>\n\u2022 No cargarlo cerca del agua.<br \/>\nGARANT\u00cdA<br \/>\nLa garant\u00eda de dos a\u00f1os cubre la sustituci\u00f3n del producto solo por defectos de<br \/>\nfabricaci\u00f3n. Visita we-vibe.com\/warranty para obtener m\u00e1s informaci\u00f3n acerca de<br \/>\nla sustituci\u00f3n del producto y de la garant\u00eda. No existen otras garant\u00edas, ni expresas ni<br \/>\nimpl\u00edcitas. En caso de reclamaciones en virtud de la garant\u00eda o por cualquier otro da\u00f1o,<br \/>\nel \u00fanico recurso a disposici\u00f3n del usuario es la sustituci\u00f3n del producto. El uso de este<br \/>\nproducto no implica ni garantiza reivindicaciones m\u00e9dicas.<\/p>","protected":false},"excerpt":{"rendered":"<p>El estimulador de cl\u00edtoris We-Vibe Melt, la revoluci\u00f3n en succionadores y estimuladores. Tecnolog\u00eda, placer y salud, TODO EN UNO. Sin duda unos de los mejores succionadores del mercado, con diferencia.<\/p>\n<p>En primer lugar debo decir que los estimuladores de cl\u00edtoris son placer asegurado. Ciertamente el aliado perfecto para tener orgasmos muy intensos en intervalos muy breves. Esto es posible porque se estimulan las m\u00e1s de 8000 terminaciones nerviosas de tu PUNTO C simult\u00e1neamente. \u00a1\u00bfTe das cuenta?! 8000 puntos de placer en menos de un cent\u00edmetro cuadrado. Y esto es debido a sus impulsos de aire que se expanden por la zona er\u00f3gena igual que las hondas del agua cuando lanzas una piedra. Como consecuencia tiene una mayor atracci\u00f3n de sangre hacia el cl\u00edtoris haci\u00e9ndolo m\u00e1s sensible, m\u00e1s grande y por tanto m\u00e1s excitable y placentero. Mientras tanto, otras partes muy sensibles de la zona genital tambi\u00e9n se ven favorecidas por dichas hondas del estimulador de cl\u00edtoris, provocando un estallido org\u00e1smico. Estimuladores de cl\u00edtoris. Placer asegurado. Juguete femenino dise\u00f1ado para este fin y cumpliendo a raja tabla su l\u00fadico y excitante cometido. Marcas como Satisfyer, Lelo, Womanizer, Svakom y otras muchas m\u00e1s se est\u00e1n especializando en su desarrollo y con un tremendo \u00e9xito comercial. Como consecuencia de su efectividad, se ha hecho un fen\u00f3meno de masas con un sin fin de modelos, tama\u00f1os y colores de estimuladores de cl\u00edtoris. Probablemente ya tengas uno en casa y si no es tu caso, ya est\u00e1s tardando en comprarlo. Placer asegurado. Y amortizado! Porque de entre los 20 hasta los 200\u20ac que puedes encontrarlos hay una gran variedad de estimuladores de cl\u00edtoris. Velocidad, potencia, vibraci\u00f3n, grandes, peque\u00f1os, ergon\u00f3micos\u2026 pero todos coinciden en que dejan un trabajo bien hecho.<br \/>\nAs\u00ed es que no olvides\u2026<br \/>\n&#8230;ESTIMULADORES DE CL\u00cdTORIS. PLACER ASEGURADO.<\/p>","protected":false},"featured_media":151,"comment_status":"open","ping_status":"closed","template":"","meta":{"_exactmetrics_skip_tracking":false,"_exactmetrics_sitenote_active":false,"_exactmetrics_sitenote_note":"","_exactmetrics_sitenote_category":0},"product_brand":[],"product_cat":[258,75,27,88],"product_tag":[356,357,358,41,355,359,266,361,362,37,360,28,56],"class_list":{"0":"post-138","1":"product","2":"type-product","3":"status-publish","4":"has-post-thumbnail","6":"product_cat-sexualidad-a-distancia","7":"product_cat-succionadores-de-clitoris-placer-asegurado","8":"product_cat-traviesas","9":"product_cat-we-vibe","10":"product_tag-estimulador-de-clitoris","11":"product_tag-juguetes-adultos","12":"product_tag-juguetes-femeninos","13":"product_tag-juguetes-sexuales","14":"product_tag-melt","15":"product_tag-mujer","16":"product_tag-placer","17":"product_tag-placer-adulto","18":"product_tag-punto-c","19":"product_tag-punto-g","20":"product_tag-sexualidad","21":"product_tag-succionador-de-clitoris","22":"product_tag-we-vibe","24":"entry","25":"has-media","27":"first","28":"instock","29":"sale","30":"taxable","31":"shipping-taxable","32":"purchasable","33":"product-type-simple","34":"has-product-nav","35":"col","36":"span_1_of_4","37":"owp-content-center","38":"item-entry","39":"owp-thumbs-layout-horizontal","40":"owp-btn-very-big","41":"owp-tabs-layout-section","42":"has-no-thumbnails"},"_links":{"self":[{"href":"https:\/\/autoplasex.com\/en\/wp-json\/wp\/v2\/product\/138","targetHints":{"allow":["GET"]}}],"collection":[{"href":"https:\/\/autoplasex.com\/en\/wp-json\/wp\/v2\/product"}],"about":[{"href":"https:\/\/autoplasex.com\/en\/wp-json\/wp\/v2\/types\/product"}],"replies":[{"embeddable":true,"href":"https:\/\/autoplasex.com\/en\/wp-json\/wp\/v2\/comments?post=138"}],"version-history":[{"count":4,"href":"https:\/\/autoplasex.com\/en\/wp-json\/wp\/v2\/product\/138\/revisions"}],"predecessor-version":[{"id":15274,"href":"https:\/\/autoplasex.com\/en\/wp-json\/wp\/v2\/product\/138\/revisions\/15274"}],"wp:featuredmedia":[{"embeddable":true,"href":"https:\/\/autoplasex.com\/en\/wp-json\/wp\/v2\/media\/151"}],"wp:attachment":[{"href":"https:\/\/autoplasex.com\/en\/wp-json\/wp\/v2\/media?parent=138"}],"wp:term":[{"taxonomy":"product_brand","embeddable":true,"href":"https:\/\/autoplasex.com\/en\/wp-json\/wp\/v2\/product_brand?post=138"},{"taxonomy":"product_cat","embeddable":true,"href":"https:\/\/autoplasex.com\/en\/wp-json\/wp\/v2\/product_cat?post=138"},{"taxonomy":"product_tag","embeddable":true,"href":"https:\/\/autoplasex.com\/en\/wp-json\/wp\/v2\/product_tag?post=138"}],"curies":[{"name":"wp","href":"https:\/\/api.w.org\/{rel}","templated":true}]}}