{"id":1510,"date":"2020-04-28T16:27:02","date_gmt":"2020-04-28T16:27:02","guid":{"rendered":"https:\/\/autoplasex.com\/producto\/lexi-tyler-muneca-hinchable\/"},"modified":"2020-05-10T22:58:25","modified_gmt":"2020-05-10T22:58:25","slug":"lexi-tyler-muneca-hinchable","status":"publish","type":"product","link":"https:\/\/autoplasex.com\/en\/product\/lexi-tyler-muneca-hinchable\/","title":{"rendered":"LEXI TYLER MU\u00d1ECA HINCHABLE"},"content":{"rendered":"<p>Mu\u00f1eca Lexi Tyler de tama\u00f1o (145cm).<\/p>\n<p>Cabeza, manos y pies real\u00edsticos. Con pelo y pesta\u00f1as. U\u00f1as pintadas. Grandes pechos con pezones erectos. Vagina y ano relista fabricados con material LoveClone y f\u00e1ciles de limpiar.<\/p>\n<p>Bomba de inflado y bala vibradora de velocidad regulable incluidas.<\/p>\n<p>Higiene: Lavar con agua y jab\u00f3n<\/p>","protected":false},"excerpt":{"rendered":"<p>Mu\u00f1eca Lexi Tyler de tama\u00f1o (145cm). Cabeza, manos y pies real\u00edsticos. Con pelo y pesta\u00f1as. U\u00f1as pintadas. Grandes pechos con pezones erectos. Vagina y ano relista fabricados con material LoveClone y f\u00e1ciles de limpiar. Bomba de inflado y bala vibradora de velocidad regulable incluidas. Higiene: Lavar con agua y jab\u00f3n<\/p>","protected":false},"featured_media":1511,"comment_status":"closed","ping_status":"open","template":"","meta":{"_exactmetrics_skip_tracking":false,"_exactmetrics_sitenote_active":false,"_exactmetrics_sitenote_note":"","_exactmetrics_sitenote_category":0},"product_brand":[],"product_cat":[29],"product_tag":[],"class_list":{"0":"post-1510","1":"product","2":"type-product","3":"status-publish","4":"has-post-thumbnail","6":"product_cat-traviesos","8":"entry","9":"has-media","11":"first","12":"instock","13":"taxable","14":"shipping-taxable","15":"purchasable","16":"product-type-simple","17":"has-product-nav","18":"col","19":"span_1_of_4","20":"owp-content-center","21":"item-entry","22":"owp-thumbs-layout-horizontal","23":"owp-btn-very-big","24":"owp-tabs-layout-section","25":"has-no-thumbnails"},"_links":{"self":[{"href":"https:\/\/autoplasex.com\/en\/wp-json\/wp\/v2\/product\/1510","targetHints":{"allow":["GET"]}}],"collection":[{"href":"https:\/\/autoplasex.com\/en\/wp-json\/wp\/v2\/product"}],"about":[{"href":"https:\/\/autoplasex.com\/en\/wp-json\/wp\/v2\/types\/product"}],"replies":[{"embeddable":true,"href":"https:\/\/autoplasex.com\/en\/wp-json\/wp\/v2\/comments?post=1510"}],"version-history":[{"count":0,"href":"https:\/\/autoplasex.com\/en\/wp-json\/wp\/v2\/product\/1510\/revisions"}],"wp:featuredmedia":[{"embeddable":true,"href":"https:\/\/autoplasex.com\/en\/wp-json\/wp\/v2\/media\/1511"}],"wp:attachment":[{"href":"https:\/\/autoplasex.com\/en\/wp-json\/wp\/v2\/media?parent=1510"}],"wp:term":[{"taxonomy":"product_brand","embeddable":true,"href":"https:\/\/autoplasex.com\/en\/wp-json\/wp\/v2\/product_brand?post=1510"},{"taxonomy":"product_cat","embeddable":true,"href":"https:\/\/autoplasex.com\/en\/wp-json\/wp\/v2\/product_cat?post=1510"},{"taxonomy":"product_tag","embeddable":true,"href":"https:\/\/autoplasex.com\/en\/wp-json\/wp\/v2\/product_tag?post=1510"}],"curies":[{"name":"wp","href":"https:\/\/api.w.org\/{rel}","templated":true}]}}