{"id":1576,"date":"2020-04-28T16:28:49","date_gmt":"2020-04-28T16:28:49","guid":{"rendered":"https:\/\/autoplasex.com\/producto\/vive-senca-anillo-vibrador-negro\/"},"modified":"2020-05-10T23:03:24","modified_gmt":"2020-05-10T23:03:24","slug":"vive-senca-anillo-vibrador-negro","status":"publish","type":"product","link":"https:\/\/autoplasex.com\/en\/product\/vive-senca-anillo-vibrador-negro\/","title":{"rendered":"VIVE SENCA ANILLO VIBRADOR NEGRO"},"content":{"rendered":"<p>Vive es un nuevo fen\u00f3meno en el mundo de los productos de placer de lujo para adultos. El Senca tiene un dise\u00f1o exclusivo, que es un deleite para los ojos y su forma idiosincr\u00e1tica te transportar\u00e1 a ambientes ext\u00e1ticos. Los 10 diferentes patrones de vibraci\u00f3n provienen de una nueva tecnolog\u00eda patentada, recargable y \u00fanica, que hace que sea incre\u00edblemente fuerte. Est\u00e1 hecho de silicona antipolvo de alta calidad, s\u00f3lida, pero flexible e impermeable.<\/p>\n<p>Senca favorece tu relacion sexual potenciando la erecci\u00f3n y retrasando la eyaculaci\u00f3n para el hombr\u00e9 elegante que busca un juguete con distinci\u00f3n y luxury.<\/p>\n<ul>\n<li>Flexible se adapta a todos los tama\u00f1os de pene<\/li>\n<\/ul>\n<p>\u00a1Con Senca te sentir\u00e1s absolutamente especial!<\/p>\n<p style=\"line-height: 20.8px;\">Specifications:<\/p>\n<ul style=\"line-height: 20.8px;\">\n<li>Recargable<\/li>\n<li>Sumergible \/ Apto para la ducha o Spa<\/li>\n<li>Fabricado 100% Silicona antipolvo, con el mejor tacto suave de un sextoy<\/li>\n<li>Medidas; 69.5 x 58.5 mm<\/li>\n<li>Funcion Climax \/ \u00danica en el mundo!<\/li>\n<li>Tiempo de uso con el 100% de carga \/ 45\u00a0min<\/li>\n<li>10 Modos de potente vibraci\u00f3n a suave<\/li>\n<li>11.000 Pulsaciones por minuto<\/li>\n<li>Tiempo de carga 45\u00a0Min<\/li>\n<li>Silencioso<\/li>\n<\/ul>\n<p style=\"line-height: 20.8px;\"><span style=\"line-height: 20.8px;\">Abrir una caja de productos VIVE es un ritual sensual,elegante y lujurioso<\/span><span style=\"line-height: 20.8px;\">. El primer momento de excitaci\u00f3n se convierte en una fiesta de placer que es la expresi\u00f3n definitiva de la compra m\u00e1s satisfactoria, en su interior encuentras a;<\/span><\/p>\n<ul style=\"line-height: 20.8px;\">\n<li><span style=\"line-height: 20.8px;\">Senca<\/span><\/li>\n<li>Cargador USB<\/li>\n<li>1 a\u00f1o de Garantia<\/li>\n<li>Manual de usuario<\/li>\n<\/ul>\n<p style=\"text-align: center;\"><iframe src=\"https:\/\/www.youtube.com\/embed\/lz5S8LrR-jU?rel=0&amp;controls=0&amp;showinfo=0\" width=\"800\" height=\"300\" frameborder=\"0\" scrolling=\"no\" allowfullscreen=\"allowfullscreen\"><\/iframe><\/p>\n<p style=\"line-height: 20.8px; text-align: center;\"><iframe src=\"https:\/\/player.vimeo.com\/video\/144621086\" width=\"800\" height=\"300\" frameborder=\"0\" scrolling=\"no\" allowfullscreen=\"allowfullscreen\"><\/iframe><\/p>\n<p style=\"text-align: center;\"><iframe src=\"https:\/\/www.youtube.com\/embed\/EstX8bjKVaE?rel=0&amp;controls=0&amp;showinfo=0\" width=\"800\" height=\"300\" frameborder=\"0\" scrolling=\"no\" allowfullscreen=\"allowfullscreen\"><\/iframe><\/p>","protected":false},"excerpt":{"rendered":"<p>Vive es un nuevo fen\u00f3meno en el mundo de los productos de placer de lujo para adultos. El Senca tiene un dise\u00f1o exclusivo, que es un deleite para los ojos y su forma idiosincr\u00e1tica te transportar\u00e1 a ambientes ext\u00e1ticos. Los 10 diferentes patrones de vibraci\u00f3n provienen de una nueva tecnolog\u00eda patentada, recargable y \u00fanica, que [&hellip;]<\/p>","protected":false},"featured_media":1577,"comment_status":"closed","ping_status":"closed","template":"","meta":{"_exactmetrics_skip_tracking":false,"_exactmetrics_sitenote_active":false,"_exactmetrics_sitenote_note":"","_exactmetrics_sitenote_category":0},"product_brand":[],"product_cat":[72],"product_tag":[],"class_list":{"0":"post-1576","1":"product","2":"type-product","3":"status-publish","4":"has-post-thumbnail","6":"product_cat-anillos","8":"entry","9":"has-media","11":"first","12":"instock","13":"taxable","14":"shipping-taxable","15":"purchasable","16":"product-type-variable","17":"has-product-nav","18":"col","19":"span_1_of_4","20":"owp-content-center","21":"item-entry","22":"owp-thumbs-layout-horizontal","23":"owp-btn-very-big","24":"owp-tabs-layout-section","25":"has-no-thumbnails"},"_links":{"self":[{"href":"https:\/\/autoplasex.com\/en\/wp-json\/wp\/v2\/product\/1576","targetHints":{"allow":["GET"]}}],"collection":[{"href":"https:\/\/autoplasex.com\/en\/wp-json\/wp\/v2\/product"}],"about":[{"href":"https:\/\/autoplasex.com\/en\/wp-json\/wp\/v2\/types\/product"}],"replies":[{"embeddable":true,"href":"https:\/\/autoplasex.com\/en\/wp-json\/wp\/v2\/comments?post=1576"}],"version-history":[{"count":0,"href":"https:\/\/autoplasex.com\/en\/wp-json\/wp\/v2\/product\/1576\/revisions"}],"wp:featuredmedia":[{"embeddable":true,"href":"https:\/\/autoplasex.com\/en\/wp-json\/wp\/v2\/media\/1577"}],"wp:attachment":[{"href":"https:\/\/autoplasex.com\/en\/wp-json\/wp\/v2\/media?parent=1576"}],"wp:term":[{"taxonomy":"product_brand","embeddable":true,"href":"https:\/\/autoplasex.com\/en\/wp-json\/wp\/v2\/product_brand?post=1576"},{"taxonomy":"product_cat","embeddable":true,"href":"https:\/\/autoplasex.com\/en\/wp-json\/wp\/v2\/product_cat?post=1576"},{"taxonomy":"product_tag","embeddable":true,"href":"https:\/\/autoplasex.com\/en\/wp-json\/wp\/v2\/product_tag?post=1576"}],"curies":[{"name":"wp","href":"https:\/\/api.w.org\/{rel}","templated":true}]}}