{"id":1612,"date":"2020-04-28T16:30:44","date_gmt":"2020-04-28T16:30:44","guid":{"rendered":"https:\/\/autoplasex.com\/producto\/dorcel-plug-anal-diamond-rosa-l-9-5cm\/"},"modified":"2020-05-10T23:03:10","modified_gmt":"2020-05-10T23:03:10","slug":"dorcel-plug-anal-diamond-rosa-l-9-5cm","status":"publish","type":"product","link":"https:\/\/autoplasex.com\/en\/product\/dorcel-plug-anal-diamond-rosa-l-9-5cm\/","title":{"rendered":"DORCEL PLUG ANAL DIAMOND ROSA L 9.5CM"},"content":{"rendered":"<p style=\"line-height: 20.8px;\">Es un plug de silicona diamond, perfectamente pulido, libre de aristas y con extremos redondeados ser\u00e1 perfecto compa\u00f1ero del placer anal.<\/p>\n<ul style=\"line-height: 20.8px;\">\n<li>Incluye un cristal con forma de diamante en uno de los extremos.<\/li>\n<\/ul>\n<p style=\"line-height: 20.8px;\">Se entrega con una pr\u00e1ctica bolsa de terciopelo negra para su almacenamiento.<\/p>\n<ul style=\"line-height: 20.8px;\">\n<li>Fabricado en Abs alta calidad hipoalergenico.<\/li>\n<li>Medidas; 9.5cm de largo por 4 cmde ancho.<\/li>\n<li>Sumergible \/ Apto para la ducha o Spa.<\/li>\n<\/ul>\n<p style=\"line-height: 20.8px;\"><span id=\"result_box\" lang=\"es\"><span class=\"hps\">Marc Dorcel<\/span><\/span>referencia mundial del placer desde hace 30 a\u00f1os le ofrece su liea de sextoys de alta calidad chic, y con glamour !dise\u00f1ados para garantizarle ua experiencia ultrasensorial \u00fanica!<\/p>\n<p style=\"line-height: 20.8px;\">","protected":false},"excerpt":{"rendered":"<p>Es un plug de silicona diamond, perfectamente pulido, libre de aristas y con extremos redondeados ser\u00e1 perfecto compa\u00f1ero del placer anal. Incluye un cristal con forma de diamante en uno de los extremos. Se entrega con una pr\u00e1ctica bolsa de terciopelo negra para su almacenamiento. Fabricado en Abs alta calidad hipoalergenico. Medidas; 9.5cm de largo [&hellip;]<\/p>","protected":false},"featured_media":1613,"comment_status":"closed","ping_status":"open","template":"","meta":{"_exactmetrics_skip_tracking":false,"_exactmetrics_sitenote_active":false,"_exactmetrics_sitenote_note":"","_exactmetrics_sitenote_category":0},"product_brand":[],"product_cat":[70,27,29],"product_tag":[],"class_list":{"0":"post-1612","1":"product","2":"type-product","3":"status-publish","4":"has-post-thumbnail","6":"product_cat-plug-anal","7":"product_cat-traviesas","8":"product_cat-traviesos","10":"entry","11":"has-media","13":"first","14":"instock","15":"taxable","16":"shipping-taxable","17":"purchasable","18":"product-type-simple","19":"has-product-nav","20":"col","21":"span_1_of_4","22":"owp-content-center","23":"item-entry","24":"owp-thumbs-layout-horizontal","25":"owp-btn-very-big","26":"owp-tabs-layout-section","27":"has-no-thumbnails"},"_links":{"self":[{"href":"https:\/\/autoplasex.com\/en\/wp-json\/wp\/v2\/product\/1612","targetHints":{"allow":["GET"]}}],"collection":[{"href":"https:\/\/autoplasex.com\/en\/wp-json\/wp\/v2\/product"}],"about":[{"href":"https:\/\/autoplasex.com\/en\/wp-json\/wp\/v2\/types\/product"}],"replies":[{"embeddable":true,"href":"https:\/\/autoplasex.com\/en\/wp-json\/wp\/v2\/comments?post=1612"}],"version-history":[{"count":0,"href":"https:\/\/autoplasex.com\/en\/wp-json\/wp\/v2\/product\/1612\/revisions"}],"wp:featuredmedia":[{"embeddable":true,"href":"https:\/\/autoplasex.com\/en\/wp-json\/wp\/v2\/media\/1613"}],"wp:attachment":[{"href":"https:\/\/autoplasex.com\/en\/wp-json\/wp\/v2\/media?parent=1612"}],"wp:term":[{"taxonomy":"product_brand","embeddable":true,"href":"https:\/\/autoplasex.com\/en\/wp-json\/wp\/v2\/product_brand?post=1612"},{"taxonomy":"product_cat","embeddable":true,"href":"https:\/\/autoplasex.com\/en\/wp-json\/wp\/v2\/product_cat?post=1612"},{"taxonomy":"product_tag","embeddable":true,"href":"https:\/\/autoplasex.com\/en\/wp-json\/wp\/v2\/product_tag?post=1612"}],"curies":[{"name":"wp","href":"https:\/\/api.w.org\/{rel}","templated":true}]}}