{"id":1870,"date":"2020-04-28T16:39:07","date_gmt":"2020-04-28T16:39:07","guid":{"rendered":"https:\/\/autoplasex.com\/producto\/hung-system-easy-squat-winky-color-negro-275-cm\/"},"modified":"2020-05-11T13:28:04","modified_gmt":"2020-05-11T13:28:04","slug":"hung-system-easy-squat-winky-color-negro-275-cm","status":"publish","type":"product","link":"https:\/\/autoplasex.com\/en\/product\/hung-system-easy-squat-winky-color-negro-275-cm\/","title":{"rendered":"HUNG SYSTEM EASY SQUAT + WINKY COLOR NEGRO 27,5 CM"},"content":{"rendered":"<p><a href=\"https:\/\/autoplasex.com\/wp-content\/uploads\/2020\/04\/img_86115_469cfa9d9bd75930679740737c50bf40_1-1.jpg\"><img fetchpriority=\"high\" decoding=\"async\" class=\"alignnone size-medium wp-image-12963\" src=\"https:\/\/autoplasex.com\/wp-content\/uploads\/2020\/04\/img_86115_469cfa9d9bd75930679740737c50bf40_1-1-300x300.jpg\" alt=\"\" width=\"300\" height=\"300\" srcset=\"https:\/\/autoplasex.com\/wp-content\/uploads\/2020\/04\/img_86115_469cfa9d9bd75930679740737c50bf40_1-1-300x300.jpg 300w, https:\/\/autoplasex.com\/wp-content\/uploads\/2020\/04\/img_86115_469cfa9d9bd75930679740737c50bf40_1-1-150x150.jpg 150w, https:\/\/autoplasex.com\/wp-content\/uploads\/2020\/04\/img_86115_469cfa9d9bd75930679740737c50bf40_1-1-100x100.jpg 100w, https:\/\/autoplasex.com\/wp-content\/uploads\/2020\/04\/img_86115_469cfa9d9bd75930679740737c50bf40_1-1.jpg 593w\" sizes=\"(max-width: 300px) 100vw, 300px\" \/><\/a> <a href=\"https:\/\/autoplasex.com\/wp-content\/uploads\/2020\/04\/img_86116_a33e22e3394ac78f7464fa0c4d7f19b4_1.jpg\"><img decoding=\"async\" class=\"alignnone size-medium wp-image-12964\" src=\"https:\/\/autoplasex.com\/wp-content\/uploads\/2020\/04\/img_86116_a33e22e3394ac78f7464fa0c4d7f19b4_1-300x300.jpg\" alt=\"\" width=\"300\" height=\"300\" srcset=\"https:\/\/autoplasex.com\/wp-content\/uploads\/2020\/04\/img_86116_a33e22e3394ac78f7464fa0c4d7f19b4_1-300x300.jpg 300w, https:\/\/autoplasex.com\/wp-content\/uploads\/2020\/04\/img_86116_a33e22e3394ac78f7464fa0c4d7f19b4_1-150x150.jpg 150w, https:\/\/autoplasex.com\/wp-content\/uploads\/2020\/04\/img_86116_a33e22e3394ac78f7464fa0c4d7f19b4_1-100x100.jpg 100w, https:\/\/autoplasex.com\/wp-content\/uploads\/2020\/04\/img_86116_a33e22e3394ac78f7464fa0c4d7f19b4_1.jpg 551w\" sizes=\"(max-width: 300px) 100vw, 300px\" \/><\/a><\/p>\n<p>Hung System es una serie que consiste diferentes plug anales y varios dildos. El sistema de succi\u00f3n es s\u00faper fuerte y proporciona una infinidad de variaciones posibles \u00fanica en su clase.<\/p>\n<ul>\n<li>Este Easy Squat cuenta con el Hung Toy Winky incluido y hace posible usarlo sin ayuda ninguna. Dispone de una fuerte succi\u00f3n y permite utilizarlo con el resto de juguetes HUNG.<\/li>\n<\/ul>\n<p>Dise\u00f1ado para darte unas sensaciones impresionantes es compatible con todos los lubricantes, no es t\u00f3xico y muy sencillo de limpiar.<\/p>","protected":false},"excerpt":{"rendered":"<p>Hung System es una serie que consiste diferentes plug anales y varios dildos. El sistema de succi\u00f3n es s\u00faper fuerte y proporciona una infinidad de variaciones posibles \u00fanica en su clase. Este Easy Squat cuenta con el Hung Toy Winky incluido y hace posible usarlo sin ayuda ninguna. Dispone de una fuerte succi\u00f3n y permite [&hellip;]<\/p>","protected":false},"featured_media":1871,"comment_status":"closed","ping_status":"closed","template":"","meta":{"_exactmetrics_skip_tracking":false,"_exactmetrics_sitenote_active":false,"_exactmetrics_sitenote_note":"","_exactmetrics_sitenote_category":0},"product_brand":[],"product_cat":[70,114,247],"product_tag":[],"class_list":{"0":"post-1870","1":"product","2":"type-product","3":"status-publish","4":"has-post-thumbnail","6":"product_cat-plug-anal","7":"product_cat-dildos","8":"product_cat-hung-system","10":"entry","11":"has-media","13":"first","14":"instock","15":"taxable","16":"shipping-taxable","17":"purchasable","18":"product-type-simple","19":"has-product-nav","20":"col","21":"span_1_of_4","22":"owp-content-center","23":"item-entry","24":"owp-thumbs-layout-horizontal","25":"owp-btn-very-big","26":"owp-tabs-layout-section","27":"has-no-thumbnails"},"_links":{"self":[{"href":"https:\/\/autoplasex.com\/en\/wp-json\/wp\/v2\/product\/1870","targetHints":{"allow":["GET"]}}],"collection":[{"href":"https:\/\/autoplasex.com\/en\/wp-json\/wp\/v2\/product"}],"about":[{"href":"https:\/\/autoplasex.com\/en\/wp-json\/wp\/v2\/types\/product"}],"replies":[{"embeddable":true,"href":"https:\/\/autoplasex.com\/en\/wp-json\/wp\/v2\/comments?post=1870"}],"version-history":[{"count":0,"href":"https:\/\/autoplasex.com\/en\/wp-json\/wp\/v2\/product\/1870\/revisions"}],"wp:featuredmedia":[{"embeddable":true,"href":"https:\/\/autoplasex.com\/en\/wp-json\/wp\/v2\/media\/1871"}],"wp:attachment":[{"href":"https:\/\/autoplasex.com\/en\/wp-json\/wp\/v2\/media?parent=1870"}],"wp:term":[{"taxonomy":"product_brand","embeddable":true,"href":"https:\/\/autoplasex.com\/en\/wp-json\/wp\/v2\/product_brand?post=1870"},{"taxonomy":"product_cat","embeddable":true,"href":"https:\/\/autoplasex.com\/en\/wp-json\/wp\/v2\/product_cat?post=1870"},{"taxonomy":"product_tag","embeddable":true,"href":"https:\/\/autoplasex.com\/en\/wp-json\/wp\/v2\/product_tag?post=1870"}],"curies":[{"name":"wp","href":"https:\/\/api.w.org\/{rel}","templated":true}]}}