{"id":2098,"date":"2020-04-28T16:46:43","date_gmt":"2020-04-28T16:46:43","guid":{"rendered":"https:\/\/autoplasex.com\/producto\/tremblr-milking-machine-masturbador-automatico\/"},"modified":"2024-05-08T04:38:19","modified_gmt":"2024-05-08T04:38:19","slug":"f-machine-tremblr-tb-r-milking","status":"publish","type":"product","link":"https:\/\/autoplasex.com\/en\/product\/f-machine-tremblr-tb-r-milking\/","title":{"rendered":"F-Machine TREMBLR TB-R MILKING"},"content":{"rendered":"<p>\u00a1EL nuevo F-Machine TREMBLR TB-R MILKING presenta unas nuevas fundas de silicona para una experiencia m\u00e1s suave y sensual que te dejar\u00e1 gritando por m\u00e1s!<\/p>\n<p>F-Machine TREMBLR TB-R MILKING ahora cuenta con conectividad Bluetooth y una aplicaci\u00f3n f\u00e1cil de usar y de descargar (busque F-Machine Connect en las tiendas Apple App o Google Play). Una mejora significativa en la experiencia de lo que se ha convertido en LA m\u00e1quina devoradora reconocida mundialmente (solo m\u00e1quina BT-R)<\/p>\n<p>Ahora incluye Remote Play, a trav\u00e9s de la aplicaci\u00f3n F-Machine Connect, lo que le permite controlar una m\u00e1quina desde cualquier parte del mundo. Chupa a tus novios al estilo voyeur y observa c\u00f3mo luchan por no correrse. Bordelos en la pantalla, Doms toma nota de su nueva capacidad de abuso de ubicaci\u00f3n remota. \u00a1Todo del nuevo modelo F-Machine TREMBLR TB-R MILKING!<\/p>\n<p>F-Machine TREMBLR TB-R MILKING ahora se puede usar con nuestros pantalones cortos 525, para aquellos que desean mayor seguridad y comodidad o simplemente les encanta la idea de usar un casco de realidad virtual con facilidad. Wearable Tremblr revolucionar\u00e1 la masturbaci\u00f3n masculina para siempre (compatible con TODAS las m\u00e1quinas Tremblr).<\/p>\n<p>Tremblr nunca se cansa, Tremblr nunca se aburre. Tremblr puede chuparte la polla suave, lenta y sensualmente, o puede llevarte las pelotas a chuparte profundamente y follarte hasta un cl\u00edmax fren\u00e9tico a alta velocidad. Es dif\u00edcil de imaginar, pero comenzar\u00e1s a ver la m\u00e1quina de orde\u00f1o Tremblr como tu nuevo amante, te emocionar\u00e1s con la mera presencia del F-Machine TREMBLR TB-R MILKING en la habitaci\u00f3n y s\u00ed, es m\u00e1s que probable que te enamores de tu m\u00e1quina.<\/p>\n<p>Si tienes la suerte de poseer el modelo F-Machine TREMBLR TB-R MILKING, tambi\u00e9n puedes conectar tu m\u00e1quina a trav\u00e9s de Bluetooth y controlarla desde tu dispositivo m\u00f3vil, o si te sientes muy pervertido, ofrece el control a un amigo\/a remoto para que conduzca la m\u00e1quina para ti y a trav\u00e9s de ti y\u00a0 desde cualquier parte del mundo. \u00bfTienes una sala llena de F-Machines? No hay problema, cambia de una m\u00e1quina a otra, todo desde tu tel\u00e9fono.<\/p>\n<p>F-Machine TREMBLR TB-R MILKING toma su nombre del efecto que tendr\u00e1 en tus piernas, literalmente dej\u00e1ndote temblando y haciendo volar tu pene y tu mente en un gran golpe poderoso. Es un poco caro, pero las mejores cosas de la vida generalmente lo son. Este no es un juguete del que te aburrir\u00e1s despu\u00e9s de 5 minutos, es un juguete con el que reorganizar\u00e1s tu vida para pasar m\u00e1s tiempo con \u00e9l, poniendo siempre excusas para encontrar esos minutos extra para pasar con tu nuevo amante.<\/p>\n<p>Como todas nuestras m\u00e1quinas, F-Machine TREMBLR TB-R MILKING es silenciosa; de hecho, es, con diferencia, la m\u00e1quina m\u00e1s silenciosa que jam\u00e1s hayamos construido. La \u00fanica forma en que sus vecinos sabr\u00e1n lo que est\u00e1 haciendo es si no puede controlar su sobreexcitaci\u00f3n garantizada.<\/p>\n<p>Perfecto como discreta m\u00e1quina de masturbaci\u00f3n dom\u00e9stica o como complemento a tu configuraci\u00f3n\/mazmorra fetichista.<\/p>\n<p>Para Doms, esta es la herramienta de borde perfecta para sus s\u00fabditos dispuestos.<\/p>\n<p>Garantizado para ayudar a los hombres con el entrenamiento previo a la eyaculaci\u00f3n.<\/p>\n<p>Garantizado para ayudar a los hombres que sufren de disfunci\u00f3n er\u00e9ctil, F-Machine TREMBLR TB-R MILKING puede ayudarle a alcanzar el orgasmo incluso sin una erecci\u00f3n (pero es extremadamente eficaz para crear erecciones).<\/p>\n<p>&nbsp;<\/p>\n<p>Especificaci\u00f3n<\/p>\n<ul>\n<li>Estuche de transporte extremadamente resistente y discreto<\/li>\n<li>Control remoto inal\u00e1mbrico (arranque\/parada, control de velocidad, potencia de succi\u00f3n\/desplazamiento)<\/li>\n<li>Conectividad Bluetooth para reemplazar el controlador inal\u00e1mbrico, que tambi\u00e9n incluye funci\u00f3n de reproducci\u00f3n remota (previsto para su lanzamiento en 2023)<\/li>\n<li>Receptor de masturbaci\u00f3n ultraligero (manos libres)<\/li>\n<li>Pantalones cortos receptores 525 opcionales (convierte Tremblr en una m\u00e1quina sexual port\u00e1til para un verdadero juego con manos libres, cascos de realidad virtual, etc.)<\/li>\n<li>Velocidad m\u00e1xima de 180 golpes por minuto<\/li>\n<li>Motor y controlador de velocidad industriales potentes pero silenciosos<\/li>\n<li>Potencia de bomba ajustable (ajuste de manivela)<\/li>\n<li>Compartimentos de almacenamiento internos para accesorios est\u00e1ndar<\/li>\n<li>Se adapta al 95% de los tama\u00f1os de pene (se suministra con 3 tama\u00f1os de receptor (M, L, XL) o solicite un kit personalizado de receptor adicional<\/li>\n<li>Adaptador de corriente con conmutaci\u00f3n autom\u00e1tica de 110\/240 V adecuado para la mayor\u00eda de las fuentes de alimentaci\u00f3n a nivel mundial<\/li>\n<li>Ventana de visualizaci\u00f3n de la m\u00e1quina con LED de activaci\u00f3n azules y LED rojo de corte de la m\u00e1quina<\/li>\n<li>Ventilador de refrigeraci\u00f3n el\u00e9ctrico incorporado para uso prolongado incluso en las situaciones m\u00e1s calurosas<\/li>\n<li>Se suministra con todas las herramientas y hardware para mantener y ajustar su m\u00e1quina<\/li>\n<li>Las fundas del receptor contienen SILICONA. No lo use si sufre de alergias a la silicona.<\/li>\n<li>Tenga en cuenta que algunos clientes han preguntado si es posible actualizar el antiguo Tremblr a la especificaci\u00f3n BT-R. Esta actualizaci\u00f3n propuesta no est\u00e1 disponible y no tenemos planes de introducirla actualmente.<\/li>\n<\/ul>\n<p style=\"text-align: center;\"><iframe src=\"https:\/\/www.youtube.com\/embed\/QOAYBbFhHd4\" width=\"800\" height=\"300\" frameborder=\"0\" scrolling=\"no\" allowfullscreen=\"allowfullscreen\"><\/iframe><\/p>","protected":false},"excerpt":{"rendered":"<p>Se cumplen 10 a\u00f1os de excelencia de F-Machine. A menudo imitada pero nunca superada, las implacables m\u00e1quinas sexuales y\u00a0 profesionales F-Machine han sido refinadan una vez m\u00e1s. Aprovechando nuestra reputaci\u00f3n como los mejores dise\u00f1adores del sector, no nos detendremos, y nuestros productos tampoco.<\/p>","protected":false},"featured_media":20957,"comment_status":"closed","ping_status":"closed","template":"","meta":{"_exactmetrics_skip_tracking":false,"_exactmetrics_sitenote_active":false,"_exactmetrics_sitenote_note":"","_exactmetrics_sitenote_category":0},"product_brand":[],"product_cat":[195,319,228,448,71,418,258,224,29],"product_tag":[315,41,32,428,431,433,432,429],"class_list":{"0":"post-2098","1":"product","2":"type-product","3":"status-publish","4":"has-post-thumbnail","6":"product_cat-alargapenas","7":"product_cat-app_remote_control","8":"product_cat-cuero-hombre","9":"product_cat-marca-f-machine","10":"product_cat-masturbadores","11":"product_cat-masturbadores-automaticos","12":"product_cat-sexualidad-a-distancia","13":"product_cat-succionadores-pene-clitoris-pezones","14":"product_cat-traviesos","15":"product_tag-control-remoto","16":"product_tag-juguetes-sexuales","17":"product_tag-masturbador","18":"product_tag-milking","19":"product_tag-ordenador","20":"product_tag-succionador","21":"product_tag-succionador-de-penes","22":"product_tag-tb-r-milking","24":"entry","25":"has-media","27":"first","28":"instock","29":"sale","30":"taxable","31":"shipping-taxable","32":"purchasable","33":"product-type-simple","34":"has-product-nav","35":"col","36":"span_1_of_4","37":"owp-content-center","38":"item-entry","39":"owp-thumbs-layout-horizontal","40":"owp-btn-very-big","41":"owp-tabs-layout-section"},"_links":{"self":[{"href":"https:\/\/autoplasex.com\/en\/wp-json\/wp\/v2\/product\/2098","targetHints":{"allow":["GET"]}}],"collection":[{"href":"https:\/\/autoplasex.com\/en\/wp-json\/wp\/v2\/product"}],"about":[{"href":"https:\/\/autoplasex.com\/en\/wp-json\/wp\/v2\/types\/product"}],"replies":[{"embeddable":true,"href":"https:\/\/autoplasex.com\/en\/wp-json\/wp\/v2\/comments?post=2098"}],"version-history":[{"count":3,"href":"https:\/\/autoplasex.com\/en\/wp-json\/wp\/v2\/product\/2098\/revisions"}],"predecessor-version":[{"id":20994,"href":"https:\/\/autoplasex.com\/en\/wp-json\/wp\/v2\/product\/2098\/revisions\/20994"}],"wp:featuredmedia":[{"embeddable":true,"href":"https:\/\/autoplasex.com\/en\/wp-json\/wp\/v2\/media\/20957"}],"wp:attachment":[{"href":"https:\/\/autoplasex.com\/en\/wp-json\/wp\/v2\/media?parent=2098"}],"wp:term":[{"taxonomy":"product_brand","embeddable":true,"href":"https:\/\/autoplasex.com\/en\/wp-json\/wp\/v2\/product_brand?post=2098"},{"taxonomy":"product_cat","embeddable":true,"href":"https:\/\/autoplasex.com\/en\/wp-json\/wp\/v2\/product_cat?post=2098"},{"taxonomy":"product_tag","embeddable":true,"href":"https:\/\/autoplasex.com\/en\/wp-json\/wp\/v2\/product_tag?post=2098"}],"curies":[{"name":"wp","href":"https:\/\/api.w.org\/{rel}","templated":true}]}}