{"id":20986,"date":"2024-05-07T18:54:16","date_gmt":"2024-05-07T18:54:16","guid":{"rendered":"https:\/\/autoplasex.com\/?post_type=product&#038;p=20986"},"modified":"2024-05-08T04:38:19","modified_gmt":"2024-05-08T04:38:19","slug":"f-machine-pro-4-liquid-oil","status":"publish","type":"product","link":"https:\/\/autoplasex.com\/en\/product\/f-machine-pro-4-liquid-oil\/","title":{"rendered":"F-Machine PRO 4 Liquid Oil"},"content":{"rendered":"<p>F-Machine PRO 4 Liquid Oil<\/p>\n<p>Descripci\u00f3n<\/p>\n<p>Una m\u00e1quina: F-Machine<\/p>\n<p>\u00a1Bienvenido al nuevo <strong>F-Machine PRO 4 <em>Liquid Oil<\/em><\/strong>! Se cumplen 10 a\u00f1os de excelencia de F-Machine. A menudo imitada pero nunca superada, la implacable m\u00e1quina sexual profesional F-Machine PRO 4 Liquid Oil ha sido refinada una vez m\u00e1s. Aprovechando nuestra reputaci\u00f3n como los mejores dise\u00f1adores del sector, no nos detendremos, y nuestros productos tampoco. Desde una experiencia silenciosa, suave y relajante hasta un golpe implacable, el Pro4 es perfecto para uso dom\u00e9stico, una sala de juegos o una mazmorra configurada profesionalmente.<\/p>\n<p>\u00a1Esta F-Machine Pro4 Liquid Oil tiene algo EXTRA especial! Es una combinaci\u00f3n de colores de edici\u00f3n extremadamente limitada que llamamos &#8220;Liquid Oil&#8221;.<\/p>\n<p><em><strong>Solo hay 100 de estas m\u00e1quinas en el mundo y cada una tiene un n\u00famero grabado<\/strong><\/em>, para que sepas que es un\u00a0 F-Machine Pro 4 Liquid Oil genuino de edici\u00f3n limitada.<\/p>\n<p>Se han alcanzado nuevos niveles de perfecci\u00f3n sin precedentes. Sin trucos ni extras, solo la calidad, el rendimiento suave, silencioso y confiable que espera de nuestros productos.<\/p>\n<p>Construido a partir de componentes de precisi\u00f3n 6061 mecanizados por CNC con controlador\/motor de velocidad de especificaciones industriales, Pro4 est\u00e1 dise\u00f1ado para lucir elegante y funcionar perfectamente. Equipado con un motor extremadamente potente de 4 Nm y 280 rpm pr\u00e1cticamente silencioso, profundidad de empuje ajustable de 1 a 6 pulgadas (25 a 152 mm), mecanismo deslizante de cuatro cojinetes y posici\u00f3n de arranque de empuje m\u00e1ximo variable.<\/p>\n<p>Ajuste posiciones y \u00e1ngulos con palancas de liberaci\u00f3n r\u00e1pida, ajuste el empuje y el alcance con solo girar una ruedecilla, cambie los juguetes con solo hacer clic en un collar de liberaci\u00f3n. Todo lo relacionado con Pro4 se ha perfeccionado para lograr un funcionamiento r\u00e1pido y tiempos de configuraci\u00f3n ultrarr\u00e1pidos.<\/p>\n<p>Suministrado en un discreto estuche de transporte acolchado de nailon con un dong hipoalerg\u00e9nico de silicona de 8\u201d, el Pro4 est\u00e1 listo para ir a trabajar y es muy, muy silencioso, pero \u00bfqu\u00e9 tan silencioso eres t\u00fa?<\/p>\n<p>&nbsp;<\/p>\n<p>Especificaci\u00f3n<\/p>\n<p>Fuente de alimentaci\u00f3n modular con detecci\u00f3n autom\u00e1tica (todos los mercados)<\/p>\n<p>&nbsp;<\/p>\n<p>Con un gran impacto, esta no es una fuente de alimentaci\u00f3n para computadora port\u00e1til. Est\u00e1 especialmente dise\u00f1ado por nosotros para suministrar el jugo y accionar multitud de juguetes disponibles en el mercado. Probado seg\u00fan los est\u00e1ndares m\u00e1s rigurosos y acreditado CE\/UKCA para su tranquilidad y nuestra responsabilidad.<\/p>\n<p>&nbsp;<\/p>\n<p>Corte de seguridad<\/p>\n<p>&nbsp;<\/p>\n<p>F-Machine PRO 4 Liquid Oil puede manejar silicona importante, pero siempre hay un l\u00edmite y no queremos que nadie corra el riesgo de sufrir lesiones al utilizar nuestras m\u00e1quinas. Por lo tanto, para su seguridad, Pro4 cuenta con un interruptor de sobrecarga integrado en el controlador del motor.<\/p>\n<p>&nbsp;<\/p>\n<p>Ingenioso dise\u00f1o modular<\/p>\n<p>&nbsp;<\/p>\n<p>F-Machine PRO 4 Liquid Oil est\u00e1 dise\u00f1ado para durar toda la vida, pero en el improbable caso de que algo salga mal, todos los componentes principales son modulares y est\u00e1n dise\u00f1ados para facilitar su reemplazo.<\/p>\n<p>&nbsp;<\/p>\n<ul>\n<li>Grabado de edici\u00f3n limitada<\/li>\n<li>Cromado con aceite l\u00edquido<\/li>\n<li>Patas con peso de acero s\u00f3lido para mayor estabilidad.<\/li>\n<li>Abrazaderas de patas deslizantes de liberaci\u00f3n r\u00e1pida revisadas<\/li>\n<li>Motor de alto rendimiento (hasta 280 RPM y 4 Nm)<\/li>\n<li>Dise\u00f1o modular para reparaci\u00f3n y reemplazo de piezas simples<\/li>\n<li>Adaptador de juguete de conexi\u00f3n r\u00e1pida con p\u00faa estilo vac u lock para adaptarse a todos los juguetes de Doc Johnson, etc. (cambie los juguetes sin esfuerzo en segundos)<\/li>\n<li>Masa alternativa reducida para un funcionamiento m\u00e1s suave<\/li>\n<li>Pies y tapas de extremo con nuevo logotipo en relieve.<\/li>\n<li>Bolsa de nailon de calidad con forro de espuma a medida para proteger su m\u00e1quina<\/li>\n<li>Longitud de la varilla de empuje ajustable (posici\u00f3n inicial de precisi\u00f3n)<\/li>\n<li>Profundidad de empuje ajustable de 1 a 6 pulgadas (25 a 152 mm)<\/li>\n<li>Patas delanteras y traseras ajustables para adaptarse a varias posiciones y \u00e1ngulos.<\/li>\n<li>Control remoto de mano con bot\u00f3n de inicio\/parada<\/li>\n<li>Mecanismo deslizante silencioso con cuatro rodamientos (incluso a m\u00e1xima velocidad)<\/li>\n<li>Protector deslizante de pl\u00e1stico transparente<\/li>\n<li>Varias modificaciones del mercado de accesorios disponibles<\/li>\n<li>Todos los componentes principales mecanizados mediante CNC a partir de aleaci\u00f3n para aviones.<\/li>\n<li>Se suministra con un juguete negro de 203 mm (8 pulgadas) de silicona hipoalerg\u00e9nica.<\/li>\n<li>Peso: 12,0 kilogramos<\/li>\n<li>Dimensiones: 570 x 370 x 240 mm<\/li>\n<li>Se env\u00eda en una discreta caja de cart\u00f3n de color marr\u00f3n liso.<\/li>\n<li>Se suministra con cable el\u00e9ctrico estilo &#8220;hervidor&#8221; y adaptadores regionales<\/li>\n<\/ul>","protected":false},"excerpt":{"rendered":"<p>Se cumplen 10 a\u00f1os de excelencia de F-Machine. A menudo imitada pero nunca superada, la implacable m\u00e1quina sexual profesional F-Machine PRO 4 Liquid Oil ha sido refinada una vez m\u00e1s. Aprovechando nuestra reputaci\u00f3n como los mejores dise\u00f1adores del sector, no nos detendremos, y nuestros productos tampoco.<\/p>","protected":false},"featured_media":20976,"comment_status":"open","ping_status":"closed","template":"","meta":{"_exactmetrics_skip_tracking":false,"_exactmetrics_sitenote_active":false,"_exactmetrics_sitenote_note":"","_exactmetrics_sitenote_category":0},"product_brand":[],"product_cat":[70,136,319,114,448,418,258,27,29],"product_tag":[420,421,422,425,427,424,419,426,423],"class_list":{"0":"post-20986","1":"product","2":"type-product","3":"status-publish","4":"has-post-thumbnail","6":"product_cat-plug-anal","7":"product_cat-columpios","8":"product_cat-app_remote_control","9":"product_cat-dildos","10":"product_cat-marca-f-machine","11":"product_cat-masturbadores-automaticos","12":"product_cat-sexualidad-a-distancia","13":"product_cat-traviesas","14":"product_cat-traviesos","15":"product_tag-f-machine","16":"product_tag-juguete-sexual","17":"product_tag-juguetes-sexual-automatico","18":"product_tag-liquid","19":"product_tag-liquid-oil","20":"product_tag-maquias-sexuales","21":"product_tag-masturbador-automatico","22":"product_tag-oil","23":"product_tag-sexo","25":"entry","26":"has-media","28":"first","29":"instock","30":"sale","31":"taxable","32":"shipping-taxable","33":"purchasable","34":"product-type-simple","35":"has-product-nav","36":"col","37":"span_1_of_4","38":"owp-content-center","39":"item-entry","40":"owp-thumbs-layout-horizontal","41":"owp-btn-very-big","42":"owp-tabs-layout-section"},"_links":{"self":[{"href":"https:\/\/autoplasex.com\/en\/wp-json\/wp\/v2\/product\/20986","targetHints":{"allow":["GET"]}}],"collection":[{"href":"https:\/\/autoplasex.com\/en\/wp-json\/wp\/v2\/product"}],"about":[{"href":"https:\/\/autoplasex.com\/en\/wp-json\/wp\/v2\/types\/product"}],"replies":[{"embeddable":true,"href":"https:\/\/autoplasex.com\/en\/wp-json\/wp\/v2\/comments?post=20986"}],"version-history":[{"count":3,"href":"https:\/\/autoplasex.com\/en\/wp-json\/wp\/v2\/product\/20986\/revisions"}],"predecessor-version":[{"id":20989,"href":"https:\/\/autoplasex.com\/en\/wp-json\/wp\/v2\/product\/20986\/revisions\/20989"}],"wp:featuredmedia":[{"embeddable":true,"href":"https:\/\/autoplasex.com\/en\/wp-json\/wp\/v2\/media\/20976"}],"wp:attachment":[{"href":"https:\/\/autoplasex.com\/en\/wp-json\/wp\/v2\/media?parent=20986"}],"wp:term":[{"taxonomy":"product_brand","embeddable":true,"href":"https:\/\/autoplasex.com\/en\/wp-json\/wp\/v2\/product_brand?post=20986"},{"taxonomy":"product_cat","embeddable":true,"href":"https:\/\/autoplasex.com\/en\/wp-json\/wp\/v2\/product_cat?post=20986"},{"taxonomy":"product_tag","embeddable":true,"href":"https:\/\/autoplasex.com\/en\/wp-json\/wp\/v2\/product_tag?post=20986"}],"curies":[{"name":"wp","href":"https:\/\/api.w.org\/{rel}","templated":true}]}}