{"id":2112,"date":"2020-04-28T16:47:29","date_gmt":"2020-04-28T16:47:29","guid":{"rendered":"https:\/\/autoplasex.com\/producto\/tenga-flip-zero-masturbador-masculino-negro\/"},"modified":"2020-05-10T23:11:30","modified_gmt":"2020-05-10T23:11:30","slug":"tenga-flip-zero-masturbador-masculino-negro","status":"publish","type":"product","link":"https:\/\/autoplasex.com\/en\/product\/tenga-flip-zero-masturbador-masculino-negro\/","title":{"rendered":"TENGA FLIP ZERO MASTURBADOR MASCULINO NEGRO"},"content":{"rendered":"<p>Con los materiales de mayor calidad y la tecnolog\u00eda m\u00e1s moderna, TENGA presenta lo \u00faltimo en tecnolog\u00eda para el placer masculino: FLIP ZERO.<br \/>\u00a1La exclusiva serie FLIP de TENGA evoluciona y abre nuevos horizontes de placer!<\/p>\n<p>Su punto de inserci\u00f3n sin juntas evita las fugas de lubricante y permite la formaci\u00f3n de un potente vac\u00edo mediante una v\u00e1lvula unidireccional.<\/p>\n<ul>\n<li>FLIP 0 (ZERO) presenta los detalles internos m\u00e1s intrincados nunca vistos para lograr la m\u00e1xima sensaci\u00f3n.<\/li>\n<li>Color: negro<\/li>\n<\/ul>\n<p>Adem\u00e1s, nuestra pionera funci\u00f3n abref\u00e1cil FLIP permite una perfecta limpieza para poder reutilizar el producto.<\/p>","protected":false},"excerpt":{"rendered":"<p>Con los materiales de mayor calidad y la tecnolog\u00eda m\u00e1s moderna, TENGA presenta lo \u00faltimo en tecnolog\u00eda para el placer masculino: FLIP ZERO.\u00a1La exclusiva serie FLIP de TENGA evoluciona y abre nuevos horizontes de placer! Su punto de inserci\u00f3n sin juntas evita las fugas de lubricante y permite la formaci\u00f3n de un potente vac\u00edo mediante [&hellip;]<\/p>","protected":false},"featured_media":2113,"comment_status":"closed","ping_status":"open","template":"","meta":{"_exactmetrics_skip_tracking":false,"_exactmetrics_sitenote_active":false,"_exactmetrics_sitenote_note":"","_exactmetrics_sitenote_category":0},"product_brand":[],"product_cat":[29],"product_tag":[],"class_list":{"0":"post-2112","1":"product","2":"type-product","3":"status-publish","4":"has-post-thumbnail","6":"product_cat-traviesos","8":"entry","9":"has-media","11":"first","12":"instock","13":"taxable","14":"shipping-taxable","15":"purchasable","16":"product-type-simple","17":"has-product-nav","18":"col","19":"span_1_of_4","20":"owp-content-center","21":"item-entry","22":"owp-thumbs-layout-horizontal","23":"owp-btn-very-big","24":"owp-tabs-layout-section","25":"has-no-thumbnails"},"_links":{"self":[{"href":"https:\/\/autoplasex.com\/en\/wp-json\/wp\/v2\/product\/2112","targetHints":{"allow":["GET"]}}],"collection":[{"href":"https:\/\/autoplasex.com\/en\/wp-json\/wp\/v2\/product"}],"about":[{"href":"https:\/\/autoplasex.com\/en\/wp-json\/wp\/v2\/types\/product"}],"replies":[{"embeddable":true,"href":"https:\/\/autoplasex.com\/en\/wp-json\/wp\/v2\/comments?post=2112"}],"version-history":[{"count":0,"href":"https:\/\/autoplasex.com\/en\/wp-json\/wp\/v2\/product\/2112\/revisions"}],"wp:featuredmedia":[{"embeddable":true,"href":"https:\/\/autoplasex.com\/en\/wp-json\/wp\/v2\/media\/2113"}],"wp:attachment":[{"href":"https:\/\/autoplasex.com\/en\/wp-json\/wp\/v2\/media?parent=2112"}],"wp:term":[{"taxonomy":"product_brand","embeddable":true,"href":"https:\/\/autoplasex.com\/en\/wp-json\/wp\/v2\/product_brand?post=2112"},{"taxonomy":"product_cat","embeddable":true,"href":"https:\/\/autoplasex.com\/en\/wp-json\/wp\/v2\/product_cat?post=2112"},{"taxonomy":"product_tag","embeddable":true,"href":"https:\/\/autoplasex.com\/en\/wp-json\/wp\/v2\/product_tag?post=2112"}],"curies":[{"name":"wp","href":"https:\/\/api.w.org\/{rel}","templated":true}]}}