{"id":2320,"date":"2020-04-28T16:55:16","date_gmt":"2020-04-28T16:55:16","guid":{"rendered":"https:\/\/autoplasex.com\/producto\/extreme-toyz-agent-69\/"},"modified":"2025-07-11T08:03:38","modified_gmt":"2025-07-11T08:03:38","slug":"extreme-toyz-agent-69","status":"publish","type":"product","link":"https:\/\/autoplasex.com\/en\/product\/extreme-toyz-agent-69\/","title":{"rendered":"EXTREME TOYZ AGENT 69"},"content":{"rendered":"<p>EXTREME TOYZ AGENT 69<\/p>\n<p>Esta incre\u00edble mu\u00f1eca de tama\u00f1o natural inflable, fue meticulosamente dise\u00f1ada con caracter\u00edsticas realistas para una experiencia verdaderamente realista. Su atractivo rostro 3-D moldeado, se remata con una lujosa cabellera que est\u00e1 deseando ser retirada. Con sus pechos turgentes podr\u00e1s disfrutar de sus pezones super suaves y reales. Su vagina y culo apretado y muy realista. <span style=\"color: #ffffff;\">EXTREME TOYZ AGENT 69<\/span><\/p>\n<p>Incluye:<\/p>\n<ul>\n<li>Una bomba de inflado<\/li>\n<li>kit de reparaci\u00f3n de vinilo<\/li>\n<li>Instrucciones.<\/li>\n<\/ul>\n<p><strong>C\u00f3mo Inflar:<\/strong><\/p>\n<p>No infle completamente. Para evitar el exceso de la inflaci\u00f3n, no utilice un compresor el\u00e9ctrico. En su lugar, utilice una bomba manual. Dejar reposar durante diez minutos para que el aire pueda distribuir uniformemente dentro de la mu\u00f1eca antes de inflar completamente. Cuanto menos aire en el interior del mu\u00f1eco, la menor tensi\u00f3n se colocar\u00e1 en \u00e9l durante su uso.<\/p>\n<p><strong>Instrucciones de limpieza:<\/strong><br \/>\nEnjuague el mu\u00f1eco con agua tibia, luego frote suavemente con un limpiador de juguetes con las manos o un pa\u00f1o suave. Evite utilizar trapos o esponjas \u00e1speras, ya que esto podr\u00eda da\u00f1ar el material. Despu\u00e9s de fregar, enjuagar de nuevo con agua tibia. Seque con una toalla sin pelusa.<\/p>\n<p><strong>Instrucciones para el almacenamiento:<\/strong><br \/>\nDesinfle el mu\u00f1eco, luego doble cuidadosamente, envolverlo en un pa\u00f1o que no suelte pelusa. Almacene en un lugar fresco, seco y alejado de la luz solar directa.<\/p>\n<p>&nbsp;<\/p>\n<p>&nbsp;<\/p>\n<p style=\"text-align: center;\"><iframe src=\"https:\/\/player.vimeo.com\/video\/118617693\" width=\"700\" height=\"400\" frameborder=\"0\" allowfullscreen=\"allowfullscreen\"><\/iframe><\/p>","protected":false},"excerpt":{"rendered":"<p>EXTREME TOYZ AGENT 69<\/p>\n<p>Esta incre\u00edble mu\u00f1eca de tama\u00f1o natural inflable, fue meticulosamente dise\u00f1ada con caracter\u00edsticas realistas para una experiencia verdaderamente realista. Su atractivo rostro 3-D moldeado, se remata con una lujosa cabellera que est\u00e1 deseando ser retirada. Con sus pechos turgentes podr\u00e1s disfrutar de sus pezones super suaves y reales. Su vagina y culo apretado y muy realista<\/p>","protected":false},"featured_media":26045,"comment_status":"closed","ping_status":"closed","template":"","meta":{"_exactmetrics_skip_tracking":false,"_exactmetrics_sitenote_active":false,"_exactmetrics_sitenote_note":"","_exactmetrics_sitenote_category":0},"product_brand":[],"product_cat":[29],"product_tag":[],"class_list":{"0":"post-2320","1":"product","2":"type-product","3":"status-publish","4":"has-post-thumbnail","6":"product_cat-traviesos","8":"entry","9":"has-media","11":"first","12":"instock","13":"taxable","14":"shipping-taxable","15":"purchasable","16":"product-type-simple","17":"has-product-nav","18":"col","19":"span_1_of_4","20":"owp-content-center","21":"item-entry","22":"owp-thumbs-layout-horizontal","23":"owp-btn-very-big","24":"owp-tabs-layout-section"},"_links":{"self":[{"href":"https:\/\/autoplasex.com\/en\/wp-json\/wp\/v2\/product\/2320","targetHints":{"allow":["GET"]}}],"collection":[{"href":"https:\/\/autoplasex.com\/en\/wp-json\/wp\/v2\/product"}],"about":[{"href":"https:\/\/autoplasex.com\/en\/wp-json\/wp\/v2\/types\/product"}],"replies":[{"embeddable":true,"href":"https:\/\/autoplasex.com\/en\/wp-json\/wp\/v2\/comments?post=2320"}],"version-history":[{"count":3,"href":"https:\/\/autoplasex.com\/en\/wp-json\/wp\/v2\/product\/2320\/revisions"}],"predecessor-version":[{"id":26055,"href":"https:\/\/autoplasex.com\/en\/wp-json\/wp\/v2\/product\/2320\/revisions\/26055"}],"wp:featuredmedia":[{"embeddable":true,"href":"https:\/\/autoplasex.com\/en\/wp-json\/wp\/v2\/media\/26045"}],"wp:attachment":[{"href":"https:\/\/autoplasex.com\/en\/wp-json\/wp\/v2\/media?parent=2320"}],"wp:term":[{"taxonomy":"product_brand","embeddable":true,"href":"https:\/\/autoplasex.com\/en\/wp-json\/wp\/v2\/product_brand?post=2320"},{"taxonomy":"product_cat","embeddable":true,"href":"https:\/\/autoplasex.com\/en\/wp-json\/wp\/v2\/product_cat?post=2320"},{"taxonomy":"product_tag","embeddable":true,"href":"https:\/\/autoplasex.com\/en\/wp-json\/wp\/v2\/product_tag?post=2320"}],"curies":[{"name":"wp","href":"https:\/\/api.w.org\/{rel}","templated":true}]}}