{"id":25996,"date":"2024-10-13T11:51:25","date_gmt":"2024-10-13T11:51:25","guid":{"rendered":"https:\/\/autoplasex.com\/?post_type=product&#038;p=25996"},"modified":"2024-10-13T11:56:32","modified_gmt":"2024-10-13T11:56:32","slug":"fleshlube-water-lubricante-personal-base-agua-100-ml","status":"publish","type":"product","link":"https:\/\/autoplasex.com\/en\/product\/fleshlube-water-lubricante-personal-base-agua-100-ml\/","title":{"rendered":"FLESHLUBE WATER LUBRICANTE PERSONAL BASE AGUA 100 ML"},"content":{"rendered":"<p>Fleshlube Water est\u00e1 dise\u00f1ado para proporcionar una \u00f3ptima sensaci\u00f3n de hidrataci\u00f3n y suavidad aumentando sus momentos de placer, siendo el complemento perfecto para su Fleshlight\u00ae u otros juguetes de silicona.<\/p>\n<p>Gracias a su f\u00f3rmula a base de agua e ingredientes de la m\u00e1xima calidad, tiene una textura \u00fanica, de tacto sedoso y natural, de agradable aplicaci\u00f3n y f\u00e1cil limpieza.<\/p>\n<p>Fleslube Water adem\u00e1s es un producto:<\/p>\n<ul>\n<li>Testado Dermatol\u00f3gicamente.<\/li>\n<li>Delicado con las pieles sensibles.<\/li>\n<li>Hipoalerg\u00e9nico y Natural.<\/li>\n<li>Libre de Parabenes.<\/li>\n<li>Envase de 100 ml.<\/li>\n<\/ul>\n<p>El lubricante perfecto para la masturbaci\u00f3n y experiencia fleshlight!<\/p>\n<p>Fleshlight\u00ae es l\u00edder mundial en la fabricaci\u00f3n de masturbadores masculinos utilizando moldes de personas reales, sus grandes calidades y cualidades han dado lugar a una marca pensada para el hombre\u00a0 y su placer unica en el Mundo!!<\/p>","protected":false},"excerpt":{"rendered":"<p>Fleshlube Water est\u00e1 dise\u00f1ado para proporcionar una \u00f3ptima sensaci\u00f3n de hidrataci\u00f3n y suavidad aumentando sus momentos de placer, siendo el complemento perfecto para su Fleshlight\u00ae u otros juguetes de silicona. Gracias a su f\u00f3rmula a base de agua e ingredientes de la m\u00e1xima calidad, tiene una textura \u00fanica, de tacto sedoso y natural, de agradable [&hellip;]<\/p>","protected":false},"featured_media":25997,"comment_status":"closed","ping_status":"closed","template":"","meta":{"_exactmetrics_skip_tracking":false,"_exactmetrics_sitenote_active":false,"_exactmetrics_sitenote_note":"","_exactmetrics_sitenote_category":0},"product_brand":[],"product_cat":[89,199],"product_tag":[52,363],"class_list":{"0":"post-25996","1":"product","2":"type-product","3":"status-publish","4":"has-post-thumbnail","6":"product_cat-fleshlight","7":"product_cat-lubricantes-agua","8":"product_tag-fleshlight-hombre","9":"product_tag-fleshlight-mujer-gay","11":"entry","12":"has-media","14":"first","15":"instock","16":"taxable","17":"shipping-taxable","18":"product-type-simple","19":"has-product-nav","20":"col","21":"span_1_of_4","22":"owp-content-center","23":"item-entry","24":"owp-thumbs-layout-horizontal","25":"owp-btn-very-big","26":"owp-tabs-layout-section","27":"has-no-thumbnails"},"_links":{"self":[{"href":"https:\/\/autoplasex.com\/en\/wp-json\/wp\/v2\/product\/25996","targetHints":{"allow":["GET"]}}],"collection":[{"href":"https:\/\/autoplasex.com\/en\/wp-json\/wp\/v2\/product"}],"about":[{"href":"https:\/\/autoplasex.com\/en\/wp-json\/wp\/v2\/types\/product"}],"replies":[{"embeddable":true,"href":"https:\/\/autoplasex.com\/en\/wp-json\/wp\/v2\/comments?post=25996"}],"version-history":[{"count":1,"href":"https:\/\/autoplasex.com\/en\/wp-json\/wp\/v2\/product\/25996\/revisions"}],"predecessor-version":[{"id":25998,"href":"https:\/\/autoplasex.com\/en\/wp-json\/wp\/v2\/product\/25996\/revisions\/25998"}],"wp:featuredmedia":[{"embeddable":true,"href":"https:\/\/autoplasex.com\/en\/wp-json\/wp\/v2\/media\/25997"}],"wp:attachment":[{"href":"https:\/\/autoplasex.com\/en\/wp-json\/wp\/v2\/media?parent=25996"}],"wp:term":[{"taxonomy":"product_brand","embeddable":true,"href":"https:\/\/autoplasex.com\/en\/wp-json\/wp\/v2\/product_brand?post=25996"},{"taxonomy":"product_cat","embeddable":true,"href":"https:\/\/autoplasex.com\/en\/wp-json\/wp\/v2\/product_cat?post=25996"},{"taxonomy":"product_tag","embeddable":true,"href":"https:\/\/autoplasex.com\/en\/wp-json\/wp\/v2\/product_tag?post=25996"}],"curies":[{"name":"wp","href":"https:\/\/api.w.org\/{rel}","templated":true}]}}