{"id":271,"date":"2020-04-23T13:33:01","date_gmt":"2020-04-23T13:33:01","guid":{"rendered":"https:\/\/autoplasex.com\/?post_type=product&#038;p=271"},"modified":"2020-05-13T14:01:19","modified_gmt":"2020-05-13T14:01:19","slug":"dioses-del-amor-15","status":"publish","type":"product","link":"https:\/\/autoplasex.com\/en\/product\/dioses-del-amor-15\/","title":{"rendered":"2.a Dioses del Amor 15 (Pru\u00e9balo GRATIS 15 d\u00edas)"},"content":{"rendered":"<p>Pru\u00e9balo <em><strong>GRATIS<\/strong><\/em> 15 d\u00edas. Si pasados los 15 d\u00edas decides continuar, se te cobrar\u00e1 el mes completo, pero si decides cancelarlo, no te preocupes, no se cargar\u00e1 absolutamente nada.<\/p>\n<p>*Suscripci\u00f3n m\u00ednima 1 a\u00f1o.<\/p>\n<p>*El CUP\u00d3N (1) solo sirve para la compra de art\u00edculos f\u00edsicos. No acumulable en suma final con CUP\u00d3N (2) o suscripciones.<\/p>\n<p><em><strong>En caso de suspensi\u00f3n del producto<\/strong><\/em> antes de su vencimiento, se ha de comunicar con antelaci\u00f3n al siguiente pago y se <strong><em>perder\u00e1n todos los vales, bonos o descuentos<\/em><\/strong> aplicables desde el momento de la cancelaci\u00f3n, la cual se le notificar\u00e1 en el plazo m\u00e1ximo de un d\u00eda laboral.<\/p>","protected":false},"excerpt":{"rendered":"<p><strong>El mecenazgo es un tipo de patrocinio que se otorga a artistas, literatos o cient\u00edficos, a fin de permitirles desarrollar su obra. \u00bfY qu\u00e9 mayor arte que el sexo?<\/strong><\/p>\n<p><strong>DIOSES DEL AMOR 15<\/strong><\/p>\n<p>Hazte MECENAS de Autoplasex por 15\u20ac\/mes y recibir\u00e1s a cambio:<\/p>\n<p>Toda la informaci\u00f3n de <strong>SECRETOS DEL PLACER<\/strong>.<\/p>\n<p>Bolet\u00edn de <strong>DESCUENTOS, CUPONES y OFERTAS<\/strong> antes que los dem\u00e1s.<\/p>\n<p><strong>10% de dto.<\/strong> en el Subtotal de tu carrito de compra de hasta 100\u20ac<\/p>\n<p><strong>15% de dto.<\/strong> En el Subtotal de tu carrito de compra superior a 100\u20ac.<\/p>\n<p><strong>Prioridad de reserva<\/strong> en \u00faltimas unidades de cualquier producto.<\/p>\n<p>Al final de tu a\u00f1o como MECENAS obtendr\u00e1s un (1)<strong>CUP\u00d3N DESCUENTO de -35%<\/strong> en el pr\u00f3ximo art\u00edculo que compres. <em>En caso de compra con varios art\u00edculos, el <strong>descuento<\/strong> se aplicar\u00e1 al <strong>art\u00edculo m\u00e1s caro<\/strong>.<\/em><\/p>\n<p>Y <strong>ATENCI\u00d3N<\/strong>!! Un (2)<strong>CUP\u00d3N DESCUENTO del -40%<\/strong> si decides cambiarte a <strong>DIOSES DEL AMOR 120.<\/strong> <em><strong>AHORRAR\u00c1S M\u00c1S DE 85\u20ac<\/strong><\/em><\/p>","protected":false},"featured_media":12787,"comment_status":"open","ping_status":"closed","template":"","meta":{"_exactmetrics_skip_tracking":false,"_exactmetrics_sitenote_active":false,"_exactmetrics_sitenote_note":"","_exactmetrics_sitenote_category":0},"product_brand":[],"product_cat":[65],"product_tag":[],"class_list":{"0":"post-271","1":"product","2":"type-product","3":"status-publish","4":"has-post-thumbnail","6":"product_cat-suscripciones","8":"entry","9":"has-media","11":"first","12":"instock","13":"featured","14":"virtual","15":"taxable","16":"purchasable","17":"product-type-subscription","18":"has-product-nav","19":"col","20":"span_1_of_4","21":"owp-content-center","22":"item-entry","23":"owp-thumbs-layout-horizontal","24":"owp-btn-very-big","25":"owp-tabs-layout-section","26":"has-no-thumbnails"},"_links":{"self":[{"href":"https:\/\/autoplasex.com\/en\/wp-json\/wp\/v2\/product\/271","targetHints":{"allow":["GET"]}}],"collection":[{"href":"https:\/\/autoplasex.com\/en\/wp-json\/wp\/v2\/product"}],"about":[{"href":"https:\/\/autoplasex.com\/en\/wp-json\/wp\/v2\/types\/product"}],"replies":[{"embeddable":true,"href":"https:\/\/autoplasex.com\/en\/wp-json\/wp\/v2\/comments?post=271"}],"version-history":[{"count":1,"href":"https:\/\/autoplasex.com\/en\/wp-json\/wp\/v2\/product\/271\/revisions"}],"predecessor-version":[{"id":12729,"href":"https:\/\/autoplasex.com\/en\/wp-json\/wp\/v2\/product\/271\/revisions\/12729"}],"wp:featuredmedia":[{"embeddable":true,"href":"https:\/\/autoplasex.com\/en\/wp-json\/wp\/v2\/media\/12787"}],"wp:attachment":[{"href":"https:\/\/autoplasex.com\/en\/wp-json\/wp\/v2\/media?parent=271"}],"wp:term":[{"taxonomy":"product_brand","embeddable":true,"href":"https:\/\/autoplasex.com\/en\/wp-json\/wp\/v2\/product_brand?post=271"},{"taxonomy":"product_cat","embeddable":true,"href":"https:\/\/autoplasex.com\/en\/wp-json\/wp\/v2\/product_cat?post=271"},{"taxonomy":"product_tag","embeddable":true,"href":"https:\/\/autoplasex.com\/en\/wp-json\/wp\/v2\/product_tag?post=271"}],"curies":[{"name":"wp","href":"https:\/\/api.w.org\/{rel}","templated":true}]}}