{"id":276,"date":"2020-04-23T13:38:22","date_gmt":"2020-04-23T13:38:22","guid":{"rendered":"https:\/\/autoplasex.com\/?post_type=product&#038;p=276"},"modified":"2020-05-13T13:58:15","modified_gmt":"2020-05-13T13:58:15","slug":"divino-placer-80","status":"publish","type":"product","link":"https:\/\/autoplasex.com\/en\/product\/divino-placer-80\/","title":{"rendered":"1.b  Divino Placer 80 (Pru\u00e9balo\u00a0GRATIS 1 mes)"},"content":{"rendered":"<p>Pru\u00e9balo\u00a0<em><strong>GRATIS<\/strong><\/em> 1 mes. Si pasado el mes decides continuar, se te cobrar\u00e1 la cuota completa, pero si decides cancelarlo, no te preocupes, no se cargar\u00e1 absolutamente nada.<\/p>\n<p>Este producto\u00a0 <em><strong>no permite la baja de la misma<\/strong><\/em>. Solo se permite la <em><strong>NO\u00a0 RENOVACI\u00d3N<\/strong><\/em> de la siguiente cuota. Se ha de comunicar con antelaci\u00f3n al siguiente pago y se <strong><em>perder\u00e1 autom\u00e1ticamente el vale descuento del 25% en la siguiente renovaci\u00f3n. <\/em><em>Los vales, bonos o descuentos seguir\u00e1n siendo v\u00e1lidos<\/em><\/strong> hasta el final de la suscripci\u00f3n.<\/p>","protected":false},"excerpt":{"rendered":"<p><strong><em>El mecenazgo es un tipo de patrocinio que se otorga a artistas, literatos o cient\u00edficos, a fin de permitirles desarrollar su obra. Y como el sexo en si, es un arte, aqu\u00ed te presentamos tu mecenazgo:<\/em><\/strong><\/p>\n<p><strong>DIVINO PLACER 80.<\/strong><\/p>\n<p>Hazte MECENAS de Autoplasex por 80\u20ac al a\u00f1o y recibir\u00e1s a cambio:<\/p>\n<p>Toda la informaci\u00f3n de SECRETOS DEL PLACER.<\/p>\n<p><strong>Boletin<\/strong> de <strong>DESCUENTOS, CUPONES y OFERTAS<\/strong> antes que los dem\u00e1s.<\/p>\n<p><strong>6% de dto<\/strong>. en el Subtotal de tu carrito de compra de hasta 100\u20ac<\/p>\n<p><strong>10% de dto.<\/strong> En el Subtotal de tu carrito de compra superior a 100\u20ac.<\/p>\n<p><strong>Prioridad de reserva<\/strong> en \u00faltimas unidades de cualquier producto.<\/p>\n<p>Al final de tu a\u00f1o como MECENAS obtendr\u00e1s un <strong>CUP\u00d3N DESCUENTO del -25%<\/strong> en el pr\u00f3ximo art\u00edculo que compres. <em>En caso de compra con varios art\u00edculos, el <strong>descuento<\/strong> lo aplicaremos al <strong>art\u00edculo m\u00e1s caro.<\/strong><\/em><\/p>\n<p>Pero, no hemos terminado a\u00fan. <em><strong>ATENCI\u00d3N!!!<\/strong> <\/em>Si al termino de tu mecenazgo has realizado 5 o m\u00e1s compras, <strong>te regalamos un cup\u00f3n del -25%<\/strong> de descuento en tu pr\u00f3xima renovaci\u00f3n anual. O un <strong>-40% si te pasas a Mecenas 120.<\/strong><\/p>","protected":false},"featured_media":12786,"comment_status":"open","ping_status":"closed","template":"","meta":{"_exactmetrics_skip_tracking":false,"_exactmetrics_sitenote_active":false,"_exactmetrics_sitenote_note":"","_exactmetrics_sitenote_category":0},"product_brand":[],"product_cat":[65],"product_tag":[],"class_list":{"0":"post-276","1":"product","2":"type-product","3":"status-publish","4":"has-post-thumbnail","6":"product_cat-suscripciones","8":"entry","9":"has-media","11":"first","12":"instock","13":"featured","14":"virtual","15":"sold-individually","16":"taxable","17":"purchasable","18":"product-type-subscription","19":"has-product-nav","20":"col","21":"span_1_of_4","22":"owp-content-center","23":"item-entry","24":"owp-thumbs-layout-horizontal","25":"owp-btn-very-big","26":"owp-tabs-layout-section","27":"has-no-thumbnails"},"_links":{"self":[{"href":"https:\/\/autoplasex.com\/en\/wp-json\/wp\/v2\/product\/276","targetHints":{"allow":["GET"]}}],"collection":[{"href":"https:\/\/autoplasex.com\/en\/wp-json\/wp\/v2\/product"}],"about":[{"href":"https:\/\/autoplasex.com\/en\/wp-json\/wp\/v2\/types\/product"}],"replies":[{"embeddable":true,"href":"https:\/\/autoplasex.com\/en\/wp-json\/wp\/v2\/comments?post=276"}],"version-history":[{"count":1,"href":"https:\/\/autoplasex.com\/en\/wp-json\/wp\/v2\/product\/276\/revisions"}],"predecessor-version":[{"id":12735,"href":"https:\/\/autoplasex.com\/en\/wp-json\/wp\/v2\/product\/276\/revisions\/12735"}],"wp:featuredmedia":[{"embeddable":true,"href":"https:\/\/autoplasex.com\/en\/wp-json\/wp\/v2\/media\/12786"}],"wp:attachment":[{"href":"https:\/\/autoplasex.com\/en\/wp-json\/wp\/v2\/media?parent=276"}],"wp:term":[{"taxonomy":"product_brand","embeddable":true,"href":"https:\/\/autoplasex.com\/en\/wp-json\/wp\/v2\/product_brand?post=276"},{"taxonomy":"product_cat","embeddable":true,"href":"https:\/\/autoplasex.com\/en\/wp-json\/wp\/v2\/product_cat?post=276"},{"taxonomy":"product_tag","embeddable":true,"href":"https:\/\/autoplasex.com\/en\/wp-json\/wp\/v2\/product_tag?post=276"}],"curies":[{"name":"wp","href":"https:\/\/api.w.org\/{rel}","templated":true}]}}