{"id":3226,"date":"2020-04-28T17:27:51","date_gmt":"2020-04-28T17:27:51","guid":{"rendered":"https:\/\/autoplasex.com\/producto\/durex-intense-delight-bullet-vibrador\/"},"modified":"2023-10-02T10:09:12","modified_gmt":"2023-10-02T10:09:12","slug":"durex-delight-bullet","status":"publish","type":"product","link":"https:\/\/autoplasex.com\/en\/product\/durex-delight-bullet\/","title":{"rendered":"INTENSE DUREX DELIGHT BULLET VIBRADOR"},"content":{"rendered":"<p>Durex intense delight bullet, presenta la nueva linea intense orgasmic de Durex.<\/p>\n<p>El Durex Delight Bullet es un vibrador compacto y discreto fabricado por la reconocida marca Durex, conocida por sus productos relacionados con la intimidad y el placer sexual. El Durex Delight Bullet se caracteriza por su dise\u00f1o elegante y su tama\u00f1o compacto, lo que lo hace f\u00e1cil de transportar y utilizar en cualquier lugar.<\/p>\n<p>Este vibrador est\u00e1 dise\u00f1ado para estimular las zonas er\u00f3genas del cuerpo, como el cl\u00edtoris, los pezones o cualquier otra parte del cuerpo que desees explorar. Cuenta con varias velocidades y patrones de vibraci\u00f3n que se pueden ajustar seg\u00fan tus preferencias y nivel de estimulaci\u00f3n deseado. Algunos modelos del Durex Delight Bullet tambi\u00e9n vienen con control remoto, lo que permite que tu pareja participe en el juego y controle las vibraciones a distancia.<\/p>\n<p>El Durex Delight Bullet est\u00e1 fabricado con materiales seguros para el cuerpo, como silicona suave y libre de ftalatos, lo que lo hace seguro para el uso \u00edntimo. Adem\u00e1s, es resistente al agua, lo que te brinda la posibilidad de disfrutarlo en la ducha o la ba\u00f1era.<\/p>\n<p>Es importante destacar que el Durex Delight Bullet es un juguete sexual dise\u00f1ado para el placer y la exploraci\u00f3n er\u00f3tica consensuada entre adultos. Siempre es recomendable leer y seguir las instrucciones del fabricante para un uso seguro y adecuado. Adem\u00e1s, se debe limpiar correctamente antes y despu\u00e9s de cada uso para mantener una buena higiene.<\/p>\n<p>Recuerda que la elecci\u00f3n de juguetes sexuales es una decisi\u00f3n personal y depende de tus preferencias individuales. Si est\u00e1s interesado en adquirir un Durex Delight Bullet u otro juguete sexual, te recomiendo investigar y leer rese\u00f1as para asegurarte de que cumpla con tus expectativas y necesidades espec\u00edficas.<\/p>\n<p>Solo una misi\u00f3n, orgasmo para todos!<\/p>\n<p>Durex Delight bullet ofrece 5 horas de inquietante placer, experimenta la suave capa que recubre a este vibrador y estimula el cl\u00edtoris intensamente.<\/p>\n<ul>\n<li>Peque\u00f1o y discreto con potente vibraci\u00f3n<\/li>\n<li>Ideal para estimulaci\u00f3n clitorial<\/li>\n<li>Hasta 5 horas de inquietante placer<\/li>\n<li>Sumergible.<\/li>\n<\/ul>","protected":false},"excerpt":{"rendered":"<p>Durex intense delight bullet, presenta la nueva linea intense orgasmic de Durex. El Durex Delight Bullet es un vibrador compacto y discreto fabricado por la reconocida marca Durex, conocida por sus productos relacionados con la intimidad y el placer sexual. El Durex Delight Bullet se caracteriza por su dise\u00f1o elegante y su tama\u00f1o compacto, lo [&hellip;]<\/p>","protected":false},"featured_media":3227,"comment_status":"closed","ping_status":"closed","template":"","meta":{"_exactmetrics_skip_tracking":false,"_exactmetrics_sitenote_active":false,"_exactmetrics_sitenote_note":"","_exactmetrics_sitenote_category":0},"product_brand":[],"product_cat":[85],"product_tag":[368,367,266,361,40,369],"class_list":{"0":"post-3226","1":"product","2":"type-product","3":"status-publish","4":"has-post-thumbnail","6":"product_cat-masajeadores","7":"product_tag-bullet","8":"product_tag-durex-bullet","9":"product_tag-placer","10":"product_tag-placer-adulto","11":"product_tag-vibrador","12":"product_tag-vibrador-de-bala","14":"entry","15":"has-media","17":"first","18":"instock","19":"sale","20":"taxable","21":"shipping-taxable","22":"purchasable","23":"product-type-simple","24":"has-product-nav","25":"col","26":"span_1_of_4","27":"owp-content-center","28":"item-entry","29":"owp-thumbs-layout-horizontal","30":"owp-btn-very-big","31":"owp-tabs-layout-section","32":"has-no-thumbnails"},"_links":{"self":[{"href":"https:\/\/autoplasex.com\/en\/wp-json\/wp\/v2\/product\/3226","targetHints":{"allow":["GET"]}}],"collection":[{"href":"https:\/\/autoplasex.com\/en\/wp-json\/wp\/v2\/product"}],"about":[{"href":"https:\/\/autoplasex.com\/en\/wp-json\/wp\/v2\/types\/product"}],"replies":[{"embeddable":true,"href":"https:\/\/autoplasex.com\/en\/wp-json\/wp\/v2\/comments?post=3226"}],"version-history":[{"count":3,"href":"https:\/\/autoplasex.com\/en\/wp-json\/wp\/v2\/product\/3226\/revisions"}],"predecessor-version":[{"id":16818,"href":"https:\/\/autoplasex.com\/en\/wp-json\/wp\/v2\/product\/3226\/revisions\/16818"}],"wp:featuredmedia":[{"embeddable":true,"href":"https:\/\/autoplasex.com\/en\/wp-json\/wp\/v2\/media\/3227"}],"wp:attachment":[{"href":"https:\/\/autoplasex.com\/en\/wp-json\/wp\/v2\/media?parent=3226"}],"wp:term":[{"taxonomy":"product_brand","embeddable":true,"href":"https:\/\/autoplasex.com\/en\/wp-json\/wp\/v2\/product_brand?post=3226"},{"taxonomy":"product_cat","embeddable":true,"href":"https:\/\/autoplasex.com\/en\/wp-json\/wp\/v2\/product_cat?post=3226"},{"taxonomy":"product_tag","embeddable":true,"href":"https:\/\/autoplasex.com\/en\/wp-json\/wp\/v2\/product_tag?post=3226"}],"curies":[{"name":"wp","href":"https:\/\/api.w.org\/{rel}","templated":true}]}}