{"id":3463,"date":"2020-04-28T17:37:41","date_gmt":"2020-04-28T17:37:41","guid":{"rendered":"https:\/\/autoplasex.com\/producto\/svakom-anya-vibrador-funcion-calor-rosa\/"},"modified":"2020-05-10T23:20:35","modified_gmt":"2020-05-10T23:20:35","slug":"svakom-anya-vibrador-funcion-calor-rosa","status":"publish","type":"product","link":"https:\/\/autoplasex.com\/en\/product\/svakom-anya-vibrador-funcion-calor-rosa\/","title":{"rendered":"SVAKOM ANYA VIBRADOR FUNCION CALOR ROSA"},"content":{"rendered":"<ul>\n<li>Funci\u00f3n Calor<\/li>\n<li>Ondas de placer para una mejor estimulacion<\/li>\n<li>Completamente cubierto de silicona f\u00e1cil de limpiar<\/li>\n<li>Modo inteligente SVAKOM<\/li>\n<li>26 Frecuencias<\/li>\n<li>Sumergible<\/li>\n<li>Material Eco-Friendly<\/li>\n<li>Recargable<\/li>\n<li>Silencioso<\/li>\n<\/ul>\n<p>Anya es un potente vibrador con funci\u00f3n calor de tama\u00f1o medio de muy f\u00e1cil uso con potentes vibraciones gracias a su motor doble dual. Estimula el Punto G.\u00a0 La funci\u00f3n calor alcanza 38 grados que es la temperatura perfecta para el humano en la que comienza a sentir la estimulaci\u00f3n en las zonas er\u00f3genas.<\/p>\n<p>26 frecuencias.<\/p>\n<p>Con 5 modos de vibraci\u00f3n cada\u00a0 modo eleva la intensidad. EL motor tiene una larga duraci\u00f3n una vez est\u00e9 100% cargado. Adem\u00e1s incorpora el modo inteligente que presion\u00e1ndolo tiene hasta 26 formas diferentes de estimulaci\u00f3n.<\/p>\n<p>Svakom Anya es silencioso y sumergible, util\u00edzalo en la ducha o Spa.<\/p>\n<p>Incorpora una bater\u00eda recargable de lithium con capacidad de 650 mah que permiten una carga completa en 1 hora para 3 horas de intenso placer.<\/p>","protected":false},"excerpt":{"rendered":"<p>Funci\u00f3n Calor Ondas de placer para una mejor estimulacion Completamente cubierto de silicona f\u00e1cil de limpiar Modo inteligente SVAKOM 26 Frecuencias Sumergible Material Eco-Friendly Recargable Silencioso Anya es un potente vibrador con funci\u00f3n calor de tama\u00f1o medio de muy f\u00e1cil uso con potentes vibraciones gracias a su motor doble dual. Estimula el Punto G.\u00a0 La [&hellip;]<\/p>","protected":false},"featured_media":3464,"comment_status":"closed","ping_status":"closed","template":"","meta":{"_exactmetrics_skip_tracking":false,"_exactmetrics_sitenote_active":false,"_exactmetrics_sitenote_note":"","_exactmetrics_sitenote_category":0},"product_brand":[],"product_cat":[91,109],"product_tag":[],"class_list":{"0":"post-3463","1":"product","2":"type-product","3":"status-publish","4":"has-post-thumbnail","6":"product_cat-svakom","7":"product_cat-vibrador","9":"entry","10":"has-media","12":"first","13":"instock","14":"taxable","15":"shipping-taxable","16":"purchasable","17":"product-type-simple","18":"has-product-nav","19":"col","20":"span_1_of_4","21":"owp-content-center","22":"item-entry","23":"owp-thumbs-layout-horizontal","24":"owp-btn-very-big","25":"owp-tabs-layout-section","26":"has-no-thumbnails"},"_links":{"self":[{"href":"https:\/\/autoplasex.com\/en\/wp-json\/wp\/v2\/product\/3463","targetHints":{"allow":["GET"]}}],"collection":[{"href":"https:\/\/autoplasex.com\/en\/wp-json\/wp\/v2\/product"}],"about":[{"href":"https:\/\/autoplasex.com\/en\/wp-json\/wp\/v2\/types\/product"}],"replies":[{"embeddable":true,"href":"https:\/\/autoplasex.com\/en\/wp-json\/wp\/v2\/comments?post=3463"}],"version-history":[{"count":0,"href":"https:\/\/autoplasex.com\/en\/wp-json\/wp\/v2\/product\/3463\/revisions"}],"wp:featuredmedia":[{"embeddable":true,"href":"https:\/\/autoplasex.com\/en\/wp-json\/wp\/v2\/media\/3464"}],"wp:attachment":[{"href":"https:\/\/autoplasex.com\/en\/wp-json\/wp\/v2\/media?parent=3463"}],"wp:term":[{"taxonomy":"product_brand","embeddable":true,"href":"https:\/\/autoplasex.com\/en\/wp-json\/wp\/v2\/product_brand?post=3463"},{"taxonomy":"product_cat","embeddable":true,"href":"https:\/\/autoplasex.com\/en\/wp-json\/wp\/v2\/product_cat?post=3463"},{"taxonomy":"product_tag","embeddable":true,"href":"https:\/\/autoplasex.com\/en\/wp-json\/wp\/v2\/product_tag?post=3463"}],"curies":[{"name":"wp","href":"https:\/\/api.w.org\/{rel}","templated":true}]}}