{"id":376,"date":"2020-04-28T15:03:27","date_gmt":"2020-04-28T15:03:27","guid":{"rendered":"https:\/\/autoplasex.com\/producto\/screaming-o-anillo-doble-recargable-con-rabbit-o-hare-negro\/"},"modified":"2020-05-10T22:47:40","modified_gmt":"2020-05-10T22:47:40","slug":"screaming-o-anillo-doble-recargable-con-rabbit-o-hare-negro","status":"publish","type":"product","link":"https:\/\/autoplasex.com\/en\/product\/screaming-o-anillo-doble-recargable-con-rabbit-o-hare-negro\/","title":{"rendered":"SCREAMING O ANILLO DOBLE RECARGABLE CON RABBIT O HARE &#8211; NEGRO"},"content":{"rendered":"<p>El anillo Ohare ofrece doble estimulaci\u00f3n en un material ultraresistente  con un motor interno potente que consigue hasta 10 velocidades, las orejitas del conejito estimulador har\u00e1n delicias de placer, mientras que su anillo se adaptar\u00e1 perfectamente a tu pene. <\/p>\n<p>El O Hare adem\u00e1s es USB recargable y su bater\u00eda es de larga duraci\u00f3n, ya que aguanta hasta mas de 60 minutos de potentes vibraci\u00f3n con una carga completa. Adem\u00e1s est\u00e1 accionado por las prestigiosas balas vibrtadoras Vooom que podr\u00e1s usar por separado.<\/p>\n<p>Sus principales caracteristicas son;<\/p>\n<ul>\n<li>10 Velocidades de intensa Vibraci\u00f3n<\/li>\n<li>Doble Anillas estimulantes<\/li>\n<li>Material ultra confort \/ soft 100% Silicona<\/li>\n<li>Adaptable a todos los tama\u00f1os de Pene<\/li>\n<li>100% Libre de phalatos <\/li>\n<li>USb recargable<\/li>\n<li>Sumergible \/ apto para la ducha o el Spa.<\/li>\n<li>Color: negro<\/li>\n<\/ul>\n<p>Screaming O ofrece dise\u00f1o, calidad y diversi\u00f3n asegurada, en una marca americana l\u00edder en ventas.<\/p>","protected":false},"excerpt":{"rendered":"<p>El anillo Ohare ofrece doble estimulaci\u00f3n en un material ultraresistente con un motor interno potente que consigue hasta 10 velocidades, las orejitas del conejito estimulador har\u00e1n delicias de placer, mientras que su anillo se adaptar\u00e1 perfectamente a tu pene. El O Hare adem\u00e1s es USB recargable y su bater\u00eda es de larga duraci\u00f3n, ya que [&hellip;]<\/p>","protected":false},"featured_media":377,"comment_status":"closed","ping_status":"open","template":"","meta":{"_exactmetrics_skip_tracking":false,"_exactmetrics_sitenote_active":false,"_exactmetrics_sitenote_note":"","_exactmetrics_sitenote_category":0},"product_brand":[],"product_cat":[72,29],"product_tag":[],"class_list":{"0":"post-376","1":"product","2":"type-product","3":"status-publish","4":"has-post-thumbnail","6":"product_cat-anillos","7":"product_cat-traviesos","9":"entry","10":"has-media","12":"first","13":"instock","14":"taxable","15":"shipping-taxable","16":"purchasable","17":"product-type-simple","18":"has-product-nav","19":"col","20":"span_1_of_4","21":"owp-content-center","22":"item-entry","23":"owp-thumbs-layout-horizontal","24":"owp-btn-very-big","25":"owp-tabs-layout-section","26":"has-no-thumbnails"},"_links":{"self":[{"href":"https:\/\/autoplasex.com\/en\/wp-json\/wp\/v2\/product\/376","targetHints":{"allow":["GET"]}}],"collection":[{"href":"https:\/\/autoplasex.com\/en\/wp-json\/wp\/v2\/product"}],"about":[{"href":"https:\/\/autoplasex.com\/en\/wp-json\/wp\/v2\/types\/product"}],"replies":[{"embeddable":true,"href":"https:\/\/autoplasex.com\/en\/wp-json\/wp\/v2\/comments?post=376"}],"version-history":[{"count":0,"href":"https:\/\/autoplasex.com\/en\/wp-json\/wp\/v2\/product\/376\/revisions"}],"wp:featuredmedia":[{"embeddable":true,"href":"https:\/\/autoplasex.com\/en\/wp-json\/wp\/v2\/media\/377"}],"wp:attachment":[{"href":"https:\/\/autoplasex.com\/en\/wp-json\/wp\/v2\/media?parent=376"}],"wp:term":[{"taxonomy":"product_brand","embeddable":true,"href":"https:\/\/autoplasex.com\/en\/wp-json\/wp\/v2\/product_brand?post=376"},{"taxonomy":"product_cat","embeddable":true,"href":"https:\/\/autoplasex.com\/en\/wp-json\/wp\/v2\/product_cat?post=376"},{"taxonomy":"product_tag","embeddable":true,"href":"https:\/\/autoplasex.com\/en\/wp-json\/wp\/v2\/product_tag?post=376"}],"curies":[{"name":"wp","href":"https:\/\/api.w.org\/{rel}","templated":true}]}}