{"id":3928,"date":"2020-04-28T17:55:26","date_gmt":"2020-04-28T17:55:26","guid":{"rendered":"https:\/\/autoplasex.com\/producto\/extreme-masturbador-masculino\/"},"modified":"2020-05-10T23:20:15","modified_gmt":"2020-05-10T23:20:15","slug":"extreme-masturbador-masculino","status":"publish","type":"product","link":"https:\/\/autoplasex.com\/en\/product\/extreme-masturbador-masculino\/","title":{"rendered":"EXTREME MASTURBADOR MASCULINO"},"content":{"rendered":"<p>Prep\u00e1rate para el m\u00e1s incre\u00edble, m\u00e1s intenso y m\u00e1s avanzado masturbador masculino nunca antes imaginado! El vibrante Roto-Teazer es el masturbador de potencia m\u00e1xima que hace todo el trabajo por ti! No m\u00e1s de sacudidas, caricias o apretones, basta con pulsar un bot\u00f3n y disfrutar de una alucinante estimulaci\u00f3n para hacerte llegar como nunca a tus orgasmos!<\/p>\n<ul>\n<li>100% Libre de Phalatos<\/li>\n<li>Multivelocidad con 7 patrones de vibraci\u00f3n<\/li>\n<li>Masturbador con sistema rotativo alta tecnologia<\/li>\n<\/ul>\n<p>A diferencia de los masturbadores ordinarios que apenas se mueven arriba y abajo, la vibraci\u00f3n y rotaci\u00f3n avanzada de Roto-Teazer y el mecanismo de vibraci\u00f3n le da un nuevo giro a la masturbaci\u00f3n masculina!<\/p>\n<p>Con cada movimiento circular del eje, la funda de silicona s\u00faper suave envuelve las \u00e1reas sensibles de tu pene mientras cientos de peque\u00f1as aletas estimulan el glande, ofreciendo sensaciones escalofriantes que ni tan siquiera el sexo oral podr\u00eda ofrecer! Combina el movimiento circular con 7 patrones de emocionante vibraci\u00f3n.<\/p>\n<p>Disfruta del sexo sin cables y con manos libres, siempre que quieras, donde quieras y todo el tiempo que quieras, sin ning\u00fan tipo de compromiso!.<\/p>\n<p>Funciona con 3 pilas AA que puedes encontrar en la secci\u00f3n Pilas de nuestra web.<\/p>","protected":false},"excerpt":{"rendered":"<p>Prep\u00e1rate para el m\u00e1s incre\u00edble, m\u00e1s intenso y m\u00e1s avanzado masturbador masculino nunca antes imaginado! El vibrante Roto-Teazer es el masturbador de potencia m\u00e1xima que hace todo el trabajo por ti! No m\u00e1s de sacudidas, caricias o apretones, basta con pulsar un bot\u00f3n y disfrutar de una alucinante estimulaci\u00f3n para hacerte llegar como nunca a [&hellip;]<\/p>","protected":false},"featured_media":3929,"comment_status":"closed","ping_status":"closed","template":"","meta":{"_exactmetrics_skip_tracking":false,"_exactmetrics_sitenote_active":false,"_exactmetrics_sitenote_note":"","_exactmetrics_sitenote_category":0},"product_brand":[],"product_cat":[71,29],"product_tag":[],"class_list":{"0":"post-3928","1":"product","2":"type-product","3":"status-publish","4":"has-post-thumbnail","6":"product_cat-masturbadores","7":"product_cat-traviesos","9":"entry","10":"has-media","12":"first","13":"instock","14":"taxable","15":"shipping-taxable","16":"purchasable","17":"product-type-simple","18":"has-product-nav","19":"col","20":"span_1_of_4","21":"owp-content-center","22":"item-entry","23":"owp-thumbs-layout-horizontal","24":"owp-btn-very-big","25":"owp-tabs-layout-section","26":"has-no-thumbnails"},"_links":{"self":[{"href":"https:\/\/autoplasex.com\/en\/wp-json\/wp\/v2\/product\/3928","targetHints":{"allow":["GET"]}}],"collection":[{"href":"https:\/\/autoplasex.com\/en\/wp-json\/wp\/v2\/product"}],"about":[{"href":"https:\/\/autoplasex.com\/en\/wp-json\/wp\/v2\/types\/product"}],"replies":[{"embeddable":true,"href":"https:\/\/autoplasex.com\/en\/wp-json\/wp\/v2\/comments?post=3928"}],"version-history":[{"count":0,"href":"https:\/\/autoplasex.com\/en\/wp-json\/wp\/v2\/product\/3928\/revisions"}],"wp:featuredmedia":[{"embeddable":true,"href":"https:\/\/autoplasex.com\/en\/wp-json\/wp\/v2\/media\/3929"}],"wp:attachment":[{"href":"https:\/\/autoplasex.com\/en\/wp-json\/wp\/v2\/media?parent=3928"}],"wp:term":[{"taxonomy":"product_brand","embeddable":true,"href":"https:\/\/autoplasex.com\/en\/wp-json\/wp\/v2\/product_brand?post=3928"},{"taxonomy":"product_cat","embeddable":true,"href":"https:\/\/autoplasex.com\/en\/wp-json\/wp\/v2\/product_cat?post=3928"},{"taxonomy":"product_tag","embeddable":true,"href":"https:\/\/autoplasex.com\/en\/wp-json\/wp\/v2\/product_tag?post=3928"}],"curies":[{"name":"wp","href":"https:\/\/api.w.org\/{rel}","templated":true}]}}