{"id":5065,"date":"2020-04-28T18:33:14","date_gmt":"2020-04-28T18:33:14","guid":{"rendered":"https:\/\/autoplasex.com\/producto\/clitherapy-balsamo-clitoris-bad-day-killer\/"},"modified":"2020-05-10T23:19:47","modified_gmt":"2020-05-10T23:19:47","slug":"clitherapy-balsamo-clitoris-bad-day-killer","status":"publish","type":"product","link":"https:\/\/autoplasex.com\/en\/product\/clitherapy-balsamo-clitoris-bad-day-killer\/","title":{"rendered":"CLITHERAPY BALSAMO CLITORIS BAD DAY KILLER"},"content":{"rendered":"<p><a href=\"https:\/\/autoplasex.com\/wp-content\/uploads\/2020\/04\/img_77966_04e31b3f4ba6d6a170668c88bebaf9cc_1.jpg\"><img fetchpriority=\"high\" decoding=\"async\" class=\"alignnone size-medium wp-image-11619\" src=\"https:\/\/autoplasex.com\/wp-content\/uploads\/2020\/04\/img_77966_04e31b3f4ba6d6a170668c88bebaf9cc_1-300x300.jpg\" alt=\"\" width=\"300\" height=\"300\" srcset=\"https:\/\/autoplasex.com\/wp-content\/uploads\/2020\/04\/img_77966_04e31b3f4ba6d6a170668c88bebaf9cc_1-300x300.jpg 300w, https:\/\/autoplasex.com\/wp-content\/uploads\/2020\/04\/img_77966_04e31b3f4ba6d6a170668c88bebaf9cc_1-150x150.jpg 150w, https:\/\/autoplasex.com\/wp-content\/uploads\/2020\/04\/img_77966_04e31b3f4ba6d6a170668c88bebaf9cc_1-768x768.jpg 768w, https:\/\/autoplasex.com\/wp-content\/uploads\/2020\/04\/img_77966_04e31b3f4ba6d6a170668c88bebaf9cc_1-600x600.jpg 600w, https:\/\/autoplasex.com\/wp-content\/uploads\/2020\/04\/img_77966_04e31b3f4ba6d6a170668c88bebaf9cc_1-100x100.jpg 100w, https:\/\/autoplasex.com\/wp-content\/uploads\/2020\/04\/img_77966_04e31b3f4ba6d6a170668c88bebaf9cc_1.jpg 800w\" sizes=\"(max-width: 300px) 100vw, 300px\" \/><\/a> <a href=\"https:\/\/autoplasex.com\/wp-content\/uploads\/2020\/04\/img_77967_8acf2a7b6f543d7cb3cc55ad920a74bd_1.jpg\"><img decoding=\"async\" class=\"alignnone size-medium wp-image-11620\" src=\"https:\/\/autoplasex.com\/wp-content\/uploads\/2020\/04\/img_77967_8acf2a7b6f543d7cb3cc55ad920a74bd_1-300x300.jpg\" alt=\"\" width=\"300\" height=\"300\" srcset=\"https:\/\/autoplasex.com\/wp-content\/uploads\/2020\/04\/img_77967_8acf2a7b6f543d7cb3cc55ad920a74bd_1-300x300.jpg 300w, https:\/\/autoplasex.com\/wp-content\/uploads\/2020\/04\/img_77967_8acf2a7b6f543d7cb3cc55ad920a74bd_1-150x150.jpg 150w, https:\/\/autoplasex.com\/wp-content\/uploads\/2020\/04\/img_77967_8acf2a7b6f543d7cb3cc55ad920a74bd_1-768x768.jpg 768w, https:\/\/autoplasex.com\/wp-content\/uploads\/2020\/04\/img_77967_8acf2a7b6f543d7cb3cc55ad920a74bd_1-600x600.jpg 600w, https:\/\/autoplasex.com\/wp-content\/uploads\/2020\/04\/img_77967_8acf2a7b6f543d7cb3cc55ad920a74bd_1-100x100.jpg 100w, https:\/\/autoplasex.com\/wp-content\/uploads\/2020\/04\/img_77967_8acf2a7b6f543d7cb3cc55ad920a74bd_1.jpg 800w\" sizes=\"(max-width: 300px) 100vw, 300px\" \/><\/a>En la era digital, los dedos bien entrenados sirven para algo m\u00e1s que para deslizarlos en las apps de citas.<\/p>\n<p>Aplica una peque\u00f1a cantidad de este b\u00e1lsamo directamente en el cl\u00edtoris y masajea suavemente. Empezar\u00e1s a notar su efecto calor a los pocos segundos. \u00a1Disfruta!<\/p>\n<p>BAD DAY KILLER Lo mejor est\u00e1 por llegar. Si tu d\u00eda comenz\u00f3 con el objetivo de echar un polvo pero termin\u00f3 en una de las peores citas de la historia \u00a1toca darse muuuuuucho amor!<\/p>\n<ul>\n<li>Contenido: b\u00e1lsamo perfumado para el cl\u00edtoris.<\/li>\n<li>Efecto calor<\/li>\n<li>Cantidad: 8gr<\/li>\n<\/ul>","protected":false},"excerpt":{"rendered":"<p>En la era digital, los dedos bien entrenados sirven para algo m\u00e1s que para deslizarlos en las apps de citas. Aplica una peque\u00f1a cantidad de este b\u00e1lsamo directamente en el cl\u00edtoris y masajea suavemente. Empezar\u00e1s a notar su efecto calor a los pocos segundos. \u00a1Disfruta! BAD DAY KILLER Lo mejor est\u00e1 por llegar. Si tu [&hellip;]<\/p>","protected":false},"featured_media":11620,"comment_status":"closed","ping_status":"closed","template":"","meta":{"_exactmetrics_skip_tracking":false,"_exactmetrics_sitenote_active":false,"_exactmetrics_sitenote_note":"","_exactmetrics_sitenote_category":0},"product_brand":[],"product_cat":[194],"product_tag":[],"class_list":{"0":"post-5065","1":"product","2":"type-product","3":"status-publish","4":"has-post-thumbnail","6":"product_cat-excitante-ella","8":"entry","9":"has-media","11":"first","12":"instock","13":"taxable","14":"shipping-taxable","15":"purchasable","16":"product-type-simple","17":"has-product-nav","18":"col","19":"span_1_of_4","20":"owp-content-center","21":"item-entry","22":"owp-thumbs-layout-horizontal","23":"owp-btn-very-big","24":"owp-tabs-layout-section","25":"has-no-thumbnails"},"_links":{"self":[{"href":"https:\/\/autoplasex.com\/en\/wp-json\/wp\/v2\/product\/5065","targetHints":{"allow":["GET"]}}],"collection":[{"href":"https:\/\/autoplasex.com\/en\/wp-json\/wp\/v2\/product"}],"about":[{"href":"https:\/\/autoplasex.com\/en\/wp-json\/wp\/v2\/types\/product"}],"replies":[{"embeddable":true,"href":"https:\/\/autoplasex.com\/en\/wp-json\/wp\/v2\/comments?post=5065"}],"version-history":[{"count":1,"href":"https:\/\/autoplasex.com\/en\/wp-json\/wp\/v2\/product\/5065\/revisions"}],"predecessor-version":[{"id":11621,"href":"https:\/\/autoplasex.com\/en\/wp-json\/wp\/v2\/product\/5065\/revisions\/11621"}],"wp:featuredmedia":[{"embeddable":true,"href":"https:\/\/autoplasex.com\/en\/wp-json\/wp\/v2\/media\/11620"}],"wp:attachment":[{"href":"https:\/\/autoplasex.com\/en\/wp-json\/wp\/v2\/media?parent=5065"}],"wp:term":[{"taxonomy":"product_brand","embeddable":true,"href":"https:\/\/autoplasex.com\/en\/wp-json\/wp\/v2\/product_brand?post=5065"},{"taxonomy":"product_cat","embeddable":true,"href":"https:\/\/autoplasex.com\/en\/wp-json\/wp\/v2\/product_cat?post=5065"},{"taxonomy":"product_tag","embeddable":true,"href":"https:\/\/autoplasex.com\/en\/wp-json\/wp\/v2\/product_tag?post=5065"}],"curies":[{"name":"wp","href":"https:\/\/api.w.org\/{rel}","templated":true}]}}