{"id":5067,"date":"2020-04-28T18:33:14","date_gmt":"2020-04-28T18:33:14","guid":{"rendered":"https:\/\/autoplasex.com\/producto\/clitherapy-balsamo-clitoris-sexting-balm\/"},"modified":"2020-05-10T23:19:46","modified_gmt":"2020-05-10T23:19:46","slug":"clitherapy-balsamo-clitoris-sexting-balm","status":"publish","type":"product","link":"https:\/\/autoplasex.com\/en\/product\/clitherapy-balsamo-clitoris-sexting-balm\/","title":{"rendered":"CLITHERAPY BALSAMO CLITORIS SEXTING BALM"},"content":{"rendered":"<p><a href=\"https:\/\/autoplasex.com\/wp-content\/uploads\/2020\/04\/Clitoral-Balsamo.jpg\"><img fetchpriority=\"high\" decoding=\"async\" class=\"alignnone size-medium wp-image-6738\" src=\"https:\/\/autoplasex.com\/wp-content\/uploads\/2020\/04\/Clitoral-Balsamo-300x300.jpg\" alt=\"\" width=\"300\" height=\"300\" srcset=\"https:\/\/autoplasex.com\/wp-content\/uploads\/2020\/04\/Clitoral-Balsamo-300x300.jpg 300w, https:\/\/autoplasex.com\/wp-content\/uploads\/2020\/04\/Clitoral-Balsamo-150x150.jpg 150w, https:\/\/autoplasex.com\/wp-content\/uploads\/2020\/04\/Clitoral-Balsamo-768x768.jpg 768w, https:\/\/autoplasex.com\/wp-content\/uploads\/2020\/04\/Clitoral-Balsamo-600x600.jpg 600w, https:\/\/autoplasex.com\/wp-content\/uploads\/2020\/04\/Clitoral-Balsamo-100x100.jpg 100w, https:\/\/autoplasex.com\/wp-content\/uploads\/2020\/04\/Clitoral-Balsamo.jpg 800w\" sizes=\"(max-width: 300px) 100vw, 300px\" \/><\/a><\/p>","protected":false},"excerpt":{"rendered":"<p>En la era digital, los dedos bien entrenados sirven para algo m\u00e1s que para deslizarlos en las apps de citas. Aplica una peque\u00f1a cantidad de este b\u00e1lsamo directamente en el cl\u00edtoris y masajea suavemente. Empezar\u00e1s a notar su efecto calor a los pocos segundos.<\/p>\n<p>\u00a1Disfruta! SEXTING BALM Lee r\u00e1pido, escribe r\u00e1pido, c\u00f3rrete r\u00e1pido. Cuando sujetas el m\u00f3vil con una mano, no viene mal un poco de ayuda en la otra.<\/p>\n<ul>\n<li>Contenido: b\u00e1lsamo perfumado para el cl\u00edtoris.<\/li>\n<li>Efecto calor.<\/li>\n<li>Peso: 8gr<\/li>\n<\/ul>","protected":false},"featured_media":6738,"comment_status":"closed","ping_status":"closed","template":"","meta":{"_exactmetrics_skip_tracking":false,"_exactmetrics_sitenote_active":false,"_exactmetrics_sitenote_note":"","_exactmetrics_sitenote_category":0},"product_brand":[],"product_cat":[194],"product_tag":[],"class_list":{"0":"post-5067","1":"product","2":"type-product","3":"status-publish","4":"has-post-thumbnail","6":"product_cat-excitante-ella","8":"entry","9":"has-media","11":"first","12":"instock","13":"taxable","14":"shipping-taxable","15":"purchasable","16":"product-type-simple","17":"has-product-nav","18":"col","19":"span_1_of_4","20":"owp-content-center","21":"item-entry","22":"owp-thumbs-layout-horizontal","23":"owp-btn-very-big","24":"owp-tabs-layout-section","25":"has-no-thumbnails"},"_links":{"self":[{"href":"https:\/\/autoplasex.com\/en\/wp-json\/wp\/v2\/product\/5067","targetHints":{"allow":["GET"]}}],"collection":[{"href":"https:\/\/autoplasex.com\/en\/wp-json\/wp\/v2\/product"}],"about":[{"href":"https:\/\/autoplasex.com\/en\/wp-json\/wp\/v2\/types\/product"}],"replies":[{"embeddable":true,"href":"https:\/\/autoplasex.com\/en\/wp-json\/wp\/v2\/comments?post=5067"}],"version-history":[{"count":1,"href":"https:\/\/autoplasex.com\/en\/wp-json\/wp\/v2\/product\/5067\/revisions"}],"predecessor-version":[{"id":6737,"href":"https:\/\/autoplasex.com\/en\/wp-json\/wp\/v2\/product\/5067\/revisions\/6737"}],"wp:featuredmedia":[{"embeddable":true,"href":"https:\/\/autoplasex.com\/en\/wp-json\/wp\/v2\/media\/6738"}],"wp:attachment":[{"href":"https:\/\/autoplasex.com\/en\/wp-json\/wp\/v2\/media?parent=5067"}],"wp:term":[{"taxonomy":"product_brand","embeddable":true,"href":"https:\/\/autoplasex.com\/en\/wp-json\/wp\/v2\/product_brand?post=5067"},{"taxonomy":"product_cat","embeddable":true,"href":"https:\/\/autoplasex.com\/en\/wp-json\/wp\/v2\/product_cat?post=5067"},{"taxonomy":"product_tag","embeddable":true,"href":"https:\/\/autoplasex.com\/en\/wp-json\/wp\/v2\/product_tag?post=5067"}],"curies":[{"name":"wp","href":"https:\/\/api.w.org\/{rel}","templated":true}]}}