{"id":5105,"date":"2020-04-28T18:33:52","date_gmt":"2020-04-28T18:33:52","guid":{"rendered":"https:\/\/autoplasex.com\/producto\/saninex-body-milk-pheromone-exciting-desire-300ml\/"},"modified":"2020-05-10T23:19:27","modified_gmt":"2020-05-10T23:19:27","slug":"saninex-body-milk-pheromone-exciting-desire-300ml","status":"publish","type":"product","link":"https:\/\/autoplasex.com\/en\/product\/saninex-body-milk-pheromone-exciting-desire-300ml\/","title":{"rendered":"SANINEX BODY MILK PHEROMONE EXCITING DESIRE 300ML"},"content":{"rendered":"<p style=\"line-height: 20.8px;\"><a href=\"https:\/\/autoplasex.com\/wp-content\/uploads\/2020\/04\/img_41198_9973f98537f32c5f73cbd854acabca2b_1.jpg\"><img fetchpriority=\"high\" decoding=\"async\" class=\"alignnone size-medium wp-image-11624\" src=\"https:\/\/autoplasex.com\/wp-content\/uploads\/2020\/04\/img_41198_9973f98537f32c5f73cbd854acabca2b_1-300x300.jpg\" alt=\"\" width=\"300\" height=\"300\" srcset=\"https:\/\/autoplasex.com\/wp-content\/uploads\/2020\/04\/img_41198_9973f98537f32c5f73cbd854acabca2b_1-300x300.jpg 300w, https:\/\/autoplasex.com\/wp-content\/uploads\/2020\/04\/img_41198_9973f98537f32c5f73cbd854acabca2b_1-150x150.jpg 150w, https:\/\/autoplasex.com\/wp-content\/uploads\/2020\/04\/img_41198_9973f98537f32c5f73cbd854acabca2b_1-100x100.jpg 100w, https:\/\/autoplasex.com\/wp-content\/uploads\/2020\/04\/img_41198_9973f98537f32c5f73cbd854acabca2b_1.jpg 547w\" sizes=\"(max-width: 300px) 100vw, 300px\" \/><\/a>Saninex PHEROWOMAN. Nuevas body milk corporales PHEROMONE base. Tus nuevas body milk exclusivas Saninex, generan en t\u00ed, multi orgasmos de manera intensa, al mismo tiempo que con sus activos reestructurantes logran conseguir una piel hidratada, rejuvenecida, reafirmada y una silueta esculpida.<\/p>\n<p style=\"line-height: 20.8px;\">Obt\u00e9n y ofrece por fin con las PHEROWOMAN Saninex, una gran atracci\u00f3n, gran placer e intensa sensibilidad al contacto de tu piel.<\/p>\n<p style=\"line-height: 20.8px;\">Combinaci\u00f3n avanzada de tratamientos corporales Saninex, pensados para mantener el placer m\u00e1ximo sexual y la belleza del cuerpo d\u00eda tras d\u00eda.<\/p>\n<p style=\"line-height: 20.8px;\">SANINEX PHEROWOMAN por y para tus m\u00faltiples placeres. La excelente calidad de la composici\u00f3n PHEROMONE base, en las exclusivas body milk PHEROWOMAN Saninex, potencian y proporcionan nuevos placeres y experiencias muy intensas antes, durante y despu\u00e9s de los actos sexuales.<\/p>\n<p style=\"line-height: 20.8px;\">Placer y salud Saninex!<\/p>\n<ul style=\"line-height: 20.8px;\">\n<li>300ml 10,14oz<\/li>\n<li>PHEROWOMAN body milk<\/li>\n<li>Formato Multi Orgasmic<\/li>\n<\/ul>\n<p style=\"line-height: 20.8px;\">Fabricado en Espa\u00f1a.<\/p>\n<p style=\"line-height: 20.8px; text-align: center;\"><iframe src=\"https:\/\/www.youtube.com\/embed\/eHMH4VNoip4?rel=0&amp;controls=0&amp;showinfo=0\" width=\"800\" height=\"300\" frameborder=\"0\" scrolling=\"no\" allowfullscreen=\"allowfullscreen\"><\/iframe><\/p>","protected":false},"excerpt":{"rendered":"<p>Saninex PHEROWOMAN. Nuevas body milk corporales PHEROMONE base. Tus nuevas body milk exclusivas Saninex, generan en t\u00ed, multi orgasmos de manera intensa, al mismo tiempo que con sus activos reestructurantes logran conseguir una piel hidratada, rejuvenecida, reafirmada y una silueta esculpida. Obt\u00e9n y ofrece por fin con las PHEROWOMAN Saninex, una gran atracci\u00f3n, gran placer [&hellip;]<\/p>","protected":false},"featured_media":11624,"comment_status":"closed","ping_status":"closed","template":"","meta":{"_exactmetrics_skip_tracking":false,"_exactmetrics_sitenote_active":false,"_exactmetrics_sitenote_note":"","_exactmetrics_sitenote_category":0},"product_brand":[],"product_cat":[194],"product_tag":[],"class_list":{"0":"post-5105","1":"product","2":"type-product","3":"status-publish","4":"has-post-thumbnail","6":"product_cat-excitante-ella","8":"entry","9":"has-media","11":"first","12":"instock","13":"taxable","14":"shipping-taxable","15":"purchasable","16":"product-type-simple","17":"has-product-nav","18":"col","19":"span_1_of_4","20":"owp-content-center","21":"item-entry","22":"owp-thumbs-layout-horizontal","23":"owp-btn-very-big","24":"owp-tabs-layout-section","25":"has-no-thumbnails"},"_links":{"self":[{"href":"https:\/\/autoplasex.com\/en\/wp-json\/wp\/v2\/product\/5105","targetHints":{"allow":["GET"]}}],"collection":[{"href":"https:\/\/autoplasex.com\/en\/wp-json\/wp\/v2\/product"}],"about":[{"href":"https:\/\/autoplasex.com\/en\/wp-json\/wp\/v2\/types\/product"}],"replies":[{"embeddable":true,"href":"https:\/\/autoplasex.com\/en\/wp-json\/wp\/v2\/comments?post=5105"}],"version-history":[{"count":0,"href":"https:\/\/autoplasex.com\/en\/wp-json\/wp\/v2\/product\/5105\/revisions"}],"wp:featuredmedia":[{"embeddable":true,"href":"https:\/\/autoplasex.com\/en\/wp-json\/wp\/v2\/media\/11624"}],"wp:attachment":[{"href":"https:\/\/autoplasex.com\/en\/wp-json\/wp\/v2\/media?parent=5105"}],"wp:term":[{"taxonomy":"product_brand","embeddable":true,"href":"https:\/\/autoplasex.com\/en\/wp-json\/wp\/v2\/product_brand?post=5105"},{"taxonomy":"product_cat","embeddable":true,"href":"https:\/\/autoplasex.com\/en\/wp-json\/wp\/v2\/product_cat?post=5105"},{"taxonomy":"product_tag","embeddable":true,"href":"https:\/\/autoplasex.com\/en\/wp-json\/wp\/v2\/product_tag?post=5105"}],"curies":[{"name":"wp","href":"https:\/\/api.w.org\/{rel}","templated":true}]}}