{"id":5112,"date":"2020-04-28T18:33:52","date_gmt":"2020-04-28T18:33:52","guid":{"rendered":"https:\/\/autoplasex.com\/producto\/pjur-spa-locion-masaje-cereza-scentouch-cereza-dream-200-ml\/"},"modified":"2020-05-19T20:28:29","modified_gmt":"2020-05-19T20:28:29","slug":"pjur-spa-locion-masaje-cereza-scentouch-cereza-dream-200-ml","status":"publish","type":"product","link":"https:\/\/autoplasex.com\/en\/product\/pjur-spa-locion-masaje-cereza-scentouch-cereza-dream-200-ml\/","title":{"rendered":"PJUR SPA LOCION MASAJE CEREZA SCENTOUCH CEREZA DREAM 200 ML"},"content":{"rendered":"<p>Siente la tersura de las cerezas en verano. Experimenta una nueva dimensi\u00f3n de la sensualidad: levedad, dulzura y deseo.<\/p>\n<ul>\n<li>Loci\u00f3n de masaje con un delicado aroma de cerezas en verano<\/li>\n<li>No contiene aceite, grasas, silicona ni agua y se enjuaga por completo.<\/li>\n<li>Transpirable y vegano; deja una agradable sensaci\u00f3n en la piel.<\/li>\n<li>Aroma: Cereza<\/li>\n<li>Cantidad:\u00a0200 ml<\/li>\n<\/ul>\n<p>\u00a1El comercio lo estaba esperando! pjur SPA es la nueva marca de producto, siendo Scen Touch la primera y exclusiva l\u00ednea de productos de masaje. Abre nuevos caminos y genera ventas adicionales y \u00e9xito comercial en el comercio er\u00f3tico especializado con la marca pjur. Perfectamente adecuado para las compras por impulso y ventas cruzadas con los conocidos productos pjur, p. ej., como complemento de los lubricantes pjur. ScenTouch es la primera l\u00ednea de productos de pjur SPA.<\/p>\n<p>pjur\u00aeSPA presenta ScenTouch, la revolucionaria loci\u00f3n de masaje sin aceite, con un maravilloso aroma que intensifica el masaje sensual.<\/p>\n<ul>\n<li>Sin aceite, grasa, silicona ni agua<\/li>\n<li>Transpirable, se elimina sin dejar restos<\/li>\n<li>Deja una sensaci\u00f3n agradable en la piel<\/li>\n<li>No deja una capa aceitosa sobre la piel ni manchas en los tejidos y se elimina f\u00e1cilmente sin dejar restos.<\/li>\n<li>Los productos ScenTouch no han sido probados en animales, son veganos, sin parabenos ni hormonas, sin colorantes y con vitamina E y Jojoba naturales.<\/li>\n<li>IMPORTANTE: no son lubricantes, por lo que no pueden\u00a0utilizarse con preservativos\u200b<\/li>\n<\/ul>\n<p>El nombre ScenTouch se compone de \u00abScent\u00bb, la palabra inglesa para \u00abAroma\u00bb y la palabra inglesa \u00abTouch\u00bb para \u00abTacto\u00bb. Esta combinaci\u00f3n describe exactamente nuestra nueva l\u00ednea de productos. Deseamos que el usuario emprenda un viaje sensual en el que pueda relajarse y dejar v\u00eda libre a sus sentidos del \u00abOlfato\u00bb y el \u00abTacto\u00bb al nivel m\u00e1ximo en cuanto a la calidad y la sensaci\u00f3n en la piel.<\/p>\n<p>&nbsp;<\/p>","protected":false},"excerpt":{"rendered":"<p>Siente la tersura de las cerezas en verano. Experimenta una nueva dimensi\u00f3n de la sensualidad: levedad, dulzura y deseo. Loci\u00f3n de masaje con un delicado aroma de cerezas en verano No contiene aceite, grasas, silicona ni agua y se enjuaga por completo. Transpirable y vegano; deja una agradable sensaci\u00f3n en la piel. Aroma: Cereza Cantidad:\u00a0200 [&hellip;]<\/p>","protected":false},"featured_media":13279,"comment_status":"closed","ping_status":"closed","template":"","meta":{"_exactmetrics_skip_tracking":false,"_exactmetrics_sitenote_active":false,"_exactmetrics_sitenote_note":"","_exactmetrics_sitenote_category":0},"product_brand":[],"product_cat":[203,27,29],"product_tag":[],"class_list":{"0":"post-5112","1":"product","2":"type-product","3":"status-publish","4":"has-post-thumbnail","6":"product_cat-aceites-velas-masaje","7":"product_cat-traviesas","8":"product_cat-traviesos","10":"entry","11":"has-media","13":"first","14":"instock","15":"taxable","16":"shipping-taxable","17":"purchasable","18":"product-type-simple","19":"has-product-nav","20":"col","21":"span_1_of_4","22":"owp-content-center","23":"item-entry","24":"owp-thumbs-layout-horizontal","25":"owp-btn-very-big","26":"owp-tabs-layout-section","27":"has-no-thumbnails"},"_links":{"self":[{"href":"https:\/\/autoplasex.com\/en\/wp-json\/wp\/v2\/product\/5112","targetHints":{"allow":["GET"]}}],"collection":[{"href":"https:\/\/autoplasex.com\/en\/wp-json\/wp\/v2\/product"}],"about":[{"href":"https:\/\/autoplasex.com\/en\/wp-json\/wp\/v2\/types\/product"}],"replies":[{"embeddable":true,"href":"https:\/\/autoplasex.com\/en\/wp-json\/wp\/v2\/comments?post=5112"}],"version-history":[{"count":0,"href":"https:\/\/autoplasex.com\/en\/wp-json\/wp\/v2\/product\/5112\/revisions"}],"wp:featuredmedia":[{"embeddable":true,"href":"https:\/\/autoplasex.com\/en\/wp-json\/wp\/v2\/media\/13279"}],"wp:attachment":[{"href":"https:\/\/autoplasex.com\/en\/wp-json\/wp\/v2\/media?parent=5112"}],"wp:term":[{"taxonomy":"product_brand","embeddable":true,"href":"https:\/\/autoplasex.com\/en\/wp-json\/wp\/v2\/product_brand?post=5112"},{"taxonomy":"product_cat","embeddable":true,"href":"https:\/\/autoplasex.com\/en\/wp-json\/wp\/v2\/product_cat?post=5112"},{"taxonomy":"product_tag","embeddable":true,"href":"https:\/\/autoplasex.com\/en\/wp-json\/wp\/v2\/product_tag?post=5112"}],"curies":[{"name":"wp","href":"https:\/\/api.w.org\/{rel}","templated":true}]}}