{"id":5114,"date":"2020-04-28T18:33:52","date_gmt":"2020-04-28T18:33:52","guid":{"rendered":"https:\/\/autoplasex.com\/producto\/saninex-multiorgasmic-woman-exciting-plus-2-en-1\/"},"modified":"2020-05-10T23:19:19","modified_gmt":"2020-05-10T23:19:19","slug":"saninex-multiorgasmic-woman-exciting-plus-2-en-1","status":"publish","type":"product","link":"https:\/\/autoplasex.com\/en\/product\/saninex-multiorgasmic-woman-exciting-plus-2-en-1\/","title":{"rendered":"SANINEX MULTIORGASMIC WOMAN EXCITING PLUS 2 EN 1"},"content":{"rendered":"<p><a href=\"https:\/\/autoplasex.com\/wp-content\/uploads\/2020\/04\/Sanitex.jpg\"><img fetchpriority=\"high\" decoding=\"async\" class=\"alignnone size-medium wp-image-6739\" src=\"https:\/\/autoplasex.com\/wp-content\/uploads\/2020\/04\/Sanitex-300x300.jpg\" alt=\"\" width=\"300\" height=\"300\" srcset=\"https:\/\/autoplasex.com\/wp-content\/uploads\/2020\/04\/Sanitex-300x300.jpg 300w, https:\/\/autoplasex.com\/wp-content\/uploads\/2020\/04\/Sanitex-150x150.jpg 150w, https:\/\/autoplasex.com\/wp-content\/uploads\/2020\/04\/Sanitex-768x768.jpg 768w, https:\/\/autoplasex.com\/wp-content\/uploads\/2020\/04\/Sanitex-600x600.jpg 600w, https:\/\/autoplasex.com\/wp-content\/uploads\/2020\/04\/Sanitex-100x100.jpg 100w, https:\/\/autoplasex.com\/wp-content\/uploads\/2020\/04\/Sanitex.jpg 800w\" sizes=\"(max-width: 300px) 100vw, 300px\" \/><\/a><\/p>","protected":false},"excerpt":{"rendered":"<p>Gel MULTIORGASMICO lubricante concentrado de alto poder excitante. Formulado y dise\u00f1ado para obtener repetidos momentos de cl\u00edmax, potenciando el deseo sexual.<\/p>\n<p>Obt\u00e9n de manera c\u00f3moda, r\u00e1pida, limpia y 100% natural la lubricaci\u00f3n sexual perfecta que deseas. Siente tu placer siempre h\u00famedo y muy deslizante.<\/p>\n<ul>\n<li>2 en\u00a01<\/li>\n<li>Para lubricaci\u00f3n sexual y masajes<\/li>\n<li>Base agua.<\/li>\n<li>100ml<\/li>\n<\/ul>\n<p>Siente c\u00f3mo tu interior genera m\u00e1s y m\u00e1s deseo con el gel lubricante MULTIORGASMIC WOMAN EXCITING PLUS . V\u00edvete a ti misma con extremo placer. Saninex crea para ti un nuevo concepto y forma de lubricante multiorgasmico sexual concentrado. Elije tu modelo y siente un estallido de ti.<\/p>","protected":false},"featured_media":6739,"comment_status":"closed","ping_status":"closed","template":"","meta":{"_exactmetrics_skip_tracking":false,"_exactmetrics_sitenote_active":false,"_exactmetrics_sitenote_note":"","_exactmetrics_sitenote_category":0},"product_brand":[],"product_cat":[194],"product_tag":[],"class_list":{"0":"post-5114","1":"product","2":"type-product","3":"status-publish","4":"has-post-thumbnail","6":"product_cat-excitante-ella","8":"entry","9":"has-media","11":"first","12":"instock","13":"taxable","14":"shipping-taxable","15":"purchasable","16":"product-type-simple","17":"has-product-nav","18":"col","19":"span_1_of_4","20":"owp-content-center","21":"item-entry","22":"owp-thumbs-layout-horizontal","23":"owp-btn-very-big","24":"owp-tabs-layout-section","25":"has-no-thumbnails"},"_links":{"self":[{"href":"https:\/\/autoplasex.com\/en\/wp-json\/wp\/v2\/product\/5114","targetHints":{"allow":["GET"]}}],"collection":[{"href":"https:\/\/autoplasex.com\/en\/wp-json\/wp\/v2\/product"}],"about":[{"href":"https:\/\/autoplasex.com\/en\/wp-json\/wp\/v2\/types\/product"}],"replies":[{"embeddable":true,"href":"https:\/\/autoplasex.com\/en\/wp-json\/wp\/v2\/comments?post=5114"}],"version-history":[{"count":0,"href":"https:\/\/autoplasex.com\/en\/wp-json\/wp\/v2\/product\/5114\/revisions"}],"wp:featuredmedia":[{"embeddable":true,"href":"https:\/\/autoplasex.com\/en\/wp-json\/wp\/v2\/media\/6739"}],"wp:attachment":[{"href":"https:\/\/autoplasex.com\/en\/wp-json\/wp\/v2\/media?parent=5114"}],"wp:term":[{"taxonomy":"product_brand","embeddable":true,"href":"https:\/\/autoplasex.com\/en\/wp-json\/wp\/v2\/product_brand?post=5114"},{"taxonomy":"product_cat","embeddable":true,"href":"https:\/\/autoplasex.com\/en\/wp-json\/wp\/v2\/product_cat?post=5114"},{"taxonomy":"product_tag","embeddable":true,"href":"https:\/\/autoplasex.com\/en\/wp-json\/wp\/v2\/product_tag?post=5114"}],"curies":[{"name":"wp","href":"https:\/\/api.w.org\/{rel}","templated":true}]}}