{"id":5232,"date":"2020-04-28T18:40:10","date_gmt":"2020-04-28T18:40:10","guid":{"rendered":"https:\/\/autoplasex.com\/producto\/eros-kissable-aceite-de-masaje-efecto-calor-cereza-100-ml\/"},"modified":"2020-05-19T20:15:23","modified_gmt":"2020-05-19T20:15:23","slug":"eros-kissable-aceite-de-masaje-efecto-calor-cereza-100-ml","status":"publish","type":"product","link":"https:\/\/autoplasex.com\/en\/product\/eros-kissable-aceite-de-masaje-efecto-calor-cereza-100-ml\/","title":{"rendered":"EROS KISSABLE ACEITE DE MASAJE EFECTO CALOR CEREZA 100 ML"},"content":{"rendered":"<p>La Experienca Eros es algo sencillamente perfecta, Fabricaci\u00f3n Alemana con a\u00f1os de Experiencia logran un resultado a un nivel muy alto.<\/p>\n<p>Este solo\/a, con una o varias parejas, el gel Kissable Massage Gel de Eros le har\u00e1 vivir un masaje excitante y sensual. El l\u00edquido para masajes con aroma afrutado le har\u00e1 sentir una sensaci\u00f3n de calor intensamente er\u00f3tica en cuanto sople las zonas untadas.<\/p>\n<p>\u00bfLe gustas las fresas? \u00bfO prefiere las cerezas?.<\/p>\n<p>El gel Kissable Massage Gel est\u00e1 disponible en diferentes sabores, cada uno encuentra exactamente lo que desea. Del\u00e9itese con un masaje embriagador, seductor e incre\u00edblemente estimulante.<\/p>\n<p>Caracter\u00edsticas:<\/p>\n<ul>\n<li>Dermatol\u00f3gicamente probado.<\/li>\n<li>Rinde mucho.<\/li>\n<li>Hidrosoluble y f\u00e1cilmente lavable.<\/li>\n<li>Incoloro y exento de grasas<\/li>\n<\/ul>\n<p>Envase de 100 ml.<\/p>\n<p style=\"text-align: center;\"><iframe src=\"\/\/www.youtube.com\/embed\/iMmsWwS8zVY?rel=0\" width=\"500\" height=\"281\" frameborder=\"0\" allowfullscreen=\"allowfullscreen\"><\/iframe><\/p>","protected":false},"excerpt":{"rendered":"<p>La Experienca Eros es algo sencillamente perfecta, Fabricaci\u00f3n Alemana con a\u00f1os de Experiencia logran un resultado a un nivel muy alto. Este solo\/a, con una o varias parejas, el gel Kissable Massage Gel de Eros le har\u00e1 vivir un masaje excitante y sensual. El l\u00edquido para masajes con aroma afrutado le har\u00e1 sentir una sensaci\u00f3n [&hellip;]<\/p>","protected":false},"featured_media":13275,"comment_status":"closed","ping_status":"closed","template":"","meta":{"_exactmetrics_skip_tracking":false,"_exactmetrics_sitenote_active":false,"_exactmetrics_sitenote_note":"","_exactmetrics_sitenote_category":0},"product_brand":[],"product_cat":[203],"product_tag":[],"class_list":{"0":"post-5232","1":"product","2":"type-product","3":"status-publish","4":"has-post-thumbnail","6":"product_cat-aceites-velas-masaje","8":"entry","9":"has-media","11":"first","12":"instock","13":"taxable","14":"shipping-taxable","15":"purchasable","16":"product-type-simple","17":"has-product-nav","18":"col","19":"span_1_of_4","20":"owp-content-center","21":"item-entry","22":"owp-thumbs-layout-horizontal","23":"owp-btn-very-big","24":"owp-tabs-layout-section","25":"has-no-thumbnails"},"_links":{"self":[{"href":"https:\/\/autoplasex.com\/en\/wp-json\/wp\/v2\/product\/5232","targetHints":{"allow":["GET"]}}],"collection":[{"href":"https:\/\/autoplasex.com\/en\/wp-json\/wp\/v2\/product"}],"about":[{"href":"https:\/\/autoplasex.com\/en\/wp-json\/wp\/v2\/types\/product"}],"replies":[{"embeddable":true,"href":"https:\/\/autoplasex.com\/en\/wp-json\/wp\/v2\/comments?post=5232"}],"version-history":[{"count":0,"href":"https:\/\/autoplasex.com\/en\/wp-json\/wp\/v2\/product\/5232\/revisions"}],"wp:featuredmedia":[{"embeddable":true,"href":"https:\/\/autoplasex.com\/en\/wp-json\/wp\/v2\/media\/13275"}],"wp:attachment":[{"href":"https:\/\/autoplasex.com\/en\/wp-json\/wp\/v2\/media?parent=5232"}],"wp:term":[{"taxonomy":"product_brand","embeddable":true,"href":"https:\/\/autoplasex.com\/en\/wp-json\/wp\/v2\/product_brand?post=5232"},{"taxonomy":"product_cat","embeddable":true,"href":"https:\/\/autoplasex.com\/en\/wp-json\/wp\/v2\/product_cat?post=5232"},{"taxonomy":"product_tag","embeddable":true,"href":"https:\/\/autoplasex.com\/en\/wp-json\/wp\/v2\/product_tag?post=5232"}],"curies":[{"name":"wp","href":"https:\/\/api.w.org\/{rel}","templated":true}]}}