{"id":5238,"date":"2020-04-28T18:40:32","date_gmt":"2020-04-28T18:40:32","guid":{"rendered":"https:\/\/autoplasex.com\/producto\/eros-relajante-anal-mujer-30ml\/"},"modified":"2020-05-10T23:25:37","modified_gmt":"2020-05-10T23:25:37","slug":"eros-relajante-anal-mujer-30ml","status":"publish","type":"product","link":"https:\/\/autoplasex.com\/en\/product\/eros-relajante-anal-mujer-30ml\/","title":{"rendered":"EROS RELAJANTE ANAL MUJER 30ML"},"content":{"rendered":"<p>La Experienca Eros es algo sencillamente perfecta, Fabricaci\u00f3n Alemana con a\u00f1os de Experiencia logran un resultado a un nivel muy alto.<\/p>\n<p>Placer anal sin dolor para la Mujer<\/p>\n<p>\u00a1Por fin relaciones sexuales anales relajantes y que cuidan a la vez!.<\/p>\n<p>El aerosol Anal Relax de Eros adaptado a las necesidades de la mujer cuida la piel de forma suave y natural y ayuda a sentirse c\u00f3modamente relajada en poco tiempo.<\/p>\n<p>El frescor agradable disminuye la sensibilidad de las partes er\u00f3genas y facilita la penetraci\u00f3n. Por fin existe una f\u00f3rmula para disminuir la sensibilidad del esf\u00ednter sin afectar las sensaciones sexuales.<\/p>\n<p>\u00a1Ahora ya no hay obst\u00e1culos para sentir el \u00e9xtasis total!.<\/p>\n<p>Caracter\u00edsticas:<\/p>\n<p>&#8211; Dermatol\u00f3gicamente probado.<br \/>\n&#8211; Respetuoso con la mucosa.<br \/>\n&#8211; Hidrosoluble.<br \/>\n&#8211; No contiene aceite ni grasa.<\/p>\n<p>Envase de 30 ml.<\/p>","protected":false},"excerpt":{"rendered":"<p>La Experienca Eros es algo sencillamente perfecta, Fabricaci\u00f3n Alemana con a\u00f1os de Experiencia logran un resultado a un nivel muy alto. Placer anal sin dolor para la Mujer \u00a1Por fin relaciones sexuales anales relajantes y que cuidan a la vez!. El aerosol Anal Relax de Eros adaptado a las necesidades de la mujer cuida la [&hellip;]<\/p>","protected":false},"featured_media":5239,"comment_status":"closed","ping_status":"closed","template":"","meta":{"_exactmetrics_skip_tracking":false,"_exactmetrics_sitenote_active":false,"_exactmetrics_sitenote_note":"","_exactmetrics_sitenote_category":0},"product_brand":[],"product_cat":[154],"product_tag":[],"class_list":{"0":"post-5238","1":"product","2":"type-product","3":"status-publish","4":"has-post-thumbnail","6":"product_cat-aceites-y-lubricanteslubricantesrelajacion-anal","8":"entry","9":"has-media","11":"first","12":"instock","13":"taxable","14":"shipping-taxable","15":"purchasable","16":"product-type-simple","17":"has-product-nav","18":"col","19":"span_1_of_4","20":"owp-content-center","21":"item-entry","22":"owp-thumbs-layout-horizontal","23":"owp-btn-very-big","24":"owp-tabs-layout-section","25":"has-no-thumbnails"},"_links":{"self":[{"href":"https:\/\/autoplasex.com\/en\/wp-json\/wp\/v2\/product\/5238","targetHints":{"allow":["GET"]}}],"collection":[{"href":"https:\/\/autoplasex.com\/en\/wp-json\/wp\/v2\/product"}],"about":[{"href":"https:\/\/autoplasex.com\/en\/wp-json\/wp\/v2\/types\/product"}],"replies":[{"embeddable":true,"href":"https:\/\/autoplasex.com\/en\/wp-json\/wp\/v2\/comments?post=5238"}],"version-history":[{"count":0,"href":"https:\/\/autoplasex.com\/en\/wp-json\/wp\/v2\/product\/5238\/revisions"}],"wp:featuredmedia":[{"embeddable":true,"href":"https:\/\/autoplasex.com\/en\/wp-json\/wp\/v2\/media\/5239"}],"wp:attachment":[{"href":"https:\/\/autoplasex.com\/en\/wp-json\/wp\/v2\/media?parent=5238"}],"wp:term":[{"taxonomy":"product_brand","embeddable":true,"href":"https:\/\/autoplasex.com\/en\/wp-json\/wp\/v2\/product_brand?post=5238"},{"taxonomy":"product_cat","embeddable":true,"href":"https:\/\/autoplasex.com\/en\/wp-json\/wp\/v2\/product_cat?post=5238"},{"taxonomy":"product_tag","embeddable":true,"href":"https:\/\/autoplasex.com\/en\/wp-json\/wp\/v2\/product_tag?post=5238"}],"curies":[{"name":"wp","href":"https:\/\/api.w.org\/{rel}","templated":true}]}}