{"id":578,"date":"2020-04-28T15:11:59","date_gmt":"2020-04-28T15:11:59","guid":{"rendered":"https:\/\/autoplasex.com\/producto\/strap-on-con-dildo-doble-lila\/"},"modified":"2022-06-30T08:24:26","modified_gmt":"2022-06-30T08:24:26","slug":"strap-on-con-dildo-doble-lila","status":"publish","type":"product","link":"https:\/\/autoplasex.com\/en\/product\/strap-on-con-dildo-doble-lila\/","title":{"rendered":"STRAP-ON CON DILDO DOBLE LILA"},"content":{"rendered":"<p>\u00a1Placer para dos! Ahora con este fabuloso strap-on con dildo doble, podr\u00e1s embestir a tu pareja y disfrutar ambas de sus incre\u00edbles vibraciones. Dispone de un mando para que puedas controlarlas a vuestro gusto y disfruteis las dos a la misma vez. Adem\u00e1s quedar\u00e1 plenamente sujeto cuando la acci\u00f3n cominenza, porque uno de los dildos queda introducido y adem\u00e1s se sujeta con el arn\u00e9s con lo que podreis disfrutar sin interrupci\u00f3n.<\/p>\n<ul>\n<li>Material: TPR<\/li>\n<li>Longitudes desde la base : 17.5cm \/ 11.5 cm<\/li>\n<li>Di\u00e1metros: 3.5cm \/3.5 cm<\/li>\n<li>Mando para regular la velocidad<\/li>\n<li>Pilas: 2xAAA (no inclu\u00eddas, las puedes encontrar en la secci\u00f3n Pilas)<\/li>\n<li>Color: Lila<\/li>\n<li>Bolsa de tela para guardarlo inclu\u00edda<\/li>\n<\/ul>\n<p>\u00a1Ahora diversi\u00f3n y placer para las dos!<\/p>","protected":false},"excerpt":{"rendered":"<p>\u00a1Placer para dos! Ahora con este fabuloso strap-on con dildo doble, podr\u00e1s embestir a tu pareja y disfrutar ambas de sus incre\u00edbles vibraciones. Dispone de un mando para que puedas controlarlas a vuestro gusto y disfruteis las dos a la misma vez. Adem\u00e1s quedar\u00e1 plenamente sujeto cuando la acci\u00f3n cominenza, porque uno de los dildos [&hellip;]<\/p>","protected":false},"featured_media":579,"comment_status":"closed","ping_status":"closed","template":"","meta":{"_exactmetrics_skip_tracking":false,"_exactmetrics_sitenote_active":false,"_exactmetrics_sitenote_note":"","_exactmetrics_sitenote_category":0},"product_brand":[],"product_cat":[135,133],"product_tag":[],"class_list":{"0":"post-578","1":"product","2":"type-product","3":"status-publish","4":"has-post-thumbnail","6":"product_cat-arnes-doble","7":"product_cat-dildos-funcion-arnes","9":"entry","10":"has-media","12":"first","13":"instock","14":"sale","15":"taxable","16":"shipping-taxable","17":"purchasable","18":"product-type-simple","19":"has-product-nav","20":"col","21":"span_1_of_4","22":"owp-content-center","23":"item-entry","24":"owp-thumbs-layout-horizontal","25":"owp-btn-very-big","26":"owp-tabs-layout-section","27":"has-no-thumbnails"},"_links":{"self":[{"href":"https:\/\/autoplasex.com\/en\/wp-json\/wp\/v2\/product\/578","targetHints":{"allow":["GET"]}}],"collection":[{"href":"https:\/\/autoplasex.com\/en\/wp-json\/wp\/v2\/product"}],"about":[{"href":"https:\/\/autoplasex.com\/en\/wp-json\/wp\/v2\/types\/product"}],"replies":[{"embeddable":true,"href":"https:\/\/autoplasex.com\/en\/wp-json\/wp\/v2\/comments?post=578"}],"version-history":[{"count":1,"href":"https:\/\/autoplasex.com\/en\/wp-json\/wp\/v2\/product\/578\/revisions"}],"predecessor-version":[{"id":14961,"href":"https:\/\/autoplasex.com\/en\/wp-json\/wp\/v2\/product\/578\/revisions\/14961"}],"wp:featuredmedia":[{"embeddable":true,"href":"https:\/\/autoplasex.com\/en\/wp-json\/wp\/v2\/media\/579"}],"wp:attachment":[{"href":"https:\/\/autoplasex.com\/en\/wp-json\/wp\/v2\/media?parent=578"}],"wp:term":[{"taxonomy":"product_brand","embeddable":true,"href":"https:\/\/autoplasex.com\/en\/wp-json\/wp\/v2\/product_brand?post=578"},{"taxonomy":"product_cat","embeddable":true,"href":"https:\/\/autoplasex.com\/en\/wp-json\/wp\/v2\/product_cat?post=578"},{"taxonomy":"product_tag","embeddable":true,"href":"https:\/\/autoplasex.com\/en\/wp-json\/wp\/v2\/product_tag?post=578"}],"curies":[{"name":"wp","href":"https:\/\/api.w.org\/{rel}","templated":true}]}}