{"id":5914,"date":"2020-04-30T15:36:18","date_gmt":"2020-04-30T15:36:18","guid":{"rendered":"https:\/\/autoplasex.com\/producto\/pjur-basic-lubricante-base-agua-100-ml\/"},"modified":"2024-10-11T09:13:31","modified_gmt":"2024-10-11T09:13:31","slug":"pjur-basic-lubricante-base-agua-100-ml","status":"publish","type":"product","link":"https:\/\/autoplasex.com\/en\/product\/pjur-basic-lubricante-base-agua-100-ml\/","title":{"rendered":"PJUR BASIC LUBRICANTE BASE AGUA 100 ML"},"content":{"rendered":"<p>Pjur Aqua es un lubricante de base acuosa con excelentes calidades.<\/p>\n<p>Algunas de sus cualidades son;<\/p>\n<ul>\n<li>Composici\u00f3n exclusiva<\/li>\n<li>Lubricaci\u00f3n duradera y econ\u00f3mica.<\/li>\n<li>Sin aceites ni grasas.<\/li>\n<li>Sin perfume.<\/li>\n<\/ul>\n<p>Hidratante, cuida y protege la piel seca y castigada. Tolerancia por la piel y la mucosas. Demostrado dermatol\u00f3gicamente.<\/p>\n<p>No es un anticonceptivo. No contiene sustancias espermicidas.<\/p>\n<p>Disfrute de la sensaci\u00f3n \u00fanica y especial de Pjur Basic Aqua.<\/p>\n<p>Pjur<strong>\u00ae<\/strong> es L\u00edder mundial en la fabricaci\u00f3n de lubricantes anales y vaginales, son de larga duraci\u00f3n, su fiabilidad y durabilidad es un referente en el sector.<\/p>\n<p>Base de Agua<\/p>\n<p>Envase de 100 ml.<\/p>\n<p>&nbsp;<\/p>","protected":false},"excerpt":{"rendered":"<p>Pjur Aqua es un lubricante de base acuosa con excelentes calidades. Algunas de sus cualidades son; Composici\u00f3n exclusiva Lubricaci\u00f3n duradera y econ\u00f3mica. Sin aceites ni grasas. Sin perfume. Hidratante, cuida y protege la piel seca y castigada. Tolerancia por la piel y la mucosas. Demostrado dermatol\u00f3gicamente. No es un anticonceptivo. No contiene sustancias espermicidas. Disfrute [&hellip;]<\/p>","protected":false},"featured_media":5915,"comment_status":"closed","ping_status":"closed","template":"","meta":{"_exactmetrics_skip_tracking":false,"_exactmetrics_sitenote_active":false,"_exactmetrics_sitenote_note":"","_exactmetrics_sitenote_category":0},"product_brand":[],"product_cat":[199],"product_tag":[],"class_list":{"0":"post-5914","1":"product","2":"type-product","3":"status-publish","4":"has-post-thumbnail","6":"product_cat-lubricantes-agua","8":"entry","9":"has-media","11":"first","12":"instock","13":"taxable","14":"shipping-taxable","15":"purchasable","16":"product-type-simple","17":"has-product-nav","18":"col","19":"span_1_of_4","20":"owp-content-center","21":"item-entry","22":"owp-thumbs-layout-horizontal","23":"owp-btn-very-big","24":"owp-tabs-layout-section","25":"has-no-thumbnails"},"_links":{"self":[{"href":"https:\/\/autoplasex.com\/en\/wp-json\/wp\/v2\/product\/5914","targetHints":{"allow":["GET"]}}],"collection":[{"href":"https:\/\/autoplasex.com\/en\/wp-json\/wp\/v2\/product"}],"about":[{"href":"https:\/\/autoplasex.com\/en\/wp-json\/wp\/v2\/types\/product"}],"replies":[{"embeddable":true,"href":"https:\/\/autoplasex.com\/en\/wp-json\/wp\/v2\/comments?post=5914"}],"version-history":[{"count":1,"href":"https:\/\/autoplasex.com\/en\/wp-json\/wp\/v2\/product\/5914\/revisions"}],"predecessor-version":[{"id":25983,"href":"https:\/\/autoplasex.com\/en\/wp-json\/wp\/v2\/product\/5914\/revisions\/25983"}],"wp:featuredmedia":[{"embeddable":true,"href":"https:\/\/autoplasex.com\/en\/wp-json\/wp\/v2\/media\/5915"}],"wp:attachment":[{"href":"https:\/\/autoplasex.com\/en\/wp-json\/wp\/v2\/media?parent=5914"}],"wp:term":[{"taxonomy":"product_brand","embeddable":true,"href":"https:\/\/autoplasex.com\/en\/wp-json\/wp\/v2\/product_brand?post=5914"},{"taxonomy":"product_cat","embeddable":true,"href":"https:\/\/autoplasex.com\/en\/wp-json\/wp\/v2\/product_cat?post=5914"},{"taxonomy":"product_tag","embeddable":true,"href":"https:\/\/autoplasex.com\/en\/wp-json\/wp\/v2\/product_tag?post=5914"}],"curies":[{"name":"wp","href":"https:\/\/api.w.org\/{rel}","templated":true}]}}