{"id":5934,"date":"2020-04-30T15:36:18","date_gmt":"2020-04-30T15:36:18","guid":{"rendered":"https:\/\/autoplasex.com\/producto\/aquaglide-lubricante-1000-ml\/"},"modified":"2024-10-13T11:19:16","modified_gmt":"2024-10-13T11:19:16","slug":"aquaglide-lubricante-1000-ml","status":"publish","type":"product","link":"https:\/\/autoplasex.com\/en\/product\/aquaglide-lubricante-1000-ml\/","title":{"rendered":"AQUAGLIDE LUBRICANTE 1000 ML"},"content":{"rendered":"<p>El agradable AQUAglide Original de base acuosa ofrece una soluci\u00f3n sencilla y confiable ante una vagina con humectaci\u00f3n natural insuficiente.<\/p>\n<p>Pero a\u00fan sin este problema podr\u00e1 sentir esa sensaci\u00f3n efervecente e intensiva durante el juego amoroso.<\/p>\n<p>Da igual c\u00f3mo lo utiliza \u2013 \u00a1con AQUAglide Ud. y su pareja experimentar\u00e1n la plenitud en el juego amoroso! Confirmado por muchas mujeres y hombres que hicieron posible que AQUAglide sea el gel lubricante m\u00e1s popular de Europa desde hace m\u00e1s de 10 a\u00f1os.<\/p>\n<p>Este gel lubricante que millones de veces ha demostrado su eficacia, es un lubricante medicinal de alt\u00edsima calidad con excelentes propiedades deslizantes de larga duraci\u00f3n, id\u00f3neo tambi\u00e9n para el uso de juguetes er\u00f3ticos.<\/p>\n<ul>\n<li>\u2022 Homologado como producto medicinal<\/li>\n<li>\u2022 Hidrosoluble y libre de grasas<\/li>\n<li>\u2022 Apto tambi\u00e9n para el sexo oral<\/li>\n<li>\u2022 Con propiedades de lubricaci\u00f3n de larga duraci\u00f3n<\/li>\n<li>\u2022 Valor pH optimizado<\/li>\n<li>\u2022 Muy efectivo y rentable<\/li>\n<li>\u2022 Ensayos m\u00e9dicos y dermatol\u00f3gicos regulares<\/li>\n<li>\u2022 Apto para usar con preservativo<\/li>\n<\/ul>\n<p>Especialmente respetuoso con la piel (compatibilidad dermatol\u00f3gica y cl\u00ednicamente testada), 100% compatible con preservativos, de pH \u00f3ptimo, soluble en agua y libre de grasas.<\/p>\n<p>No mancha. F\u00e1cil de eliminar.<\/p>\n<p>Ingredientes: Agua, Glicerina, Hidroxietil Celulosa, Metil-paraben.<\/p>\n<p>Envase de 1000 ml.<\/p>\n<p><span style=\"line-height: 20.8px;\">Joydivision marca la diferencia!<\/span><\/p>","protected":false},"excerpt":{"rendered":"<p>El agradable AQUAglide Original de base acuosa ofrece una soluci\u00f3n sencilla y confiable ante una vagina con humectaci\u00f3n natural insuficiente. Pero a\u00fan sin este problema podr\u00e1 sentir esa sensaci\u00f3n efervecente e intensiva durante el juego amoroso. Da igual c\u00f3mo lo utiliza \u2013 \u00a1con AQUAglide Ud. y su pareja experimentar\u00e1n la plenitud en el juego amoroso! [&hellip;]<\/p>","protected":false},"featured_media":25987,"comment_status":"closed","ping_status":"closed","template":"","meta":{"_exactmetrics_skip_tracking":false,"_exactmetrics_sitenote_active":false,"_exactmetrics_sitenote_note":"","_exactmetrics_sitenote_category":0},"product_brand":[],"product_cat":[199],"product_tag":[],"class_list":{"0":"post-5934","1":"product","2":"type-product","3":"status-publish","4":"has-post-thumbnail","6":"product_cat-lubricantes-agua","8":"entry","9":"has-media","11":"first","12":"instock","13":"taxable","14":"shipping-taxable","15":"purchasable","16":"product-type-simple","17":"has-product-nav","18":"col","19":"span_1_of_4","20":"owp-content-center","21":"item-entry","22":"owp-thumbs-layout-horizontal","23":"owp-btn-very-big","24":"owp-tabs-layout-section","25":"has-no-thumbnails"},"_links":{"self":[{"href":"https:\/\/autoplasex.com\/en\/wp-json\/wp\/v2\/product\/5934","targetHints":{"allow":["GET"]}}],"collection":[{"href":"https:\/\/autoplasex.com\/en\/wp-json\/wp\/v2\/product"}],"about":[{"href":"https:\/\/autoplasex.com\/en\/wp-json\/wp\/v2\/types\/product"}],"replies":[{"embeddable":true,"href":"https:\/\/autoplasex.com\/en\/wp-json\/wp\/v2\/comments?post=5934"}],"version-history":[{"count":1,"href":"https:\/\/autoplasex.com\/en\/wp-json\/wp\/v2\/product\/5934\/revisions"}],"predecessor-version":[{"id":25986,"href":"https:\/\/autoplasex.com\/en\/wp-json\/wp\/v2\/product\/5934\/revisions\/25986"}],"wp:featuredmedia":[{"embeddable":true,"href":"https:\/\/autoplasex.com\/en\/wp-json\/wp\/v2\/media\/25987"}],"wp:attachment":[{"href":"https:\/\/autoplasex.com\/en\/wp-json\/wp\/v2\/media?parent=5934"}],"wp:term":[{"taxonomy":"product_brand","embeddable":true,"href":"https:\/\/autoplasex.com\/en\/wp-json\/wp\/v2\/product_brand?post=5934"},{"taxonomy":"product_cat","embeddable":true,"href":"https:\/\/autoplasex.com\/en\/wp-json\/wp\/v2\/product_cat?post=5934"},{"taxonomy":"product_tag","embeddable":true,"href":"https:\/\/autoplasex.com\/en\/wp-json\/wp\/v2\/product_tag?post=5934"}],"curies":[{"name":"wp","href":"https:\/\/api.w.org\/{rel}","templated":true}]}}