{"id":6255,"date":"2020-04-30T15:37:59","date_gmt":"2020-04-30T15:37:59","guid":{"rendered":"https:\/\/autoplasex.com\/producto\/fleshlight-girls-riley-reid-ano\/"},"modified":"2024-09-19T11:19:28","modified_gmt":"2024-09-19T11:19:28","slug":"fleshlight-girls-riley-reid-ano","status":"publish","type":"product","link":"https:\/\/autoplasex.com\/en\/product\/fleshlight-girls-riley-reid-ano\/","title":{"rendered":"FLESHLIGHT GIRLS &#8211; RILEY REID &#8211; ANO"},"content":{"rendered":"<p>Siente cada uno de los pliegues y las texturas y curvas \u00edntimas de la famosa actriz porno Riley Reid.<\/p>\n<p>Riley Reid es sin duda una de las estrellas mas calientes de la industria del porno por sus\u00a0actuaciones espectaculares cada vez que est\u00e1 delante de la c\u00e1mara . Ganadora de m\u00faltiples premios, Riley Reid es una de las mega estrellas del porno actual con mas talento.<\/p>\n<p>Por fuera, este masturbador masculino, tiene el\u00a0dise\u00f1o exclusivo que solo Fleshlight tiene y que lo convierte en la marca de masturbadores masculinos n\u00ba 1 del mundo por su dise\u00f1o<\/p>\n<p>Por dentro, las mangas est\u00e1n hechas de un material real\u00edstico, es como si fuera piel de verdad, adapt\u00e1ndose a la temperatura de tu cuerpo, lo que le porporcionar\u00e1 mucho mas realismo. Su dise\u00f1o de ano\u00a0es espectacular tanto por dentro como por fuera. Su interior, es una r\u00e9plica exacta del ano\u00a0de esta actriz, lo que lo convierte en un pieza de placer \u00fanica y super exclusiva.<\/p>\n<p>Dispone de dos tapas, una principal, que cubre la parte exterior de la manga, y otra inferior con la que\u00a0podr\u00e1s regular el nivel de presi\u00f3n y por tanto de masturbaci\u00f3n.<\/p>\n<ul>\n<li>Manga Riley Reid<\/li>\n<li>Estilo Ano<\/li>\n<li>F\u00e1cil de usar y limpiar<\/li>\n<li>Material: Silicona de alta calidad<\/li>\n<li>Color: Carne<\/li>\n<\/ul>\n<p>Fleshlight\u00ae es l\u00edder mundial en la fabricacion de masturbadores masculinos utilizando moldes de personas reales, sus grandes calidades y cualidades han dado lugar a una marca pensada para el hombre\u00a0 y su placer unica en el Mundo!!<\/p>\n<p>&nbsp;<\/p>\n<p>&nbsp;<\/p>\n<p>\u200b<\/p>","protected":false},"excerpt":{"rendered":"<p>Siente cada uno de los pliegues y las texturas y curvas \u00edntimas de la famosa actriz porno Riley Reid. Riley Reid es sin duda una de las estrellas mas calientes de la industria del porno por sus\u00a0actuaciones espectaculares cada vez que est\u00e1 delante de la c\u00e1mara . Ganadora de m\u00faltiples premios, Riley Reid es una [&hellip;]<\/p>","protected":false},"featured_media":6256,"comment_status":"closed","ping_status":"closed","template":"","meta":{"_exactmetrics_skip_tracking":false,"_exactmetrics_sitenote_active":false,"_exactmetrics_sitenote_note":"","_exactmetrics_sitenote_category":0},"product_brand":[],"product_cat":[89],"product_tag":[52],"class_list":{"0":"post-6255","1":"product","2":"type-product","3":"status-publish","4":"has-post-thumbnail","6":"product_cat-fleshlight","7":"product_tag-fleshlight-hombre","9":"entry","10":"has-media","12":"first","13":"instock","14":"taxable","15":"shipping-taxable","16":"purchasable","17":"product-type-simple","18":"has-product-nav","19":"col","20":"span_1_of_4","21":"owp-content-center","22":"item-entry","23":"owp-thumbs-layout-horizontal","24":"owp-btn-very-big","25":"owp-tabs-layout-section","26":"has-no-thumbnails"},"_links":{"self":[{"href":"https:\/\/autoplasex.com\/en\/wp-json\/wp\/v2\/product\/6255","targetHints":{"allow":["GET"]}}],"collection":[{"href":"https:\/\/autoplasex.com\/en\/wp-json\/wp\/v2\/product"}],"about":[{"href":"https:\/\/autoplasex.com\/en\/wp-json\/wp\/v2\/types\/product"}],"replies":[{"embeddable":true,"href":"https:\/\/autoplasex.com\/en\/wp-json\/wp\/v2\/comments?post=6255"}],"version-history":[{"count":2,"href":"https:\/\/autoplasex.com\/en\/wp-json\/wp\/v2\/product\/6255\/revisions"}],"predecessor-version":[{"id":25977,"href":"https:\/\/autoplasex.com\/en\/wp-json\/wp\/v2\/product\/6255\/revisions\/25977"}],"wp:featuredmedia":[{"embeddable":true,"href":"https:\/\/autoplasex.com\/en\/wp-json\/wp\/v2\/media\/6256"}],"wp:attachment":[{"href":"https:\/\/autoplasex.com\/en\/wp-json\/wp\/v2\/media?parent=6255"}],"wp:term":[{"taxonomy":"product_brand","embeddable":true,"href":"https:\/\/autoplasex.com\/en\/wp-json\/wp\/v2\/product_brand?post=6255"},{"taxonomy":"product_cat","embeddable":true,"href":"https:\/\/autoplasex.com\/en\/wp-json\/wp\/v2\/product_cat?post=6255"},{"taxonomy":"product_tag","embeddable":true,"href":"https:\/\/autoplasex.com\/en\/wp-json\/wp\/v2\/product_tag?post=6255"}],"curies":[{"name":"wp","href":"https:\/\/api.w.org\/{rel}","templated":true}]}}