{"id":6327,"date":"2020-04-30T15:38:21","date_gmt":"2020-04-30T15:38:21","guid":{"rendered":"https:\/\/autoplasex.com\/producto\/fleshjack-masturbador-brent-corrigan-ano\/"},"modified":"2024-11-30T10:52:45","modified_gmt":"2024-11-30T10:52:45","slug":"fleshjack-masturbador-brent-corrigan-ano","status":"publish","type":"product","link":"https:\/\/autoplasex.com\/en\/product\/fleshjack-masturbador-brent-corrigan-ano\/","title":{"rendered":"FLESHJACK MASTURBADOR BRENT CORRIGAN ANO"},"content":{"rendered":"<p>Siente cada uno de los pliegues y las texturas y curvas \u00edntimas del famoso actor porno Brent Corrigan<\/p>\n<p>Por dentro, las mangas est\u00e1n hechas de un material real\u00edstico, es como si fuera piel de verdad, adapt\u00e1ndose a la temperatura de tu cuerpo, lo que le porporcionar\u00e1 mucho mas realismo. Su dise\u00f1o de ano\u00a0es espectacular tanto por dentro como por fuera. Es una r\u00e9plica exacta del ano de este actor, lo que lo convierte en un pieza de placer \u00fanica y super exclusiva.<\/p>\n<p>Con este masturbador obtendras la mejor experiencia de masturbaci\u00f3n para hombres. Es como si de un ano real se tratara<\/p>\n<p>Dispone de dos tapas, una principal, que cubre la parte exterior de la manga, y otra inferior con la que\u00a0podr\u00e1s regular el nivel de presi\u00f3n y por tanto de masturbaci\u00f3n.<\/p>\n<ul>\n<li>Manga JBrent Corrigan<\/li>\n<li>Textura Fleshjack: Bliss<\/li>\n<li>Estilo: Ano<\/li>\n<li>F\u00e1cil de usar y limpiar<\/li>\n<li>Material: Superskin<\/li>\n<li>Color: Carne<\/li>\n<\/ul>\n<p>SENSACI\u00d3N FLESHJACK: BLISS<\/p>\n<ul>\n<li>Esta textura est\u00e1 inspirada en las palmeras de California. El nombre, por otro lado, est\u00e1 inspirado por la satisfacci\u00f3n absoluta que sentir\u00e1 al estar en su interior.<\/li>\n<\/ul>\n<p>Fleshjack\u00a0es l\u00edder mundial en la fabricacion de masturbadores masculinos utilizando moldes de personas reales, sus grandes calidades y cualidades han dado lugar a una marca pensada para el hombre\u00a0y su placer unica en el Mundo!!<\/p>","protected":false},"excerpt":{"rendered":"<p>Siente cada uno de los pliegues y las texturas y curvas \u00edntimas del famoso actor porno Brent Corrigan Por dentro, las mangas est\u00e1n hechas de un material real\u00edstico, es como si fuera piel de verdad, adapt\u00e1ndose a la temperatura de tu cuerpo, lo que le porporcionar\u00e1 mucho mas realismo. Su dise\u00f1o de ano\u00a0es espectacular tanto [&hellip;]<\/p>","protected":false},"featured_media":6328,"comment_status":"closed","ping_status":"closed","template":"","meta":{"_exactmetrics_skip_tracking":false,"_exactmetrics_sitenote_active":false,"_exactmetrics_sitenote_note":"","_exactmetrics_sitenote_category":0},"product_brand":[],"product_cat":[89],"product_tag":[],"class_list":{"0":"post-6327","1":"product","2":"type-product","3":"status-publish","4":"has-post-thumbnail","6":"product_cat-fleshlight","8":"entry","9":"has-media","11":"first","12":"outofstock","13":"taxable","14":"shipping-taxable","15":"purchasable","16":"product-type-simple","17":"has-product-nav","18":"col","19":"span_1_of_4","20":"owp-content-center","21":"item-entry","22":"owp-thumbs-layout-horizontal","23":"owp-btn-very-big","24":"owp-tabs-layout-section","25":"has-no-thumbnails"},"_links":{"self":[{"href":"https:\/\/autoplasex.com\/en\/wp-json\/wp\/v2\/product\/6327","targetHints":{"allow":["GET"]}}],"collection":[{"href":"https:\/\/autoplasex.com\/en\/wp-json\/wp\/v2\/product"}],"about":[{"href":"https:\/\/autoplasex.com\/en\/wp-json\/wp\/v2\/types\/product"}],"replies":[{"embeddable":true,"href":"https:\/\/autoplasex.com\/en\/wp-json\/wp\/v2\/comments?post=6327"}],"version-history":[{"count":2,"href":"https:\/\/autoplasex.com\/en\/wp-json\/wp\/v2\/product\/6327\/revisions"}],"predecessor-version":[{"id":26008,"href":"https:\/\/autoplasex.com\/en\/wp-json\/wp\/v2\/product\/6327\/revisions\/26008"}],"wp:featuredmedia":[{"embeddable":true,"href":"https:\/\/autoplasex.com\/en\/wp-json\/wp\/v2\/media\/6328"}],"wp:attachment":[{"href":"https:\/\/autoplasex.com\/en\/wp-json\/wp\/v2\/media?parent=6327"}],"wp:term":[{"taxonomy":"product_brand","embeddable":true,"href":"https:\/\/autoplasex.com\/en\/wp-json\/wp\/v2\/product_brand?post=6327"},{"taxonomy":"product_cat","embeddable":true,"href":"https:\/\/autoplasex.com\/en\/wp-json\/wp\/v2\/product_cat?post=6327"},{"taxonomy":"product_tag","embeddable":true,"href":"https:\/\/autoplasex.com\/en\/wp-json\/wp\/v2\/product_tag?post=6327"}],"curies":[{"name":"wp","href":"https:\/\/api.w.org\/{rel}","templated":true}]}}