{"id":6337,"date":"2020-04-30T15:38:21","date_gmt":"2020-04-30T15:38:21","guid":{"rendered":"https:\/\/autoplasex.com\/producto\/fleshlight-girls-lena-paul-nymph-vagina\/"},"modified":"2023-05-07T11:43:47","modified_gmt":"2023-05-07T11:43:47","slug":"fleshlight-girls-lena-paul-nymph-vagina","status":"publish","type":"product","link":"https:\/\/autoplasex.com\/en\/product\/fleshlight-girls-lena-paul-nymph-vagina\/","title":{"rendered":"FLESHLIGHT GIRLS LENA PAUL NYMPH VAGINA"},"content":{"rendered":"<p>Siente cada uno de los pliegues y las texturas y curvas \u00edntimas de la famosa actriz porno Lena Paul<\/p>\n<p>Lena Paul es una belleza totalmente natural que es famosa por sus tetas y su incre\u00edble personalidad. Esta chica no solo es hermosa e inteligente, sino que tambi\u00e9n es una amante del sexo que brinda a sus seguidores actuaciones memorables en todas sus pel\u00edculas porno.<\/p>\n<p>Viaj\u00f3 mucho a Am\u00e9rica Central, pero tuvo problemas varias veces cuando su empresa no ten\u00eda suficiente dinero para pagar a todos. \u00a1As\u00ed que decidi\u00f3 recaudar fondos a trav\u00e9s de las c\u00e1maras! A medida que sus seguidores aumentaban en n\u00famero, los agentes de la industria del porno comenzaron a llamarla y enviarle mensajes. As\u00ed que pens\u00f3&#8230; \u00bfpor qu\u00e9 no? Podr\u00eda divertirse un mont\u00f3n mientras har\u00eda dinero suficiente para pagar los pr\u00e9stamos recibidos durante su \u00e9poca como estudiante, por lo que decidi\u00f3 dedicarse a ello.<\/p>\n<p>En realidad, preferir\u00eda tener la oportunidad de pasar un poco de tiempo con cada hombre y chica que la ama, \u00a1pero eso ser\u00eda imposible y consumir\u00eda mucho tiempo! Entonces, en cambio, quiere que sus fans tengan la verdadera experiencia de Lena a trav\u00e9s de su Fleshlight. Experimente las curvas y protuberancias calientes que son apropiadas para un hombre de cualquier tama\u00f1o.<\/p>\n<p>Por fuera, este masturbador masculino, tiene el\u00a0dise\u00f1o exclusivo que solo Fleshlight tiene y que lo convierte en la marca de masturbadores masculinos n\u00ba 1 del mundo por su dise\u00f1o<\/p>\n<p>Por dentro, las mangas est\u00e1n hechas de un material real\u00edstico, es como si fuera piel de verdad, adapt\u00e1ndose a la temperatura de tu cuerpo, lo que le porporcionar\u00e1 mucho mas realismo. Su dise\u00f1o\u00a0es espectacular tanto por dentro como por fuera. Su manga es una r\u00e9plica exacta de la vagina\u00a0de esta actriz, lo que lo convierte en un pieza de placer \u00fanica y super exclusiva.<\/p>\n<p>Con este masturbador obtendras la mejor experiencia de masturbaci\u00f3n para hombres. Es como si de una vagina\u00a0real se tratara<\/p>\n<p>Dispone de dos tapas, una principal, que cubre la parte exterior de la manga, y otra inferior con la que\u00a0podr\u00e1s regular el nivel de presi\u00f3n y por tanto de masturbaci\u00f3n.<\/p>\n<ul>\n<li>Manga Lena Paul<\/li>\n<li>Estilo: Vagina<\/li>\n<li>Sensaci\u00f3n Fleshlight: Nymph<\/li>\n<li>F\u00e1cil de usar y limpiar<\/li>\n<li>Material: Superskin<\/li>\n<li>Color: Carne<\/li>\n<\/ul>\n<p>SENSACI\u00d3N FLESHLIGHT: NYMPH<\/p>\n<p>Cada compartimento le dejar\u00e1 con ganas de m\u00e1s. Este producto cuenta con un dise\u00f1o especial que aumenta la succi\u00f3n, simulando sexo real y lo completa con una variedad de nodos de placer y n\u00f3dulos para aumentar la excitaci\u00f3n y aumentar su cl\u00edmax<\/p>\n<p>Fleshlight\u00ae es l\u00edder mundial en la fabricacion de masturbadores masculinos utilizando moldes de personas reales, sus grandes calidades y cualidades han dado lugar a una marca pensada para el hombre\u00a0 y su placer unica en el Mundo!!<\/p>","protected":false},"excerpt":{"rendered":"<p>Siente cada uno de los pliegues y las texturas y curvas \u00edntimas de la famosa actriz porno Lena Paul Lena Paul es una belleza totalmente natural que es famosa por sus tetas y su incre\u00edble personalidad. Esta chica no solo es hermosa e inteligente, sino que tambi\u00e9n es una amante del sexo que brinda a [&hellip;]<\/p>","protected":false},"featured_media":6338,"comment_status":"closed","ping_status":"closed","template":"","meta":{"_exactmetrics_skip_tracking":false,"_exactmetrics_sitenote_active":false,"_exactmetrics_sitenote_note":"","_exactmetrics_sitenote_category":0},"product_brand":[],"product_cat":[89],"product_tag":[52],"class_list":{"0":"post-6337","1":"product","2":"type-product","3":"status-publish","4":"has-post-thumbnail","6":"product_cat-fleshlight","7":"product_tag-fleshlight-hombre","9":"entry","10":"has-media","12":"first","13":"instock","14":"taxable","15":"shipping-taxable","16":"purchasable","17":"product-type-simple","18":"has-product-nav","19":"col","20":"span_1_of_4","21":"owp-content-center","22":"item-entry","23":"owp-thumbs-layout-horizontal","24":"owp-btn-very-big","25":"owp-tabs-layout-section","26":"has-no-thumbnails"},"_links":{"self":[{"href":"https:\/\/autoplasex.com\/en\/wp-json\/wp\/v2\/product\/6337","targetHints":{"allow":["GET"]}}],"collection":[{"href":"https:\/\/autoplasex.com\/en\/wp-json\/wp\/v2\/product"}],"about":[{"href":"https:\/\/autoplasex.com\/en\/wp-json\/wp\/v2\/types\/product"}],"replies":[{"embeddable":true,"href":"https:\/\/autoplasex.com\/en\/wp-json\/wp\/v2\/comments?post=6337"}],"version-history":[{"count":1,"href":"https:\/\/autoplasex.com\/en\/wp-json\/wp\/v2\/product\/6337\/revisions"}],"predecessor-version":[{"id":15135,"href":"https:\/\/autoplasex.com\/en\/wp-json\/wp\/v2\/product\/6337\/revisions\/15135"}],"wp:featuredmedia":[{"embeddable":true,"href":"https:\/\/autoplasex.com\/en\/wp-json\/wp\/v2\/media\/6338"}],"wp:attachment":[{"href":"https:\/\/autoplasex.com\/en\/wp-json\/wp\/v2\/media?parent=6337"}],"wp:term":[{"taxonomy":"product_brand","embeddable":true,"href":"https:\/\/autoplasex.com\/en\/wp-json\/wp\/v2\/product_brand?post=6337"},{"taxonomy":"product_cat","embeddable":true,"href":"https:\/\/autoplasex.com\/en\/wp-json\/wp\/v2\/product_cat?post=6337"},{"taxonomy":"product_tag","embeddable":true,"href":"https:\/\/autoplasex.com\/en\/wp-json\/wp\/v2\/product_tag?post=6337"}],"curies":[{"name":"wp","href":"https:\/\/api.w.org\/{rel}","templated":true}]}}