{"id":6658,"date":"2020-04-30T15:40:06","date_gmt":"2020-04-30T15:40:06","guid":{"rendered":"https:\/\/autoplasex.com\/producto\/womanizer-premium-estimulador-clitoris-blueberry\/"},"modified":"2020-05-18T20:24:35","modified_gmt":"2020-05-18T20:24:35","slug":"womanizer-premium-estimulador-clitoris-blueberry","status":"publish","type":"product","link":"https:\/\/autoplasex.com\/en\/product\/womanizer-premium-estimulador-clitoris-blueberry\/","title":{"rendered":"WOMANIZER PREMIUM ESTIMULADOR CLITORIS BLUEBERRY"},"content":{"rendered":"<p>El Womanizer Premium es la combinaci&oacute;n ideal de nueva tecnolog&iacute;a con un dise&ntilde;o de alta calidad. la tecnolog&iacute;a Pleasure Air funciona estimulando el cl&iacute;toris con 12 niveles de intensidad que va de m&aacute;s suave a m&aacute;s potente.&nbsp;<\/p>\n<p>La nueva funci&oacute;n Autopilot crea una nueva experiencia en cada uso, personaliza seleccionando varios modos de estimulaci&oacute;n e intensidades creando una experiencia &uacute;nica cada vez que se usa. Adem&aacute;s es super silencioso.<\/p>\n<p>El Womanizer Premium no se enciende hasta que casi roza tu piel y se apaga en el momento que lo alejas. NO tienes que preocuparte de tener que apagarlo r&aacute;pidamente si lo necesitas con esta funci&oacute;n tan discreta. Es 100% sumergible lo que adem&aacute;s de hacer que puedas emplearlo en el ba&ntilde;o, hace que puedas limpiarlo f&aacute;cilmente.&nbsp;<\/p>\n<p>PLEASURE AIR&trade; TECHNOLOGY<\/p>\n<ul>\n<li>Nuestra tecnolog&iacute;a Pleasure Air ofrece un toque delicioso. UNa placentera succi&oacute;n y agradable masaje de olas de aire te llevar&aacute; a un nuevo tipo de experiencia orgasmica. Relajate y disfruta de olas de placer.&nbsp;<\/li>\n<\/ul>\n<p>12 NIVELES DE INTENSIDAD<\/p>\n<ul>\n<li>Tanto si est&aacute;s buscando un nivel suave o super potente o entre medio, en tu siguiente orgamos, tan solo tienes que presionar un bot&oacute;n u otro<\/li>\n<\/ul>\n<p>AUTOPILOT<\/p>\n<ul>\n<li>Relajate y deja que el modo Autopilot haga el resto. Una vez que est&aacute; actvado, la estimulaci&oacute;n e intensidad varian dentro del modo seleccionado para que puedas vivir una experiencia &uacute;nica cada vez que lo uses.&nbsp;<\/li>\n<\/ul>\n<p>100% SUMERGIBLE<\/p>\n<ul>\n<li>El womanizer Premium es 100%&nbsp;sumergible.&nbsp;<\/li>\n<\/ul>\n<p>SILENCIO INTELIGENTE<\/p>\n<ul>\n<li>Su silencio comienza exactamente desde el momento que empiezas a usarlo. Gracias a su sensor s&oacute;lo se enciende en el momento que est&aacute; cerca de tu piel.<\/li>\n<\/ul>\n<p>CARGA MAGNETICA<\/p>\n<ul>\n<li>No necesita bater&iacute;as ya que viene con un pin de carga USB magn&eacute;tico<\/li>\n<\/ul>\n<p>Como funciona:&nbsp;<\/p>\n<ul>\n<li>1 Separa los labios hasta que quede el cl&iacute;toris expuesto.&nbsp;<\/li>\n<li>2 Pon el cl&iacute;toris dentro del cabezal de estimulaci&oacute;n&nbsp;<\/li>\n<li>3 Descubre nuevos niveles de orgmasmicas intensidades y experiencias 100% placenteras<\/li>\n<\/ul>","protected":false},"excerpt":{"rendered":"<p>En primer lugar debo decir que los Succionadores de cl\u00edtoris son placer asegurado. Ciertamente el aliado perfecto para tener orgasmos muy intensos en intervalos muy breves. Esto es posible porque se estimulan  las  m\u00e1s de 8000 terminaciones nerviosas de tu PUNTO C simult\u00e1neamente. \u00a1\u00bfTe das cuenta?! 8000 puntos de placer en menos de un cent\u00edmetro cuadrado. Y esto es debido a sus impulsos de aire que se expanden por la zona er\u00f3gena igual que las hondas del agua cuando lanzas una piedra. Como consecuencia tiene una mayor atracci\u00f3n de sangre hacia el cl\u00edtoris haci\u00e9ndolo m\u00e1s sensible, m\u00e1s grande y por tanto m\u00e1s excitable y placentero. Mientras tanto, otras partes muy sensibles de la zona genital tambi\u00e9n se ven favorecidas por dichas hondas provocando un estallido org\u00e1smico. Succionadores de cl\u00edtoris. Placer asegurado. Juguete femenino dise\u00f1ado para este fin y cumpliendo a raja tabla su l\u00fadico y excitante cometido. Marcas como Satisfyer, Lelo, Womanizer, Svakom y otras muchas m\u00e1s se est\u00e1n especializando en su desarrollo y con un tremendo \u00e9xito comercial. Como consecuencia de su efectividad, se ha hecho un fen\u00f3meno de masas con un sin fin de modelos, tama\u00f1os y colores. Probablemente ya tengas uno en casa y si no es tu caso, ya est\u00e1s tardando en comprarlo. Placer asegurado. Y amortizado! Porque de entre los 20 hasta los 200\u20ac que puedes encontrarlos hay una gran variedad. Velocidad, potencia, succi\u00f3n, vibraci\u00f3n, grandes, peque\u00f1os, ergon\u00f3micos\u2026 pero todos coinciden en que dejan un trabajo bien hecho.<br \/>\nAs\u00ed es que no olvides\u2026<br \/>\n&#8230;SUCCINADORES DE CL\u00cdTORIS. PLACER ASEGURADO.<\/p>","protected":false},"featured_media":6659,"comment_status":"closed","ping_status":"closed","template":"","meta":{"_exactmetrics_skip_tracking":false,"_exactmetrics_sitenote_active":false,"_exactmetrics_sitenote_note":"","_exactmetrics_sitenote_category":0},"product_brand":[],"product_cat":[75,137],"product_tag":[],"class_list":{"0":"post-6658","1":"product","2":"type-product","3":"status-publish","4":"has-post-thumbnail","6":"product_cat-succionadores-de-clitoris-placer-asegurado","7":"product_cat-womanizer","9":"entry","10":"has-media","12":"first","13":"instock","14":"sale","15":"taxable","16":"shipping-taxable","17":"purchasable","18":"product-type-simple","19":"has-product-nav","20":"col","21":"span_1_of_4","22":"owp-content-center","23":"item-entry","24":"owp-thumbs-layout-horizontal","25":"owp-btn-very-big","26":"owp-tabs-layout-section","27":"has-no-thumbnails"},"_links":{"self":[{"href":"https:\/\/autoplasex.com\/en\/wp-json\/wp\/v2\/product\/6658","targetHints":{"allow":["GET"]}}],"collection":[{"href":"https:\/\/autoplasex.com\/en\/wp-json\/wp\/v2\/product"}],"about":[{"href":"https:\/\/autoplasex.com\/en\/wp-json\/wp\/v2\/types\/product"}],"replies":[{"embeddable":true,"href":"https:\/\/autoplasex.com\/en\/wp-json\/wp\/v2\/comments?post=6658"}],"version-history":[{"count":0,"href":"https:\/\/autoplasex.com\/en\/wp-json\/wp\/v2\/product\/6658\/revisions"}],"wp:featuredmedia":[{"embeddable":true,"href":"https:\/\/autoplasex.com\/en\/wp-json\/wp\/v2\/media\/6659"}],"wp:attachment":[{"href":"https:\/\/autoplasex.com\/en\/wp-json\/wp\/v2\/media?parent=6658"}],"wp:term":[{"taxonomy":"product_brand","embeddable":true,"href":"https:\/\/autoplasex.com\/en\/wp-json\/wp\/v2\/product_brand?post=6658"},{"taxonomy":"product_cat","embeddable":true,"href":"https:\/\/autoplasex.com\/en\/wp-json\/wp\/v2\/product_cat?post=6658"},{"taxonomy":"product_tag","embeddable":true,"href":"https:\/\/autoplasex.com\/en\/wp-json\/wp\/v2\/product_tag?post=6658"}],"curies":[{"name":"wp","href":"https:\/\/api.w.org\/{rel}","templated":true}]}}