{"id":6843,"date":"2020-05-02T22:15:09","date_gmt":"2020-05-02T22:15:09","guid":{"rendered":"https:\/\/autoplasex.com\/producto\/3some-rock-nride-remote-control-vibrator-2\/"},"modified":"2020-05-07T07:43:13","modified_gmt":"2020-05-07T07:43:13","slug":"3some-rock-nride-remote-control-vibrator-2","status":"publish","type":"product","link":"https:\/\/autoplasex.com\/en\/product\/3some-rock-nride-remote-control-vibrator-2\/","title":{"rendered":"3SOME ROCK N&#8217;RIDE REMOTE CONTROL VIBRATOR"},"content":{"rendered":"","protected":false},"excerpt":{"rendered":"<p>3Some es una colecci\u00f3n con una est\u00e9tica muy cuidada y atrevida creada para los aficionados al placer que anhelan emoci\u00f3n y satisfacci\u00f3n sexual. La colecci\u00f3n 3Some pone la diversi\u00f3n con art\u00edculos \u00edntimos e inteligentes que ofrecen incre\u00edbles sensaciones. Te atreves a probar?<\/p>\n<p>Funcines:<\/p>\n<ul>\n<li>Multifunci\u00f3n<\/li>\n<li>Motores duales<\/li>\n<li>7 niveles<\/li>\n<li>3 velocidades<\/li>\n<li>Silicona Elite<\/li>\n<li>Recargable<\/li>\n<li>Mando a distancia inal\u00e1mbrico magn\u00e9tico<\/li>\n<li>Correa de posicionamiento<\/li>\n<li>Potente ventosa<\/li>\n<li>Medidas:\n<ul>\n<li>Largo insertable: 13.2\u00a0cm<\/li>\n<li>Di\u00e1metro: 3.7 cm<\/li>\n<\/ul>\n<\/li>\n<\/ul>","protected":false},"featured_media":3927,"comment_status":"closed","ping_status":"closed","template":"","meta":{"_exactmetrics_skip_tracking":false,"_exactmetrics_sitenote_active":false,"_exactmetrics_sitenote_note":"","_exactmetrics_sitenote_category":0},"product_brand":[],"product_cat":[74],"product_tag":[],"class_list":{"0":"post-6843","1":"product","2":"type-product","3":"status-publish","4":"has-post-thumbnail","6":"product_cat-punto-g","8":"entry","9":"has-media","11":"first","12":"instock","13":"taxable","14":"shipping-taxable","15":"purchasable","16":"product-type-simple","17":"has-product-nav","18":"col","19":"span_1_of_4","20":"owp-content-center","21":"item-entry","22":"owp-thumbs-layout-horizontal","23":"owp-btn-very-big","24":"owp-tabs-layout-section","25":"has-no-thumbnails"},"_links":{"self":[{"href":"https:\/\/autoplasex.com\/en\/wp-json\/wp\/v2\/product\/6843","targetHints":{"allow":["GET"]}}],"collection":[{"href":"https:\/\/autoplasex.com\/en\/wp-json\/wp\/v2\/product"}],"about":[{"href":"https:\/\/autoplasex.com\/en\/wp-json\/wp\/v2\/types\/product"}],"replies":[{"embeddable":true,"href":"https:\/\/autoplasex.com\/en\/wp-json\/wp\/v2\/comments?post=6843"}],"version-history":[{"count":0,"href":"https:\/\/autoplasex.com\/en\/wp-json\/wp\/v2\/product\/6843\/revisions"}],"wp:featuredmedia":[{"embeddable":true,"href":"https:\/\/autoplasex.com\/en\/wp-json\/wp\/v2\/media\/3927"}],"wp:attachment":[{"href":"https:\/\/autoplasex.com\/en\/wp-json\/wp\/v2\/media?parent=6843"}],"wp:term":[{"taxonomy":"product_brand","embeddable":true,"href":"https:\/\/autoplasex.com\/en\/wp-json\/wp\/v2\/product_brand?post=6843"},{"taxonomy":"product_cat","embeddable":true,"href":"https:\/\/autoplasex.com\/en\/wp-json\/wp\/v2\/product_cat?post=6843"},{"taxonomy":"product_tag","embeddable":true,"href":"https:\/\/autoplasex.com\/en\/wp-json\/wp\/v2\/product_tag?post=6843"}],"curies":[{"name":"wp","href":"https:\/\/api.w.org\/{rel}","templated":true}]}}