{"id":7240,"date":"2020-05-03T09:10:38","date_gmt":"2020-05-03T09:10:38","guid":{"rendered":"https:\/\/autoplasex.com\/producto\/fetish-fantasy-series-vibrador-master-glande-2\/"},"modified":"2020-05-09T11:57:30","modified_gmt":"2020-05-09T11:57:30","slug":"fetish-fantasy-series-vibrador-master-glande-2","status":"publish","type":"product","link":"https:\/\/autoplasex.com\/en\/product\/fetish-fantasy-series-vibrador-master-glande-2\/","title":{"rendered":"FETISH FANTASY SERIES  VIBRADOR MASTER GLANDE"},"content":{"rendered":"<p>Estimulador de Glande.<\/p>\n<p>Con solo pulsar un bot\u00f3n, el Vibrating Silicone Head Master, se envuelve en el glande y genera pulsaciones alucinantes. Contiene unas suaves aletas de silicona y diez tipos distintos de masajes que te proporcionar\u00e1n un gran placer cada vez que lo enciendas. Adem\u00e1s, es sumergible y puedes usarlo y disfrutar de \u00e9l en la ducha, Spa o piscina.<\/p>\n<p>Limpiar despu\u00e9s de usar con Pipedream Toy Cleaner y agua tibia.<\/p>\n<ul>\n<li>10 tipos de pulsaciones.<\/li>\n<li>Hecho de un silicona super suave.<\/li>\n<li>Estimulaci\u00f3n directa en el frenillo.<\/li>\n<li>Sumergible.<\/li>\n<li>Se incluye antifaz, loci\u00f3n y limpiador.<\/li>\n<li>Longitud: 12.7 cm (interior: 10 cm)<\/li>\n<li>Ancho: 5 cm ( interior: 4.5 cm)<\/li>\n<li>Peso: 56.6 gr<\/li>\n<\/ul>\n<p style=\"text-align: center;\">\n<p style=\"text-align: center;\"><iframe src=\"https:\/\/player.vimeo.com\/video\/164120801\" width=\"700\" height=\"400\" frameborder=\"0\" allowfullscreen=\"allowfullscreen\"><\/iframe><\/p>","protected":false},"excerpt":{"rendered":"<p>Estimulador de Glande. Con solo pulsar un bot\u00f3n, el Vibrating Silicone Head Master, se envuelve en el glande y genera pulsaciones alucinantes. Contiene unas suaves aletas de silicona y diez tipos distintos de masajes que te proporcionar\u00e1n un gran placer cada vez que lo enciendas. Adem\u00e1s, es sumergible y puedes usarlo y disfrutar de \u00e9l [&hellip;]<\/p>","protected":false},"featured_media":3835,"comment_status":"closed","ping_status":"closed","template":"","meta":{"_exactmetrics_skip_tracking":false,"_exactmetrics_sitenote_active":false,"_exactmetrics_sitenote_note":"","_exactmetrics_sitenote_category":0},"product_brand":[],"product_cat":[71],"product_tag":[],"class_list":{"0":"post-7240","1":"product","2":"type-product","3":"status-publish","4":"has-post-thumbnail","6":"product_cat-masturbadores","8":"entry","9":"has-media","11":"first","12":"instock","13":"taxable","14":"shipping-taxable","15":"purchasable","16":"product-type-simple","17":"has-product-nav","18":"col","19":"span_1_of_4","20":"owp-content-center","21":"item-entry","22":"owp-thumbs-layout-horizontal","23":"owp-btn-very-big","24":"owp-tabs-layout-section","25":"has-no-thumbnails"},"_links":{"self":[{"href":"https:\/\/autoplasex.com\/en\/wp-json\/wp\/v2\/product\/7240","targetHints":{"allow":["GET"]}}],"collection":[{"href":"https:\/\/autoplasex.com\/en\/wp-json\/wp\/v2\/product"}],"about":[{"href":"https:\/\/autoplasex.com\/en\/wp-json\/wp\/v2\/types\/product"}],"replies":[{"embeddable":true,"href":"https:\/\/autoplasex.com\/en\/wp-json\/wp\/v2\/comments?post=7240"}],"version-history":[{"count":1,"href":"https:\/\/autoplasex.com\/en\/wp-json\/wp\/v2\/product\/7240\/revisions"}],"predecessor-version":[{"id":12717,"href":"https:\/\/autoplasex.com\/en\/wp-json\/wp\/v2\/product\/7240\/revisions\/12717"}],"wp:featuredmedia":[{"embeddable":true,"href":"https:\/\/autoplasex.com\/en\/wp-json\/wp\/v2\/media\/3835"}],"wp:attachment":[{"href":"https:\/\/autoplasex.com\/en\/wp-json\/wp\/v2\/media?parent=7240"}],"wp:term":[{"taxonomy":"product_brand","embeddable":true,"href":"https:\/\/autoplasex.com\/en\/wp-json\/wp\/v2\/product_brand?post=7240"},{"taxonomy":"product_cat","embeddable":true,"href":"https:\/\/autoplasex.com\/en\/wp-json\/wp\/v2\/product_cat?post=7240"},{"taxonomy":"product_tag","embeddable":true,"href":"https:\/\/autoplasex.com\/en\/wp-json\/wp\/v2\/product_tag?post=7240"}],"curies":[{"name":"wp","href":"https:\/\/api.w.org\/{rel}","templated":true}]}}