{"id":766,"date":"2020-04-28T15:20:01","date_gmt":"2020-04-28T15:20:01","guid":{"rendered":"https:\/\/autoplasex.com\/producto\/b-vibe-novice-control-remoto-anal-plug-fuchsia\/"},"modified":"2020-05-10T22:56:16","modified_gmt":"2020-05-10T22:56:16","slug":"b-vibe-novice-control-remoto-anal-plug-fuchsia","status":"publish","type":"product","link":"https:\/\/autoplasex.com\/en\/product\/b-vibe-novice-control-remoto-anal-plug-fuchsia\/","title":{"rendered":"B-VIBE NOVICE CONTROL REMOTO ANAL PLUG FUCHSIA"},"content":{"rendered":"<p>Si eres nuevo y abierto al juego anal, este plug es fant\u00e1stico para comenzar f\u00e1cilmente, El Novice Plug es un peque\u00f1o plug anal vibrador dise\u00f1ado para principiantes o avanzados que buscan un tama\u00f1o peque\u00f1o.<\/p>\n<p><strong>Tama\u00f1o reducido como un dedo<\/strong>. El plug anal de fuerte vibraci\u00f3n empieza con el tama\u00f1o de un dedo para insertar f\u00e1cilmente y va avanzando en tama\u00f1o en funci\u00f3n al deseo.<\/p>\n<ul>\n<li><strong>Vibraci\u00f3n para placer y relajaci\u00f3n <\/strong>\u2014 El emocionante placer de la vibraci\u00f3n ayuda a la relajaci\u00f3n de los m\u00fasculos alrededor del ano. El Novice Plug incluye 6 niveles de intensidad y 15 modos de vibraci\u00f3n que ayudan a experimentar una sensaci\u00f3n anal \u00fanica<\/li>\n<li><strong>100% Body Safe<\/strong>\u00a0\u2014 The Novice Plug est\u00e1 fabricado en silicona premium suave y sedosa, es 100 hipoalerg\u00e9nico, libre de phalatos, libre de latex y no poroso.<\/li>\n<li><strong>No solo para hombres Gays<\/strong>\u00a0\u2014 \u00a0El maravilloso mundo del placer anal no solo ha sido descubierto en la historia por hombres gays, millones de hombres heterosexuales han avanzado en su sexualidad para descubrir que el placer sexual tambi\u00e9n est\u00e1 en la zona anal.<\/li>\n<li><strong>\u00a0Control remoto<\/strong>\u00a0\u2014 El Novice Plug viene dotado un control remoto f\u00e1cil de usar y que trabaja con hasta 30 formas diferentes. As\u00ed que experim\u00e9ntalo solo o en pareja, lo puedes usar en una relaci\u00f3n sexual o como juego en p\u00fablico. Oportunidades infinitas.<\/li>\n<li><strong>USB Bateria recargable<\/strong>\u00a0\u2014 Accionado con la CR2032 Lithium , ofrece unas dos horas de juego anal con la bater\u00eda cargada. El indicador inteligente de bater\u00eda hace que la luz parpadee cuando necesita bater\u00eda.<\/li>\n<li><strong>Sumergible a primer nivel<\/strong>\u00a0\u2014 El Novice Plug est\u00e1 dise\u00f1ado para usar bajo la ducha, pero no es v\u00e1lido para sumergirlo bajo el agua.<\/li>\n<li><strong>Discreto para viajes\u00a0<\/strong>\u2014 El Novice Plug incorpora una bolsa discreta de viajes y adem\u00e1s el vibrador tiene un bloqueo que ayuda a que no se acciones por error en ninguna situaci\u00f3n.<\/li>\n<li><strong>1-a\u00f1o de garant\u00eda <\/strong>\u2014 Nuestra garant\u00eda protege a tu juguete de defectos en materiales o mal funcionamiento por 1 a\u00f1o<\/li>\n<li><strong>Gratis gu\u00eda de juego anal\u00a0<\/strong>\u2014 Nosotros creemos que tu juego anal debe ser 100% satisfactorio. Por esto incluimos una peque\u00f1a gu\u00eda para jugar con B-vibe de la mejor forma y sacarle el m\u00e1ximo rendimiento.<\/li>\n<\/ul>\n<p>La revista Men\u00b4s Health\u00a0 y Brides han nombrado a nuestros juguetes como el mejor sextoy .<\/p>\n<p style=\"text-align: center;\"><iframe src=\"https:\/\/www.youtube.com\/embed\/ocm-paWOemQ?rel=0&amp;controls=0&amp;showinfo=0\" width=\"700\" height=\"400\" frameborder=\"0\" scrolling=\"no\" allowfullscreen=\"allowfullscreen\"><\/iframe><\/p>","protected":false},"excerpt":{"rendered":"<p>Si eres nuevo y abierto al juego anal, este plug es fant\u00e1stico para comenzar f\u00e1cilmente, El Novice Plug es un peque\u00f1o plug anal vibrador dise\u00f1ado para principiantes o avanzados que buscan un tama\u00f1o peque\u00f1o. Tama\u00f1o reducido como un dedo. El plug anal de fuerte vibraci\u00f3n empieza con el tama\u00f1o de un dedo para insertar f\u00e1cilmente [&hellip;]<\/p>","protected":false},"featured_media":767,"comment_status":"closed","ping_status":"closed","template":"","meta":{"_exactmetrics_skip_tracking":false,"_exactmetrics_sitenote_active":false,"_exactmetrics_sitenote_note":"","_exactmetrics_sitenote_category":0},"product_brand":[],"product_cat":[70],"product_tag":[],"class_list":{"0":"post-766","1":"product","2":"type-product","3":"status-publish","4":"has-post-thumbnail","6":"product_cat-plug-anal","8":"entry","9":"has-media","11":"first","12":"instock","13":"taxable","14":"shipping-taxable","15":"purchasable","16":"product-type-simple","17":"has-product-nav","18":"col","19":"span_1_of_4","20":"owp-content-center","21":"item-entry","22":"owp-thumbs-layout-horizontal","23":"owp-btn-very-big","24":"owp-tabs-layout-section","25":"has-no-thumbnails"},"_links":{"self":[{"href":"https:\/\/autoplasex.com\/en\/wp-json\/wp\/v2\/product\/766","targetHints":{"allow":["GET"]}}],"collection":[{"href":"https:\/\/autoplasex.com\/en\/wp-json\/wp\/v2\/product"}],"about":[{"href":"https:\/\/autoplasex.com\/en\/wp-json\/wp\/v2\/types\/product"}],"replies":[{"embeddable":true,"href":"https:\/\/autoplasex.com\/en\/wp-json\/wp\/v2\/comments?post=766"}],"version-history":[{"count":0,"href":"https:\/\/autoplasex.com\/en\/wp-json\/wp\/v2\/product\/766\/revisions"}],"wp:featuredmedia":[{"embeddable":true,"href":"https:\/\/autoplasex.com\/en\/wp-json\/wp\/v2\/media\/767"}],"wp:attachment":[{"href":"https:\/\/autoplasex.com\/en\/wp-json\/wp\/v2\/media?parent=766"}],"wp:term":[{"taxonomy":"product_brand","embeddable":true,"href":"https:\/\/autoplasex.com\/en\/wp-json\/wp\/v2\/product_brand?post=766"},{"taxonomy":"product_cat","embeddable":true,"href":"https:\/\/autoplasex.com\/en\/wp-json\/wp\/v2\/product_cat?post=766"},{"taxonomy":"product_tag","embeddable":true,"href":"https:\/\/autoplasex.com\/en\/wp-json\/wp\/v2\/product_tag?post=766"}],"curies":[{"name":"wp","href":"https:\/\/api.w.org\/{rel}","templated":true}]}}