{"id":794,"date":"2020-04-28T15:21:34","date_gmt":"2020-04-28T15:21:34","guid":{"rendered":"https:\/\/autoplasex.com\/producto\/pretty-love-alice-bolas-kegel\/"},"modified":"2020-05-10T22:56:12","modified_gmt":"2020-05-10T22:56:12","slug":"pretty-love-alice-bolas-kegel","status":"publish","type":"product","link":"https:\/\/autoplasex.com\/en\/product\/pretty-love-alice-bolas-kegel\/","title":{"rendered":"PRETTY LOVE ALICE BOLAS KEGEL"},"content":{"rendered":"<p>Hay muchos beneficios usando estas maravillosas bolas Kegel. Estas suaves y\u00a0ovaladas bolas est\u00e1n envueltas en una cubierta\u00a0de silicona blanca\u00a0con un cord\u00f3n\u00a0acabado en forma de peque\u00f1o coraz\u00f3n. Cada bola cuenta con\u00a0peque\u00f1o peso interior que se mueve dentro de la bolita.<\/p>\n<p>Simplemente introduce las bolas, col\u00f3calas bien en el sitio adecuado usando el cord\u00f3n de silicona. Cuando te muevas\u00a0las pesas interiores encajar\u00e1n y golpear\u00e1n, contrayendo los m\u00fasculos.\u00a0Estas contracciones despertar\u00e1n tus sentidos y fortalecer\u00e1n\u00a0los m\u00fasculos de la vagina.<\/p>\n<p>Este juego de bolas Kegel incluye una bola individual y una doble bola, ideal para los principiantes para empezar poco a poco, ampliando la experiencia.<\/p>\n<p>Material: Silicona<br \/>\nMedidas: Ver foto<\/p>","protected":false},"excerpt":{"rendered":"<p>Hay muchos beneficios usando estas maravillosas bolas Kegel. Estas suaves y\u00a0ovaladas bolas est\u00e1n envueltas en una cubierta\u00a0de silicona blanca\u00a0con un cord\u00f3n\u00a0acabado en forma de peque\u00f1o coraz\u00f3n. Cada bola cuenta con\u00a0peque\u00f1o peso interior que se mueve dentro de la bolita. Simplemente introduce las bolas, col\u00f3calas bien en el sitio adecuado usando el cord\u00f3n de silicona. Cuando [&hellip;]<\/p>","protected":false},"featured_media":795,"comment_status":"closed","ping_status":"closed","template":"","meta":{"_exactmetrics_skip_tracking":false,"_exactmetrics_sitenote_active":false,"_exactmetrics_sitenote_note":"","_exactmetrics_sitenote_category":0},"product_brand":[],"product_cat":[82,27],"product_tag":[],"class_list":{"0":"post-794","1":"product","2":"type-product","3":"status-publish","4":"has-post-thumbnail","6":"product_cat-bolas-kegel","7":"product_cat-traviesas","9":"entry","10":"has-media","12":"first","13":"instock","14":"taxable","15":"shipping-taxable","16":"purchasable","17":"product-type-simple","18":"has-product-nav","19":"col","20":"span_1_of_4","21":"owp-content-center","22":"item-entry","23":"owp-thumbs-layout-horizontal","24":"owp-btn-very-big","25":"owp-tabs-layout-section","26":"has-no-thumbnails"},"_links":{"self":[{"href":"https:\/\/autoplasex.com\/en\/wp-json\/wp\/v2\/product\/794","targetHints":{"allow":["GET"]}}],"collection":[{"href":"https:\/\/autoplasex.com\/en\/wp-json\/wp\/v2\/product"}],"about":[{"href":"https:\/\/autoplasex.com\/en\/wp-json\/wp\/v2\/types\/product"}],"replies":[{"embeddable":true,"href":"https:\/\/autoplasex.com\/en\/wp-json\/wp\/v2\/comments?post=794"}],"version-history":[{"count":0,"href":"https:\/\/autoplasex.com\/en\/wp-json\/wp\/v2\/product\/794\/revisions"}],"wp:featuredmedia":[{"embeddable":true,"href":"https:\/\/autoplasex.com\/en\/wp-json\/wp\/v2\/media\/795"}],"wp:attachment":[{"href":"https:\/\/autoplasex.com\/en\/wp-json\/wp\/v2\/media?parent=794"}],"wp:term":[{"taxonomy":"product_brand","embeddable":true,"href":"https:\/\/autoplasex.com\/en\/wp-json\/wp\/v2\/product_brand?post=794"},{"taxonomy":"product_cat","embeddable":true,"href":"https:\/\/autoplasex.com\/en\/wp-json\/wp\/v2\/product_cat?post=794"},{"taxonomy":"product_tag","embeddable":true,"href":"https:\/\/autoplasex.com\/en\/wp-json\/wp\/v2\/product_tag?post=794"}],"curies":[{"name":"wp","href":"https:\/\/api.w.org\/{rel}","templated":true}]}}