{"id":946,"date":"2020-04-28T15:25:21","date_gmt":"2020-04-28T15:25:21","guid":{"rendered":"https:\/\/autoplasex.com\/producto\/screaming-o-dedal-recargable-fing-o-azul\/"},"modified":"2020-05-10T22:55:36","modified_gmt":"2020-05-10T22:55:36","slug":"screaming-o-dedal-recargable-fing-o-azul","status":"publish","type":"product","link":"https:\/\/autoplasex.com\/en\/product\/screaming-o-dedal-recargable-fing-o-azul\/","title":{"rendered":"SCREAMING O DEDAL RECARGABLE FING O AZUL"},"content":{"rendered":"<p>A\u00f1ade placer en la punta de tus dedos  con el dedal Fing O, un mini pero potente dedal impulsado por las prestigiosas balas Vooom que te proporcionar\u00e1 increibles vibraciones. dedal Fing O es recargable y con sus profundas vibraciones se convertir\u00e1 en tu juguete sexual favorito.<\/p>\n<p>Es pequ\u00f1oi, port\u00e1til y podr\u00e1s usarlo donde quieras, incluso en el ba\u00f1o o en la ducha. Tan s\u00f3lo colocalo en tu dedo, masajea tus zonas favoritas y d\u00e9jate llevar por sus increibles vibraciones.<\/p>\n<p>Es USB recargable(cable incluido) y y bater\u00eda es de larga duraci\u00f3n. En su nivel mas alto de vibraci\u00f3n (dispone de diez intensidades), \u00a1dura hasta mas de 60 minutos funcionando!<\/p>\n<p>Caracter\u00edsticas.<\/p>\n<ul>\n<li>Dedal recargable<\/li>\n<li>A\u00f1ade estimualci\u00f3n vibradora en cualquier posici\u00f3n.<\/li>\n<li>10 funciones de vibraci\u00f3n.<\/li>\n<li>Body-safe<\/li>\n<li>Libre de ftalatos<\/li>\n<li>Longitud: 7 cm<\/li>\n<li>Material: Azul<\/li>\n<\/ul>","protected":false},"excerpt":{"rendered":"<p>A\u00f1ade placer en la punta de tus dedos con el dedal Fing O, un mini pero potente dedal impulsado por las prestigiosas balas Vooom que te proporcionar\u00e1 increibles vibraciones. dedal Fing O es recargable y con sus profundas vibraciones se convertir\u00e1 en tu juguete sexual favorito. Es pequ\u00f1oi, port\u00e1til y podr\u00e1s usarlo donde quieras, incluso [&hellip;]<\/p>","protected":false},"featured_media":947,"comment_status":"closed","ping_status":"open","template":"","meta":{"_exactmetrics_skip_tracking":false,"_exactmetrics_sitenote_active":false,"_exactmetrics_sitenote_note":"","_exactmetrics_sitenote_category":0},"product_brand":[],"product_cat":[85],"product_tag":[],"class_list":{"0":"post-946","1":"product","2":"type-product","3":"status-publish","4":"has-post-thumbnail","6":"product_cat-masajeadores","8":"entry","9":"has-media","11":"first","12":"instock","13":"taxable","14":"shipping-taxable","15":"purchasable","16":"product-type-simple","17":"has-product-nav","18":"col","19":"span_1_of_4","20":"owp-content-center","21":"item-entry","22":"owp-thumbs-layout-horizontal","23":"owp-btn-very-big","24":"owp-tabs-layout-section","25":"has-no-thumbnails"},"_links":{"self":[{"href":"https:\/\/autoplasex.com\/en\/wp-json\/wp\/v2\/product\/946","targetHints":{"allow":["GET"]}}],"collection":[{"href":"https:\/\/autoplasex.com\/en\/wp-json\/wp\/v2\/product"}],"about":[{"href":"https:\/\/autoplasex.com\/en\/wp-json\/wp\/v2\/types\/product"}],"replies":[{"embeddable":true,"href":"https:\/\/autoplasex.com\/en\/wp-json\/wp\/v2\/comments?post=946"}],"version-history":[{"count":0,"href":"https:\/\/autoplasex.com\/en\/wp-json\/wp\/v2\/product\/946\/revisions"}],"wp:featuredmedia":[{"embeddable":true,"href":"https:\/\/autoplasex.com\/en\/wp-json\/wp\/v2\/media\/947"}],"wp:attachment":[{"href":"https:\/\/autoplasex.com\/en\/wp-json\/wp\/v2\/media?parent=946"}],"wp:term":[{"taxonomy":"product_brand","embeddable":true,"href":"https:\/\/autoplasex.com\/en\/wp-json\/wp\/v2\/product_brand?post=946"},{"taxonomy":"product_cat","embeddable":true,"href":"https:\/\/autoplasex.com\/en\/wp-json\/wp\/v2\/product_cat?post=946"},{"taxonomy":"product_tag","embeddable":true,"href":"https:\/\/autoplasex.com\/en\/wp-json\/wp\/v2\/product_tag?post=946"}],"curies":[{"name":"wp","href":"https:\/\/api.w.org\/{rel}","templated":true}]}}